{"id":32992,"date":"2025-07-08T16:18:23","date_gmt":"2025-07-08T16:18:23","guid":{"rendered":"https:\/\/megalicdb.rs\/?post_type=product&#038;p=32992"},"modified":"2025-07-11T08:55:47","modified_gmt":"2025-07-11T08:55:47","slug":"istorija-nasilja-eduar-luj","status":"publish","type":"product","link":"https:\/\/megalicdb.rs\/?product=istorija-nasilja-eduar-luj","title":{"rendered":"Istorija nasilja Eduar Luj"},"content":{"rendered":"<p>\u201eLujeva izuzetna knji\u017eevna snaga le\u017ei u njegovim strastvenim ose\u0107anjima, na granici opsesije, ali i u filozofskom obrtu misli kojim istra\u017euje sopstvena ose\u0107anja.\u201c\u00a0<em>Guardian<\/em><\/p>\n<p>Sa dvadeset godina, pisca ovog autobiografskog romana oplja\u010dkao je, silovao i poku\u0161ao da ubije mladi\u0107 koga je na Badnje ve\u010de pozvao u svoj stan. Nakon toga on odlazi kod sestre u Pikardiju, gde iz prikrajka slu\u0161a njenu verziju nemilog doga\u0111aja, koju izla\u017ee svom suprugu. To je jedna od mnogih scena u kojima \u0107e Eduar slu\u0161ati kako drugi \u2013 medicinsko osoblje, policija\u2026 \u2013 projektuju svoje strahove i predrasude na njegovo iskustvo nasilja. Njegovi poku\u0161aji da povrati kontrolu nad sopstvenom pro\u0161lo\u0161\u0107u dove\u0161\u0107e do o\u0161troumnih uvida u to kako se nasilje reprodukuje unutar zajednice.<\/p>\n<p>\u201eU svom drugom romanu mladi autor o\u017eivljava misticizam i snagu anti\u010dke tragedije, i potvr\u0111uje svoje ume\u0107e izvo\u0111enja stvarnosti na scenu.\u201c\u00a0<em>T\u00e9l\u00e9rama<\/em><\/p>\n<p>\u201eLuj ne poseduje samo mladala\u010dki bunt, on je istinski knji\u017eevni fenomen.\u201c\u00a0<em>Times<\/em><\/p>\n","protected":false},"excerpt":{"rendered":"<p>\u201eLujeva izuzetna knji\u017eevna snaga le\u017ei u njegovim strastvenim ose\u0107anjima, na granici opsesije, ali i u filozofskom obrtu misli kojim istra\u017euje<\/p>\n","protected":false},"featured_media":32993,"comment_status":"open","ping_status":"closed","template":"","meta":[],"product_brand":[],"product_cat":[411,324,417],"product_tag":[],"class_list":{"0":"post-32992","1":"product","2":"type-product","3":"status-publish","4":"has-post-thumbnail","6":"product_cat-akcija","7":"product_cat-knjige","8":"product_cat-knjizevnost-za-odrasle","10":"first","11":"instock","12":"sale","13":"taxable","14":"shipping-taxable","15":"purchasable","16":"product-type-simple"},"aioseo_notices":[],"_links":{"self":[{"href":"https:\/\/megalicdb.rs\/index.php?rest_route=\/wp\/v2\/product\/32992","targetHints":{"allow":["GET"]}}],"collection":[{"href":"https:\/\/megalicdb.rs\/index.php?rest_route=\/wp\/v2\/product"}],"about":[{"href":"https:\/\/megalicdb.rs\/index.php?rest_route=\/wp\/v2\/types\/product"}],"replies":[{"embeddable":true,"href":"https:\/\/megalicdb.rs\/index.php?rest_route=%2Fwp%2Fv2%2Fcomments&post=32992"}],"version-history":[{"count":1,"href":"https:\/\/megalicdb.rs\/index.php?rest_route=\/wp\/v2\/product\/32992\/revisions"}],"predecessor-version":[{"id":32994,"href":"https:\/\/megalicdb.rs\/index.php?rest_route=\/wp\/v2\/product\/32992\/revisions\/32994"}],"wp:featuredmedia":[{"embeddable":true,"href":"https:\/\/megalicdb.rs\/index.php?rest_route=\/wp\/v2\/media\/32993"}],"wp:attachment":[{"href":"https:\/\/megalicdb.rs\/index.php?rest_route=%2Fwp%2Fv2%2Fmedia&parent=32992"}],"wp:term":[{"taxonomy":"product_brand","embeddable":true,"href":"https:\/\/megalicdb.rs\/index.php?rest_route=%2Fwp%2Fv2%2Fproduct_brand&post=32992"},{"taxonomy":"product_cat","embeddable":true,"href":"https:\/\/megalicdb.rs\/index.php?rest_route=%2Fwp%2Fv2%2Fproduct_cat&post=32992"},{"taxonomy":"product_tag","embeddable":true,"href":"https:\/\/megalicdb.rs\/index.php?rest_route=%2Fwp%2Fv2%2Fproduct_tag&post=32992"}],"curies":[{"name":"wp","href":"https:\/\/api.w.org\/{rel}","templated":true}]}}