{"id":32998,"date":"2025-07-08T16:22:32","date_gmt":"2025-07-08T16:22:32","guid":{"rendered":"https:\/\/megalicdb.rs\/?post_type=product&#038;p=32998"},"modified":"2025-07-11T09:40:29","modified_gmt":"2025-07-11T09:40:29","slug":"helena-ili-o-nemiru-mirjana-mitrovic","status":"publish","type":"product","link":"https:\/\/megalicdb.rs\/?product=helena-ili-o-nemiru-mirjana-mitrovic","title":{"rendered":"Helena ili o nemiru Mirjana Mitrovi\u0107"},"content":{"rendered":"<p><em>Prvi roman na srpskom o majci Konstantina Velikog, Svetoj carici Heleni.<\/em><\/p>\n<p>Kako je pisano i za\u0161to nije napisano \u017eitije majke Konstantina Velikog u vreme Nikejskog sabora, kad je Konstantin imao vlast nad carstvom i mo\u0107 nad crkvom? Za\u0161to je carica-majka Helena putovala u Jerusalim i gde je prona\u0161la Hristov krst? Zbog \u010dega taj krst nikada nije stigao na pripremljeni mermerni postament u gradu koji je njen sin osnovao i nazvao svojim imenom?&#8230; Ove i mnoge druge nerasvetljene pojedinosti sazna\u0107emo iz novog romana Mirjane Mitrovi\u0107\u00a0<em>Helena ili o nemiru<\/em>, intimnog \u017eivotopisa Konstantinove majke.<\/p>\n<p>Roman o Svetoj avgusti Heleni, nekada\u0161njoj kr\u010dmarici, zapravo je pri\u010da o sudbini \u017eene i majke kad je Rimsko carstvo bilo na izmaku a hri\u0161\u0107anstvo sticalo pravo gra\u0111anstva, pri\u010da o vlasti, o ulizicama i jereticima, otpadnicima od stare vere i prvim hri\u0161\u0107anskim zajednicama na tlu Balkana. Vo\u0111ena ljubavnim zavetom, ona sti\u017ee u Nais, mali grad u dubokoj provinciji, gde \u0107e se roditi njen sin Konstantin, u detinjstvu zvani Veliki Nos, kasnije proslavljeni vladar velikog Rimskog carstva. Izme\u0111u silovitih naravi mu\u017ea i sina Helena tra\u017ei na\u010din da pomiri svoju nezavisnu prirodu sa zahtevima porodice, ali kad se ta zajednica posle dvadeset godina raspadne, ona se suo\u010dava sa samo\u0107om i patnjom, nu\u017eno\u0161\u0107u da ide dalje i potrebom da ponovo voli. Na planini u blizini grada Singidunuma Helena otkriva mo\u0107 ne\u017enosti i nalazi veru u \u201eBogu bezizlaznih situacija\u201c\u2026<\/p>\n<p>Stilski i tematski osobit i intrigantan, novi roman Mirjane Mitrovi\u0107 umetni\u010dki uverljivo i nenametljivo rekonstrui\u0161e jedno daleko doba \u010dije niti dopiru do na\u0161ih prostora i na\u0161eg vremena.<\/p>\n","protected":false},"excerpt":{"rendered":"<p>Prvi roman na srpskom o majci Konstantina Velikog, Svetoj carici Heleni. Kako je pisano i za\u0161to nije napisano \u017eitije majke<\/p>\n","protected":false},"featured_media":32999,"comment_status":"open","ping_status":"closed","template":"","meta":[],"product_brand":[],"product_cat":[411,324,417],"product_tag":[],"class_list":{"0":"post-32998","1":"product","2":"type-product","3":"status-publish","4":"has-post-thumbnail","6":"product_cat-akcija","7":"product_cat-knjige","8":"product_cat-knjizevnost-za-odrasle","10":"first","11":"instock","12":"sale","13":"taxable","14":"shipping-taxable","15":"purchasable","16":"product-type-simple"},"aioseo_notices":[],"_links":{"self":[{"href":"https:\/\/megalicdb.rs\/index.php?rest_route=\/wp\/v2\/product\/32998","targetHints":{"allow":["GET"]}}],"collection":[{"href":"https:\/\/megalicdb.rs\/index.php?rest_route=\/wp\/v2\/product"}],"about":[{"href":"https:\/\/megalicdb.rs\/index.php?rest_route=\/wp\/v2\/types\/product"}],"replies":[{"embeddable":true,"href":"https:\/\/megalicdb.rs\/index.php?rest_route=%2Fwp%2Fv2%2Fcomments&post=32998"}],"version-history":[{"count":1,"href":"https:\/\/megalicdb.rs\/index.php?rest_route=\/wp\/v2\/product\/32998\/revisions"}],"predecessor-version":[{"id":33000,"href":"https:\/\/megalicdb.rs\/index.php?rest_route=\/wp\/v2\/product\/32998\/revisions\/33000"}],"wp:featuredmedia":[{"embeddable":true,"href":"https:\/\/megalicdb.rs\/index.php?rest_route=\/wp\/v2\/media\/32999"}],"wp:attachment":[{"href":"https:\/\/megalicdb.rs\/index.php?rest_route=%2Fwp%2Fv2%2Fmedia&parent=32998"}],"wp:term":[{"taxonomy":"product_brand","embeddable":true,"href":"https:\/\/megalicdb.rs\/index.php?rest_route=%2Fwp%2Fv2%2Fproduct_brand&post=32998"},{"taxonomy":"product_cat","embeddable":true,"href":"https:\/\/megalicdb.rs\/index.php?rest_route=%2Fwp%2Fv2%2Fproduct_cat&post=32998"},{"taxonomy":"product_tag","embeddable":true,"href":"https:\/\/megalicdb.rs\/index.php?rest_route=%2Fwp%2Fv2%2Fproduct_tag&post=32998"}],"curies":[{"name":"wp","href":"https:\/\/api.w.org\/{rel}","templated":true}]}}