{"id":33004,"date":"2025-07-08T16:26:36","date_gmt":"2025-07-08T16:26:36","guid":{"rendered":"https:\/\/megalicdb.rs\/?post_type=product&#038;p=33004"},"modified":"2025-07-08T16:26:36","modified_gmt":"2025-07-08T16:26:36","slug":"sani-1-taijo-macumoto","status":"publish","type":"product","link":"https:\/\/megalicdb.rs\/?product=sani-1-taijo-macumoto","title":{"rendered":"Sani 1 Taijo Macumoto"},"content":{"rendered":"<p>Sani odavno nije u voznom stanju i, poput svake olupine, le\u017ei nepomi\u010dno i propada pod uticajem vremena i atmosferskih prilika. Ovaj model fabrike automobila\u00a0<em>Nisan<\/em>\u00a0za siro\u010dad doma \u201eZvezdana deca\u201c jedini je tra\u010dak nade. Kad u\u0111u u njega i sednu na njegova sedi\u0161ta, Sani odjednom o\u017eivi. Tada ga Haruo vozi kroz pustinju zami\u0161ljaju\u0107i da je opasni revolvera\u0161 ili sa \u0160osukeom krstari svemirskim prostranstvima. Sei vozi poznatim ulicama koje vode prema ku\u0107i&#8230;<\/p>\n<p>Sani je njihov beg od stvarnosti, uto\u010di\u0161te za ma\u0161tu, kakva-takva uteha od trauma: glavno mesto gde dele najskrivenije tajne.<\/p>\n<p>Realisti\u010dno slikaju\u0107i \u017eivot unutar siroti\u0161ta, odnose izme\u0111u napu\u0161tene dece, njihove snove, nadanja, \u017eelje, strahove, Taijo Macumoto prikazuje \u010dvrstu vezu koja postoji me\u0111u njma a koje nisu svesni, rasvetljava ose\u0107anja svakog deteta i budi u nama iskreno saose\u0107anje i \u017eelju da svakog od ovih malih junaka \u010dvrsto zagrlimo.<\/p>\n<p>\u201eSamo na osnovu prvog toma mo\u017ee se zaklju\u010diti da je \u201eSani\u201c mnogo toga. Paralelno je i mikrokosmos (kao pri\u010da o svetu unutar jednog siroti\u0161ta) i nanokosmos (\u201eNisan Sani\u201c, auto u dvori\u0161tu siroti\u0161ta, slu\u017ei kao veslo za eskapizam dece i mladih, tj. portal ka drugim svetovima i svet sam u sebi). A ujedno je i vozilo \u2013 figurativno koliko i bukvalno \u2013 koje nosi pri\u010du sa nama kao saputnicima. Macumoto je majstor svog zanata, i kao pripoveda\u010d i kao ilustrator \u2013 a ono najlep\u0161e je \u010dinjenica da ovim tomom velika, setna epopeja (ne tako) malih ljudi tek po\u010dinje.\u201c<br \/>\n\u2013 Ivan Veljkovi\u0107, pisac, kriti\u010dar i teoreti\u010dar<\/p>\n","protected":false},"excerpt":{"rendered":"<p>Sani odavno nije u voznom stanju i, poput svake olupine, le\u017ei nepomi\u010dno i propada pod uticajem vremena i atmosferskih prilika.<\/p>\n","protected":false},"featured_media":33005,"comment_status":"open","ping_status":"closed","template":"","meta":[],"product_brand":[],"product_cat":[416,324],"product_tag":[],"class_list":{"0":"post-33004","1":"product","2":"type-product","3":"status-publish","4":"has-post-thumbnail","6":"product_cat-beletristika","7":"product_cat-knjige","9":"first","10":"instock","11":"taxable","12":"shipping-taxable","13":"purchasable","14":"product-type-simple"},"aioseo_notices":[],"_links":{"self":[{"href":"https:\/\/megalicdb.rs\/index.php?rest_route=\/wp\/v2\/product\/33004","targetHints":{"allow":["GET"]}}],"collection":[{"href":"https:\/\/megalicdb.rs\/index.php?rest_route=\/wp\/v2\/product"}],"about":[{"href":"https:\/\/megalicdb.rs\/index.php?rest_route=\/wp\/v2\/types\/product"}],"replies":[{"embeddable":true,"href":"https:\/\/megalicdb.rs\/index.php?rest_route=%2Fwp%2Fv2%2Fcomments&post=33004"}],"version-history":[{"count":1,"href":"https:\/\/megalicdb.rs\/index.php?rest_route=\/wp\/v2\/product\/33004\/revisions"}],"predecessor-version":[{"id":33006,"href":"https:\/\/megalicdb.rs\/index.php?rest_route=\/wp\/v2\/product\/33004\/revisions\/33006"}],"wp:featuredmedia":[{"embeddable":true,"href":"https:\/\/megalicdb.rs\/index.php?rest_route=\/wp\/v2\/media\/33005"}],"wp:attachment":[{"href":"https:\/\/megalicdb.rs\/index.php?rest_route=%2Fwp%2Fv2%2Fmedia&parent=33004"}],"wp:term":[{"taxonomy":"product_brand","embeddable":true,"href":"https:\/\/megalicdb.rs\/index.php?rest_route=%2Fwp%2Fv2%2Fproduct_brand&post=33004"},{"taxonomy":"product_cat","embeddable":true,"href":"https:\/\/megalicdb.rs\/index.php?rest_route=%2Fwp%2Fv2%2Fproduct_cat&post=33004"},{"taxonomy":"product_tag","embeddable":true,"href":"https:\/\/megalicdb.rs\/index.php?rest_route=%2Fwp%2Fv2%2Fproduct_tag&post=33004"}],"curies":[{"name":"wp","href":"https:\/\/api.w.org\/{rel}","templated":true}]}}