{"id":33007,"date":"2025-07-08T16:29:42","date_gmt":"2025-07-08T16:29:42","guid":{"rendered":"https:\/\/megalicdb.rs\/?post_type=product&#038;p=33007"},"modified":"2025-07-08T16:29:43","modified_gmt":"2025-07-08T16:29:43","slug":"sazvezdje-svitaca-mirjana-bobic-mojsilovic","status":"publish","type":"product","link":"https:\/\/megalicdb.rs\/?product=sazvezdje-svitaca-mirjana-bobic-mojsilovic","title":{"rendered":"Sazve\u017e\u0111e svitaca Mirjana Bobi\u0107 Mojsilovi\u0107"},"content":{"rendered":"<p>Pri\u010da o iskupljenju i ljudima koje mo\u017ee spasti jedino ljubav.<\/p>\n<p><em>\u010cim ga je ugledala na vratima, i kad je sekund kasnije shvatila da je on ne prepoznaje, bila je pora\u017eena.<\/p>\n<p>Ali i tra\u010dak pobede na\u0161la je upravo u tome \u0161to nije morala da ustukne, \u0161to je mogla da se prema njemu pona\u0161a kao prema D\u017eoniju, anonimnom pastuvu sa televizijskog kajrona koga je pozvala, kao \u0161to je poslednjih godina zvala razne \u0110avole, Kamiond\u017eije, Drvose\u010de ili jednostavno \u0110oke koji su ostavljali svoje telefone svuda po dru\u0161tvenim mre\u017eama, mu\u0161karce koje je pronalazila po\u00a0<\/em>Tinderu\u00a0<em>i sa kojima je i\u0161la da se na\u0111e negde, bilo gde, osigurana porukama u svom telefonu, da sa tim nebitnim, nepoznatim mu\u0161kim telima, nahvatanim nasumice, ubije sve one izdaje koje su je bolele.<\/p>\n<p>Ona vi\u0161e nikada ne\u0107e biti povre\u0111ena, ni ostavljena. Nikada.<\/em><\/p>\n<p>\u017divotne pri\u010de \u0161estoro junaka ovog romana ispreple\u0161\u0107e se i zauvek promeniti za sedamdeset dva sudbonosna sata. Primorani da pogledaju \u017eivotu u o\u010di, mora\u0107e ili da ga prigrle ili da zauvek ostanu osuje\u0107eni u svojim te\u017enjama.\u00a0<em>Sazve\u017e\u0111e svitaca<\/em>\u00a0je zbirka melanholije, nade i burnih ose\u0107anja, koja \u0107e vas zagrliti \u010dvrsto i ne\u0107e vas pu\u0161tati dok vam ne izmami suzu, nostalgiju, tugu, \u0161irok osmeh i uzdah olak\u0161anja. Mirjana Bobi\u0107 Mojsilovi\u0107 nikada ranije nije pisala ovako bogatim potezima pera.<\/p>\n","protected":false},"excerpt":{"rendered":"<p>Pri\u010da o iskupljenju i ljudima koje mo\u017ee spasti jedino ljubav. \u010cim ga je ugledala na vratima, i kad je sekund<\/p>\n","protected":false},"featured_media":33008,"comment_status":"open","ping_status":"closed","template":"","meta":[],"product_brand":[],"product_cat":[416,324],"product_tag":[],"class_list":{"0":"post-33007","1":"product","2":"type-product","3":"status-publish","4":"has-post-thumbnail","6":"product_cat-beletristika","7":"product_cat-knjige","9":"first","10":"instock","11":"taxable","12":"shipping-taxable","13":"purchasable","14":"product-type-simple"},"aioseo_notices":[],"_links":{"self":[{"href":"https:\/\/megalicdb.rs\/index.php?rest_route=\/wp\/v2\/product\/33007","targetHints":{"allow":["GET"]}}],"collection":[{"href":"https:\/\/megalicdb.rs\/index.php?rest_route=\/wp\/v2\/product"}],"about":[{"href":"https:\/\/megalicdb.rs\/index.php?rest_route=\/wp\/v2\/types\/product"}],"replies":[{"embeddable":true,"href":"https:\/\/megalicdb.rs\/index.php?rest_route=%2Fwp%2Fv2%2Fcomments&post=33007"}],"version-history":[{"count":1,"href":"https:\/\/megalicdb.rs\/index.php?rest_route=\/wp\/v2\/product\/33007\/revisions"}],"predecessor-version":[{"id":33009,"href":"https:\/\/megalicdb.rs\/index.php?rest_route=\/wp\/v2\/product\/33007\/revisions\/33009"}],"wp:featuredmedia":[{"embeddable":true,"href":"https:\/\/megalicdb.rs\/index.php?rest_route=\/wp\/v2\/media\/33008"}],"wp:attachment":[{"href":"https:\/\/megalicdb.rs\/index.php?rest_route=%2Fwp%2Fv2%2Fmedia&parent=33007"}],"wp:term":[{"taxonomy":"product_brand","embeddable":true,"href":"https:\/\/megalicdb.rs\/index.php?rest_route=%2Fwp%2Fv2%2Fproduct_brand&post=33007"},{"taxonomy":"product_cat","embeddable":true,"href":"https:\/\/megalicdb.rs\/index.php?rest_route=%2Fwp%2Fv2%2Fproduct_cat&post=33007"},{"taxonomy":"product_tag","embeddable":true,"href":"https:\/\/megalicdb.rs\/index.php?rest_route=%2Fwp%2Fv2%2Fproduct_tag&post=33007"}],"curies":[{"name":"wp","href":"https:\/\/api.w.org\/{rel}","templated":true}]}}