{"id":33013,"date":"2025-07-08T16:32:47","date_gmt":"2025-07-08T16:32:47","guid":{"rendered":"https:\/\/megalicdb.rs\/?post_type=product&#038;p=33013"},"modified":"2025-07-08T16:32:47","modified_gmt":"2025-07-08T16:32:47","slug":"razbucaj-dosadu-dinosaurusi-grupa-autora","status":"publish","type":"product","link":"https:\/\/megalicdb.rs\/?product=razbucaj-dosadu-dinosaurusi-grupa-autora","title":{"rendered":"Razbucaj dosadu! \u2013 Dinosaurusi Grupa autora"},"content":{"rendered":"<p>Opasno zabavni zadaci!<\/p>\n<p>Ako vas dosada mori \u010desto, do\u0161li ste na idealno mesto!<\/p>\n<p>Vreme je da postane\u0161 pravi BORAC PROTIV DOSADE! Po\u010dni da re\u0161ava\u0161 jednostavne zadatke, a kako stranice budu odmicale \u2013 izazovi \u0107e postajati sve zamr\u0161eniji.<\/p>\n<p>Zaputi se u lavirint iz doba jure, re\u0161avaj zagonetke, nau\u010di da pravi\u0161 origami i crtaj pomo\u0107u \u0161ablona! Nema \u010dekanja \u2013 razbucajmo dosadu zajedno!<\/p>\n<p>Ilustrovala Anjeze Baruci<\/p>\n","protected":false},"excerpt":{"rendered":"<p>Opasno zabavni zadaci! Ako vas dosada mori \u010desto, do\u0161li ste na idealno mesto! Vreme je da postane\u0161 pravi BORAC PROTIV<\/p>\n","protected":false},"featured_media":33014,"comment_status":"open","ping_status":"closed","template":"","meta":[],"product_brand":[],"product_cat":[325,324,343],"product_tag":[],"class_list":{"0":"post-33013","1":"product","2":"type-product","3":"status-publish","4":"has-post-thumbnail","6":"product_cat-bojanke","7":"product_cat-knjige","8":"product_cat-knjizevnost-za-decu","10":"first","11":"instock","12":"taxable","13":"shipping-taxable","14":"purchasable","15":"product-type-simple"},"aioseo_notices":[],"_links":{"self":[{"href":"https:\/\/megalicdb.rs\/index.php?rest_route=\/wp\/v2\/product\/33013","targetHints":{"allow":["GET"]}}],"collection":[{"href":"https:\/\/megalicdb.rs\/index.php?rest_route=\/wp\/v2\/product"}],"about":[{"href":"https:\/\/megalicdb.rs\/index.php?rest_route=\/wp\/v2\/types\/product"}],"replies":[{"embeddable":true,"href":"https:\/\/megalicdb.rs\/index.php?rest_route=%2Fwp%2Fv2%2Fcomments&post=33013"}],"version-history":[{"count":1,"href":"https:\/\/megalicdb.rs\/index.php?rest_route=\/wp\/v2\/product\/33013\/revisions"}],"predecessor-version":[{"id":33015,"href":"https:\/\/megalicdb.rs\/index.php?rest_route=\/wp\/v2\/product\/33013\/revisions\/33015"}],"wp:featuredmedia":[{"embeddable":true,"href":"https:\/\/megalicdb.rs\/index.php?rest_route=\/wp\/v2\/media\/33014"}],"wp:attachment":[{"href":"https:\/\/megalicdb.rs\/index.php?rest_route=%2Fwp%2Fv2%2Fmedia&parent=33013"}],"wp:term":[{"taxonomy":"product_brand","embeddable":true,"href":"https:\/\/megalicdb.rs\/index.php?rest_route=%2Fwp%2Fv2%2Fproduct_brand&post=33013"},{"taxonomy":"product_cat","embeddable":true,"href":"https:\/\/megalicdb.rs\/index.php?rest_route=%2Fwp%2Fv2%2Fproduct_cat&post=33013"},{"taxonomy":"product_tag","embeddable":true,"href":"https:\/\/megalicdb.rs\/index.php?rest_route=%2Fwp%2Fv2%2Fproduct_tag&post=33013"}],"curies":[{"name":"wp","href":"https:\/\/api.w.org\/{rel}","templated":true}]}}