{"id":33016,"date":"2025-07-08T16:40:05","date_gmt":"2025-07-08T16:40:05","guid":{"rendered":"https:\/\/megalicdb.rs\/?post_type=product&#038;p=33016"},"modified":"2025-07-08T16:40:05","modified_gmt":"2025-07-08T16:40:05","slug":"slikovnica-kako-je-vila-mila-dobila-krila-jelena-bacic-alimpic","status":"publish","type":"product","link":"https:\/\/megalicdb.rs\/?product=slikovnica-kako-je-vila-mila-dobila-krila-jelena-bacic-alimpic","title":{"rendered":"Slikovnica \u2013 Kako je vila Mila dobila krila Jelena Ba\u010di\u0107 Alimpi\u0107"},"content":{"rendered":"<h2>Slikovnica namenjena za male pred\u0161kolce.<\/h2>\n<div>\nIlustrovao Nemanja Risti\u0107<\/p>\n<p>U ku\u0107ici na kraju \u0161ume \u017eivela je usamljena baka koja je \u010dinila dobra dela. U znak zahvalnosti mesec joj je obe\u0107ao da \u0107e je nagraditi. Me\u0111utim, baku uznemirava i stra\u0161na ala.<\/p>\n<p>Kako se dobri ljudi mogu osloniti na \u010daroliju tako \u0107e i \u017eivot poslati baki u pomo\u0107 malo \u010dudo, kojem \u0107e ipak biti potrebna pomo\u0107 da DOBIJE KRILA&#8230;<\/p>\n<p>Ne\u017ena slikovnica o ljubavi izme\u0111u bake i unuke za sve koji veruju da najlep\u0161e trenutke mo\u017eemo do\u017eiveti u dru\u0161tvu mali\u0161ana \u010dije samo postojanje ima mo\u0107 isceljenja.<\/p><\/div>\n","protected":false},"excerpt":{"rendered":"<p>Slikovnica namenjena za male pred\u0161kolce. Ilustrovao Nemanja Risti\u0107 U ku\u0107ici na kraju \u0161ume \u017eivela je usamljena baka koja je \u010dinila<\/p>\n","protected":false},"featured_media":33017,"comment_status":"open","ping_status":"closed","template":"","meta":[],"product_brand":[],"product_cat":[324,343],"product_tag":[],"class_list":{"0":"post-33016","1":"product","2":"type-product","3":"status-publish","4":"has-post-thumbnail","6":"product_cat-knjige","7":"product_cat-knjizevnost-za-decu","9":"first","10":"instock","11":"taxable","12":"shipping-taxable","13":"purchasable","14":"product-type-simple"},"aioseo_notices":[],"_links":{"self":[{"href":"https:\/\/megalicdb.rs\/index.php?rest_route=\/wp\/v2\/product\/33016","targetHints":{"allow":["GET"]}}],"collection":[{"href":"https:\/\/megalicdb.rs\/index.php?rest_route=\/wp\/v2\/product"}],"about":[{"href":"https:\/\/megalicdb.rs\/index.php?rest_route=\/wp\/v2\/types\/product"}],"replies":[{"embeddable":true,"href":"https:\/\/megalicdb.rs\/index.php?rest_route=%2Fwp%2Fv2%2Fcomments&post=33016"}],"version-history":[{"count":1,"href":"https:\/\/megalicdb.rs\/index.php?rest_route=\/wp\/v2\/product\/33016\/revisions"}],"predecessor-version":[{"id":33018,"href":"https:\/\/megalicdb.rs\/index.php?rest_route=\/wp\/v2\/product\/33016\/revisions\/33018"}],"wp:featuredmedia":[{"embeddable":true,"href":"https:\/\/megalicdb.rs\/index.php?rest_route=\/wp\/v2\/media\/33017"}],"wp:attachment":[{"href":"https:\/\/megalicdb.rs\/index.php?rest_route=%2Fwp%2Fv2%2Fmedia&parent=33016"}],"wp:term":[{"taxonomy":"product_brand","embeddable":true,"href":"https:\/\/megalicdb.rs\/index.php?rest_route=%2Fwp%2Fv2%2Fproduct_brand&post=33016"},{"taxonomy":"product_cat","embeddable":true,"href":"https:\/\/megalicdb.rs\/index.php?rest_route=%2Fwp%2Fv2%2Fproduct_cat&post=33016"},{"taxonomy":"product_tag","embeddable":true,"href":"https:\/\/megalicdb.rs\/index.php?rest_route=%2Fwp%2Fv2%2Fproduct_tag&post=33016"}],"curies":[{"name":"wp","href":"https:\/\/api.w.org\/{rel}","templated":true}]}}