{"id":33022,"date":"2025-07-08T16:43:13","date_gmt":"2025-07-08T16:43:13","guid":{"rendered":"https:\/\/megalicdb.rs\/?post_type=product&#038;p=33022"},"modified":"2025-07-11T08:22:56","modified_gmt":"2025-07-11T08:22:56","slug":"gnusoba-svetislav-basara","status":"publish","type":"product","link":"https:\/\/megalicdb.rs\/?product=gnusoba-svetislav-basara","title":{"rendered":"Gnusoba Svetislav Basara"},"content":{"rendered":"<p><em>Zar nije bolje, govorio je, da od ove na\u010disto razvaljene i upropa\u0161\u0107ene Srbije, najgoreg mesta za umiranje u Evropi, a i \u0161ire, zajedni\u010dkim snagama napravimo mesto u kome \u0107e biti milina umreti, Srbiju u koju \u0107e \u2013 kada je deratizujemo, dezinfikujemo, okre\u010dimo, po\u010distimo i dovedemo u red \u2013 nagrnuti bogati samrtnici iz cele Evrope da ovde, u Srbiji, umru na miru, takore\u0107i na visokoj nozi, kao \u0161to su u XIX veku u velikom stilu umirali u Marijenbadu i drugim mondenskim, evropskim banjama. Srbija, pravo mesto za va\u0161u smrt, Srbija, va\u0161a poslednja destinacija, tako bi mogala da glasi na\u0161a reklamna poruka na CNN-u, tako je govorio \u00d0in\u0111i\u0107, \u010dovek sa istan\u010danim smislom za humor. Ako ve\u0107 ne mo\u017eemo da \u017eivimo bez smrti, tako\u0111e je govorio \u00d0in\u0111i\u0107, \u0161aljivd\u017eija, hajde da od smrti napravimo biznis&#8230;<\/em><\/p>\n<p>Mandari\u0107 i Masle\u0161a, dva glavna lika ovog romana, obra\u010dunavaju se sa srpskim primitivizmom i mentalitetom, ali ovoga puta kolektivno izopa\u010denje oli\u010deno je u novijoj politi\u010dkoj psihopatologiji, koja u jo\u0161 jednoj bespo\u0161tednoj Basarinoj satiri dodaje nove, mani\u010dne crte u karakterologiji nacije. Njihovo se poimanje demokratske Srbije u osnovi ne razlikuje, samo su razli\u010dite njihove reakcije na nastalu epohu navodno oslobo\u0111enu jednoumlja: jedan protagonista, rastrzan izme\u0111u euforije i depresije, dobija napade bipolarnog poreme\u0107aja, a drugi se trudi da ga smiri i uveri da je to sudbina koju ne mo\u017eemo izbe\u0107i&#8230;<\/p>\n<p>U pozadini njihovog dijaloga, koji \u0107e do suza nasmejati \u010ditaoce i na kraju im ostaviti gorak okus u ustima, na\u0107i \u0107e se lik Zorana \u0110in\u0111i\u0107a, \u010doveka koji se, po mi\u0161ljenju obojice protagonista, upustio u zaludan naum da dovede svoje sunarodnike u kakav-takav red.<\/p>\n","protected":false},"excerpt":{"rendered":"<p>Zar nije bolje, govorio je, da od ove na\u010disto razvaljene i upropa\u0161\u0107ene Srbije, najgoreg mesta za umiranje u Evropi, a<\/p>\n","protected":false},"featured_media":33023,"comment_status":"open","ping_status":"closed","template":"","meta":[],"product_brand":[],"product_cat":[411,324,417],"product_tag":[],"class_list":{"0":"post-33022","1":"product","2":"type-product","3":"status-publish","4":"has-post-thumbnail","6":"product_cat-akcija","7":"product_cat-knjige","8":"product_cat-knjizevnost-za-odrasle","10":"first","11":"instock","12":"sale","13":"taxable","14":"shipping-taxable","15":"purchasable","16":"product-type-simple"},"aioseo_notices":[],"_links":{"self":[{"href":"https:\/\/megalicdb.rs\/index.php?rest_route=\/wp\/v2\/product\/33022","targetHints":{"allow":["GET"]}}],"collection":[{"href":"https:\/\/megalicdb.rs\/index.php?rest_route=\/wp\/v2\/product"}],"about":[{"href":"https:\/\/megalicdb.rs\/index.php?rest_route=\/wp\/v2\/types\/product"}],"replies":[{"embeddable":true,"href":"https:\/\/megalicdb.rs\/index.php?rest_route=%2Fwp%2Fv2%2Fcomments&post=33022"}],"version-history":[{"count":1,"href":"https:\/\/megalicdb.rs\/index.php?rest_route=\/wp\/v2\/product\/33022\/revisions"}],"predecessor-version":[{"id":33024,"href":"https:\/\/megalicdb.rs\/index.php?rest_route=\/wp\/v2\/product\/33022\/revisions\/33024"}],"wp:featuredmedia":[{"embeddable":true,"href":"https:\/\/megalicdb.rs\/index.php?rest_route=\/wp\/v2\/media\/33023"}],"wp:attachment":[{"href":"https:\/\/megalicdb.rs\/index.php?rest_route=%2Fwp%2Fv2%2Fmedia&parent=33022"}],"wp:term":[{"taxonomy":"product_brand","embeddable":true,"href":"https:\/\/megalicdb.rs\/index.php?rest_route=%2Fwp%2Fv2%2Fproduct_brand&post=33022"},{"taxonomy":"product_cat","embeddable":true,"href":"https:\/\/megalicdb.rs\/index.php?rest_route=%2Fwp%2Fv2%2Fproduct_cat&post=33022"},{"taxonomy":"product_tag","embeddable":true,"href":"https:\/\/megalicdb.rs\/index.php?rest_route=%2Fwp%2Fv2%2Fproduct_tag&post=33022"}],"curies":[{"name":"wp","href":"https:\/\/api.w.org\/{rel}","templated":true}]}}