{"id":33025,"date":"2025-07-08T16:44:46","date_gmt":"2025-07-08T16:44:46","guid":{"rendered":"https:\/\/megalicdb.rs\/?post_type=product&#038;p=33025"},"modified":"2025-07-11T09:33:29","modified_gmt":"2025-07-11T09:33:29","slug":"beogradjanke-igor-marojevic","status":"publish","type":"product","link":"https:\/\/megalicdb.rs\/?product=beogradjanke-igor-marojevic","title":{"rendered":"Beogra\u0111anke Igor Marojevi\u0107"},"content":{"rendered":"<p>Knjiga o druga\u010dijim \u017eenama.<\/p>\n<p>U pri\u010dama koje u celinu ujedinjuje \u017eensko prvo lice \u010ditaocima se predstavljaju druga\u010dije devojke, \u017eene, prijateljice, majke i ljubavnice. Sve one zajedno kao Beogra\u0111anke, ali i svaka za sebe, otkrivaju nam \u010dudne likove velegradskog miljea, kakve na prvi pogled mo\u017eda ne prime\u0107ujemo.<\/p>\n<p>Romanti\u010dna teoreti\u010darka filma koja brakorazvodnom parnicom spasava brak, vlasnica male galerije koja preko\u00a0<em>Tvitera<\/em>\u00a0otpo\u010dinje ljubavnu vezu sa slikarom \u010dije radove prodaje, devojka koja je iz Beograda emigrirala u Minhen a odatle na internet, najbolje drugarice u kojima bezazlene igrice sa\u00a0<em>Fejsbuka<\/em>\u00a0bude neo\u010dekivane porive, \u017eena koja ni posle brojnih razo\u010daranja u mu\u0161karce ne gubi veru u ljubav&#8230; \u2013 sve su to Marojevi\u0107eve Beogra\u0111anke, neobi\u010dne \u017eene u razli\u010ditim \u017eivotnim situacijama.<\/p>\n<p>\u201eKao vrstan poznavalac \u017eenskog karaktera, Marojevi\u0107 svoje Beogra\u0111anke predstavlja kroz niz minuciozno ispisanih \u017eenskih portreta. I svaka od \u017eena, \u010dija je pri\u010da u ovoj knjizi ispri\u010dana gotovo slikarski precizno, jeste grad za sebe. Osam Beogra\u0111anki je pripoveda\u010du ove knjige ispri\u010dalo svoje \u017eivotne storije, a on je zadr\u017eao njihov glas prenose\u0107i te pri\u010de \u010ditaocima u obliku ispovesti koje \u0107e vas istovremeno nasmejati, rasplakati, naterati da se zamislite i o koncu, u finalu svake od pri\u010da, podariti vam zrnce mudrosti.\u201c\u00a0<em>Dejan Stojiljkovi\u0107<\/em><\/p>\n","protected":false},"excerpt":{"rendered":"<p>Knjiga o druga\u010dijim \u017eenama. U pri\u010dama koje u celinu ujedinjuje \u017eensko prvo lice \u010ditaocima se predstavljaju druga\u010dije devojke, \u017eene, prijateljice,<\/p>\n","protected":false},"featured_media":33026,"comment_status":"open","ping_status":"closed","template":"","meta":[],"product_brand":[],"product_cat":[411,324,417],"product_tag":[],"class_list":{"0":"post-33025","1":"product","2":"type-product","3":"status-publish","4":"has-post-thumbnail","6":"product_cat-akcija","7":"product_cat-knjige","8":"product_cat-knjizevnost-za-odrasle","10":"first","11":"instock","12":"sale","13":"taxable","14":"shipping-taxable","15":"purchasable","16":"product-type-simple"},"aioseo_notices":[],"_links":{"self":[{"href":"https:\/\/megalicdb.rs\/index.php?rest_route=\/wp\/v2\/product\/33025","targetHints":{"allow":["GET"]}}],"collection":[{"href":"https:\/\/megalicdb.rs\/index.php?rest_route=\/wp\/v2\/product"}],"about":[{"href":"https:\/\/megalicdb.rs\/index.php?rest_route=\/wp\/v2\/types\/product"}],"replies":[{"embeddable":true,"href":"https:\/\/megalicdb.rs\/index.php?rest_route=%2Fwp%2Fv2%2Fcomments&post=33025"}],"version-history":[{"count":1,"href":"https:\/\/megalicdb.rs\/index.php?rest_route=\/wp\/v2\/product\/33025\/revisions"}],"predecessor-version":[{"id":33027,"href":"https:\/\/megalicdb.rs\/index.php?rest_route=\/wp\/v2\/product\/33025\/revisions\/33027"}],"wp:featuredmedia":[{"embeddable":true,"href":"https:\/\/megalicdb.rs\/index.php?rest_route=\/wp\/v2\/media\/33026"}],"wp:attachment":[{"href":"https:\/\/megalicdb.rs\/index.php?rest_route=%2Fwp%2Fv2%2Fmedia&parent=33025"}],"wp:term":[{"taxonomy":"product_brand","embeddable":true,"href":"https:\/\/megalicdb.rs\/index.php?rest_route=%2Fwp%2Fv2%2Fproduct_brand&post=33025"},{"taxonomy":"product_cat","embeddable":true,"href":"https:\/\/megalicdb.rs\/index.php?rest_route=%2Fwp%2Fv2%2Fproduct_cat&post=33025"},{"taxonomy":"product_tag","embeddable":true,"href":"https:\/\/megalicdb.rs\/index.php?rest_route=%2Fwp%2Fv2%2Fproduct_tag&post=33025"}],"curies":[{"name":"wp","href":"https:\/\/api.w.org\/{rel}","templated":true}]}}