{"id":33034,"date":"2025-07-08T16:49:23","date_gmt":"2025-07-08T16:49:23","guid":{"rendered":"https:\/\/megalicdb.rs\/?post_type=product&#038;p=33034"},"modified":"2025-07-08T16:49:24","modified_gmt":"2025-07-08T16:49:24","slug":"roman-o-pijanstvima-igor-marojevic","status":"publish","type":"product","link":"https:\/\/megalicdb.rs\/?product=roman-o-pijanstvima-igor-marojevic","title":{"rendered":"Roman o pijanstvima Igor Marojevi\u0107"},"content":{"rendered":"<p>\u201eEvo jednog novog, druga\u010dijeg, iznena\u0111uju\u0107eg Marojevi\u0107a. Roman pisan impresivnom jednostavno\u0161\u0107u, ispovedno i bez tabua, autoironi\u010dno.\u201c\u00a0 Filip David<\/p>\n<p>\u201eMaja 2009. godine u d\u017eez klubu na Vra\u010daru dva prijatelja razra\u0111uju ure\u0111iva\u010dku strategiju za knji\u017eevni \u010dasopis. Situacija je nakon dve-tri rakije izmakla kontroli, na svu sre\u0107u brzo su stigla kola Hitne pomo\u0107i i policija. Tako zapo\u010dinje roman \u010diji glavni junak, pisac zavisan od alkohola, promiskuitetan i sklon tu\u010di, poku\u0161ava da izroni iz problema. On menja devojke, prijatelje, lekare, poslove i kafane, putuje u Barselonu, Gvadalaharu, Ljubljanu, na Bra\u010d, u Dimitrovgrad i Nik\u0161i\u0107, ali u tim mestima i usled pogre\u0161nih izbora tone sve dublje. Sti\u010de se utisak da se ne mo\u017ee spasti, kako zbog karaktera tako i zbog op\u0161te dru\u0161tvene klime, ali \u010ditalac gaji nadu do poslednje pi\u0161\u010deve re\u010di. Ovom knjigom Igor Marojevi\u0107 je pre\u0161ao opasnu granicu do koje je svojim dosada\u0161njim pisanjem stizao, i nije stradao.\u201c Vladan Matijevi\u0107<\/p>\n<p>\u201eNovi Marojevi\u0107 je i dalje onaj dobri, stari Marojevi\u0107! Ovoga puta me\u0161tar pripovedanja o bolesti i identitetima ispisuje pri\u010du o junaku sa unutra\u0161njim sagorevanjem.\u201c Vule \u017duri\u0107<\/p>\n<p>\u201e<em>Roman o pijanstvima<\/em>\u00a0ponosno stoji kao delo koje mogu da preporu\u010dim potpuno trezan.\u201c Dimitrije Vojnov<\/p>\n","protected":false},"excerpt":{"rendered":"<p>\u201eEvo jednog novog, druga\u010dijeg, iznena\u0111uju\u0107eg Marojevi\u0107a. Roman pisan impresivnom jednostavno\u0161\u0107u, ispovedno i bez tabua, autoironi\u010dno.\u201c\u00a0 Filip David \u201eMaja 2009. godine<\/p>\n","protected":false},"featured_media":33035,"comment_status":"open","ping_status":"closed","template":"","meta":[],"product_brand":[],"product_cat":[324,417],"product_tag":[],"class_list":{"0":"post-33034","1":"product","2":"type-product","3":"status-publish","4":"has-post-thumbnail","6":"product_cat-knjige","7":"product_cat-knjizevnost-za-odrasle","9":"first","10":"instock","11":"taxable","12":"shipping-taxable","13":"purchasable","14":"product-type-simple"},"aioseo_notices":[],"_links":{"self":[{"href":"https:\/\/megalicdb.rs\/index.php?rest_route=\/wp\/v2\/product\/33034","targetHints":{"allow":["GET"]}}],"collection":[{"href":"https:\/\/megalicdb.rs\/index.php?rest_route=\/wp\/v2\/product"}],"about":[{"href":"https:\/\/megalicdb.rs\/index.php?rest_route=\/wp\/v2\/types\/product"}],"replies":[{"embeddable":true,"href":"https:\/\/megalicdb.rs\/index.php?rest_route=%2Fwp%2Fv2%2Fcomments&post=33034"}],"version-history":[{"count":1,"href":"https:\/\/megalicdb.rs\/index.php?rest_route=\/wp\/v2\/product\/33034\/revisions"}],"predecessor-version":[{"id":33036,"href":"https:\/\/megalicdb.rs\/index.php?rest_route=\/wp\/v2\/product\/33034\/revisions\/33036"}],"wp:featuredmedia":[{"embeddable":true,"href":"https:\/\/megalicdb.rs\/index.php?rest_route=\/wp\/v2\/media\/33035"}],"wp:attachment":[{"href":"https:\/\/megalicdb.rs\/index.php?rest_route=%2Fwp%2Fv2%2Fmedia&parent=33034"}],"wp:term":[{"taxonomy":"product_brand","embeddable":true,"href":"https:\/\/megalicdb.rs\/index.php?rest_route=%2Fwp%2Fv2%2Fproduct_brand&post=33034"},{"taxonomy":"product_cat","embeddable":true,"href":"https:\/\/megalicdb.rs\/index.php?rest_route=%2Fwp%2Fv2%2Fproduct_cat&post=33034"},{"taxonomy":"product_tag","embeddable":true,"href":"https:\/\/megalicdb.rs\/index.php?rest_route=%2Fwp%2Fv2%2Fproduct_tag&post=33034"}],"curies":[{"name":"wp","href":"https:\/\/api.w.org\/{rel}","templated":true}]}}