{"id":33037,"date":"2025-07-08T16:51:08","date_gmt":"2025-07-08T16:51:08","guid":{"rendered":"https:\/\/megalicdb.rs\/?post_type=product&#038;p=33037"},"modified":"2025-07-08T16:51:08","modified_gmt":"2025-07-08T16:51:08","slug":"zulejha-otvara-oci-guzelj-jahina","status":"publish","type":"product","link":"https:\/\/megalicdb.rs\/?product=zulejha-otvara-oci-guzelj-jahina","title":{"rendered":"Zulejha otvara o\u010di Guzelj Jahina"},"content":{"rendered":"<p>Autorka romana\u00a0<em>Deca Volge<\/em>\u00a0i\u00a0<em>Vozom za Samarkand<\/em><\/p>\n<p>Dobitnica priznanja\u00a0<em>Velika knjiga,\u00a0<\/em><em>Jasna Poljana<\/em>\u00a0i\u00a0<em>Nagrada za najbolje prozno delo godine<\/em><\/p>\n<p>Zulejha \u017eivi u tatarskom selu Julba\u0161. Udata je veoma rano. Vaspitana da bude pokorna i da slu\u017ei, poku\u0161ava da pre\u017eivi torture surovog supruga i pakosne svekrve. Iako trpi i trudi se da ispuni o\u010dekivanja, sudbina joj samo zadaje nove udarce.<br \/>\nU zimu 1930. godine Zulejhinog mu\u017ea ubijaju komunisti pod optu\u017ebom da je kulak, a ona biva prognana u Sibir. Prisiljena je da se prilagodi stra\u0161nim \u017eivotnim uslovima tajge uz obalu reke Angare. Za\u010dudo, novi uslovi izgledaju joj kao blagodet u odnosu na prethodni \u017eivot. Logor u Sibiru posta\u0107e mesto gde \u0107e prvi put osetiti ljubav mu\u0161karca, gde \u0107e podi\u0107i sina, gde \u0107e ostati.<\/p>\n<p>\u201eRoman\u00a0<em>Zulejha otvara o\u010di<\/em>\u00a0poseduje odliku prave knji\u017eevnosti \u2013 poga\u0111a direktno u srce. Pri\u010da o sudbini glavne junakinje, tatarske seljanke iz doba raskula\u010divanja, odi\u0161e takvom originalno\u0161\u0107u, verodostojno\u0161\u0107u i magijom na koje se retko nailazi u poslednjim decenijama u ogromnoj bujici savremene proze. Autorka vra\u0107a \u010ditaoca u umetnost preciznog posmatranja, tananu psihologiju i, \u0161to je najbitnije, u onu ljubav bez koje se \u010dak i najtalentovaniji pisci pretvaraju u hladne bele\u017enike bolesti vremena. Izraz \u2019\u017eenska knji\u017eevnost\u2019 nosi u sebi nijansu potcenjivanja \u2013 uglavnom po milosti mu\u0161ke kritike. Roman Guzelj Jahine \u2013 van svake sumnje \u2013 jeste \u017eenski. O \u017eenskoj snazi i \u017eenskoj slabosti, o svetom materinstvu, ne na fonu engleske de\u010dje knji\u017eevnosti ve\u0107 na fonu radnog logora, paklenog rezervata koji je smislio jedan od najve\u0107ih zlotvora \u010dove\u010danstva. I za mene ostaje zagonetka kako je mlada autorka uspela da stvori tako mo\u0107no delo koje proslavlja ljubav i ne\u017enost u paklu\u2026 Od sveg srca \u010destitam autorki na veli\u010danstvenoj premijeri, a \u010ditaocima \u2013 na velikoj prozi. Ovo je blistavi po\u010detak.\u201c<\/p>\n<p>\u2013 Ljudmila Ulicka<\/p>\n","protected":false},"excerpt":{"rendered":"<p>Autorka romana\u00a0Deca Volge\u00a0i\u00a0Vozom za Samarkand Dobitnica priznanja\u00a0Velika knjiga,\u00a0Jasna Poljana\u00a0i\u00a0Nagrada za najbolje prozno delo godine Zulejha \u017eivi u tatarskom selu Julba\u0161.<\/p>\n","protected":false},"featured_media":33038,"comment_status":"open","ping_status":"closed","template":"","meta":[],"product_brand":[],"product_cat":[416,324],"product_tag":[],"class_list":{"0":"post-33037","1":"product","2":"type-product","3":"status-publish","4":"has-post-thumbnail","6":"product_cat-beletristika","7":"product_cat-knjige","9":"first","10":"instock","11":"taxable","12":"shipping-taxable","13":"purchasable","14":"product-type-simple"},"aioseo_notices":[],"_links":{"self":[{"href":"https:\/\/megalicdb.rs\/index.php?rest_route=\/wp\/v2\/product\/33037","targetHints":{"allow":["GET"]}}],"collection":[{"href":"https:\/\/megalicdb.rs\/index.php?rest_route=\/wp\/v2\/product"}],"about":[{"href":"https:\/\/megalicdb.rs\/index.php?rest_route=\/wp\/v2\/types\/product"}],"replies":[{"embeddable":true,"href":"https:\/\/megalicdb.rs\/index.php?rest_route=%2Fwp%2Fv2%2Fcomments&post=33037"}],"version-history":[{"count":1,"href":"https:\/\/megalicdb.rs\/index.php?rest_route=\/wp\/v2\/product\/33037\/revisions"}],"predecessor-version":[{"id":33039,"href":"https:\/\/megalicdb.rs\/index.php?rest_route=\/wp\/v2\/product\/33037\/revisions\/33039"}],"wp:featuredmedia":[{"embeddable":true,"href":"https:\/\/megalicdb.rs\/index.php?rest_route=\/wp\/v2\/media\/33038"}],"wp:attachment":[{"href":"https:\/\/megalicdb.rs\/index.php?rest_route=%2Fwp%2Fv2%2Fmedia&parent=33037"}],"wp:term":[{"taxonomy":"product_brand","embeddable":true,"href":"https:\/\/megalicdb.rs\/index.php?rest_route=%2Fwp%2Fv2%2Fproduct_brand&post=33037"},{"taxonomy":"product_cat","embeddable":true,"href":"https:\/\/megalicdb.rs\/index.php?rest_route=%2Fwp%2Fv2%2Fproduct_cat&post=33037"},{"taxonomy":"product_tag","embeddable":true,"href":"https:\/\/megalicdb.rs\/index.php?rest_route=%2Fwp%2Fv2%2Fproduct_tag&post=33037"}],"curies":[{"name":"wp","href":"https:\/\/api.w.org\/{rel}","templated":true}]}}