{"id":33040,"date":"2025-07-08T16:52:20","date_gmt":"2025-07-08T16:52:20","guid":{"rendered":"https:\/\/megalicdb.rs\/?post_type=product&#038;p=33040"},"modified":"2025-07-08T16:52:20","modified_gmt":"2025-07-08T16:52:20","slug":"ilon-mask-volter-ajzakson","status":"publish","type":"product","link":"https:\/\/megalicdb.rs\/?product=ilon-mask-volter-ajzakson","title":{"rendered":"Ilon Mask Volter Ajzakson"},"content":{"rendered":"<p>Intimna biografija najfascinantnijeg i najkontroverznijeg inovatora na\u0161eg doba \u2013 vizionara koji kr\u0161i pravila i koji je pomogao svetu da u\u0111e u eru elektri\u010dnih vozila, privatnog istra\u017eivanja svemira i ve\u0161ta\u010dke inteligencije. O da, i koji je preuzeo\u00a0<em>Tviter<\/em>.<\/p>\n<p>Ajzakson je dve godine Maska pratio kao senka, i\u0161ao s njim na sastanke, obilazio fabrike i provodio sate intervjui\u0161u\u0107i njega, njegovu porodicu, prijatelje, saradnike i protivnike. Rezultat je insajderska biografija, puna neverovatnih pobeda i previranja, koja se bavi pitanjem: jesu li demoni koji pokre\u0107u Maska neophodni za inovacije i napredak?<\/p>\n<p>\u201e\u0160ta god da mislite o gospodinu Masku, on je \u010dovek koga valja razumeti \u2013 zbog toga treba pro\u010ditati ovu knjigu.\u201c<br \/>\n\u2013\u00a0<em>Economist<\/em><\/p>\n<p>\u201eOva knjiga je kao klju\u010d za de\u0161ifrovanje koji povezuje razli\u010dite Maskove opsesije u koherentni pogled na svet sa neverovatno konkretnim ciljem u sredi\u0161tu.\u201c<br \/>\n\u2013\u00a0<em>Politico<\/em><\/p>\n<p>\u201eAjzakson je prikupio informacije od onih koji se Masku dive ili ga kritikuju. On ih sve izla\u017ee. Duboko o\u010daravaju\u0107a pripovest o spektakularnom ameri\u010dkom inovatoru.\u201c<br \/>\n\u2013\u00a0<em>New York Journal of Books<\/em><\/p>\n<p>\u201eJedan od najve\u0107ih biografa u Americi napisao je obimnu knjigu o najbogatijem \u010doveku na svetu. Ovo je biografija brzog ritma o ta\u0161tom, briljantnom, povremeno surovom \u010doveku \u010dije ambicije aktivno oblikuju budu\u0107nost \u010dove\u010danstva.\u201c<br \/>\n\u2013\u00a0<em>CBS Sunday Morning<\/em><\/p>\n","protected":false},"excerpt":{"rendered":"<p>Intimna biografija najfascinantnijeg i najkontroverznijeg inovatora na\u0161eg doba \u2013 vizionara koji kr\u0161i pravila i koji je pomogao svetu da u\u0111e<\/p>\n","protected":false},"featured_media":33041,"comment_status":"open","ping_status":"closed","template":"","meta":[],"product_brand":[],"product_cat":[416,324,417],"product_tag":[],"class_list":{"0":"post-33040","1":"product","2":"type-product","3":"status-publish","4":"has-post-thumbnail","6":"product_cat-beletristika","7":"product_cat-knjige","8":"product_cat-knjizevnost-za-odrasle","10":"first","11":"instock","12":"taxable","13":"shipping-taxable","14":"purchasable","15":"product-type-simple"},"aioseo_notices":[],"_links":{"self":[{"href":"https:\/\/megalicdb.rs\/index.php?rest_route=\/wp\/v2\/product\/33040","targetHints":{"allow":["GET"]}}],"collection":[{"href":"https:\/\/megalicdb.rs\/index.php?rest_route=\/wp\/v2\/product"}],"about":[{"href":"https:\/\/megalicdb.rs\/index.php?rest_route=\/wp\/v2\/types\/product"}],"replies":[{"embeddable":true,"href":"https:\/\/megalicdb.rs\/index.php?rest_route=%2Fwp%2Fv2%2Fcomments&post=33040"}],"version-history":[{"count":1,"href":"https:\/\/megalicdb.rs\/index.php?rest_route=\/wp\/v2\/product\/33040\/revisions"}],"predecessor-version":[{"id":33042,"href":"https:\/\/megalicdb.rs\/index.php?rest_route=\/wp\/v2\/product\/33040\/revisions\/33042"}],"wp:featuredmedia":[{"embeddable":true,"href":"https:\/\/megalicdb.rs\/index.php?rest_route=\/wp\/v2\/media\/33041"}],"wp:attachment":[{"href":"https:\/\/megalicdb.rs\/index.php?rest_route=%2Fwp%2Fv2%2Fmedia&parent=33040"}],"wp:term":[{"taxonomy":"product_brand","embeddable":true,"href":"https:\/\/megalicdb.rs\/index.php?rest_route=%2Fwp%2Fv2%2Fproduct_brand&post=33040"},{"taxonomy":"product_cat","embeddable":true,"href":"https:\/\/megalicdb.rs\/index.php?rest_route=%2Fwp%2Fv2%2Fproduct_cat&post=33040"},{"taxonomy":"product_tag","embeddable":true,"href":"https:\/\/megalicdb.rs\/index.php?rest_route=%2Fwp%2Fv2%2Fproduct_tag&post=33040"}],"curies":[{"name":"wp","href":"https:\/\/api.w.org\/{rel}","templated":true}]}}