{"id":33055,"date":"2025-07-08T17:02:22","date_gmt":"2025-07-08T17:02:22","guid":{"rendered":"https:\/\/megalicdb.rs\/?post_type=product&#038;p=33055"},"modified":"2025-07-08T17:02:22","modified_gmt":"2025-07-08T17:02:22","slug":"direktor-k-i-lin","status":"publish","type":"product","link":"https:\/\/megalicdb.rs\/?product=direktor-k-i-lin","title":{"rendered":"Direktor K. I. Lin"},"content":{"rendered":"<p>Bestseler autorka\u00a0<em>USA Today<\/em><\/p>\n<p>\u201eAjvi je moja savr\u0161ena oluja.\u201c<\/p>\n<p>Devojka se zaljubljuje u svog novog \u0161efa \u2013 mo\u0107nog direktora sa skrivenim planom obojenim stra\u0161\u0107u i osvetom.<\/p>\n<p>Ajvi Preskot kona\u010dno dolazi do novog posla i uspeva da pobegne od biv\u0161eg \u0161efa Dantea \u2013 \u017eenskaro\u0161a koji joj se uporno udvara. Na svoje zadovoljstvo dobija radno mesto asistentkinje Linkolna Deveroa, direktora konkurentske, ve\u0107e i mo\u0107nije firme. Linkoln \u017eeli da se okoristi njenim znanjem o biv\u0161em \u0161efu jer ve\u0107 dugo planira da uni\u0161ti Dantea. On vidi Ajvi kao oru\u0111e koje mu je potrebno da ostvari svoj davno zacrtani cilj. Me\u0111utim, kako bolje upoznaje Ajvi \u2013 sve vi\u0161e mu se dopada. \u017deli je. Po\u010dinje da preispituje planiranu osvetu jer bi to dovelo Ajvi u opasnost, a i ona sve \u010de\u0161\u0107e misli na njega.<\/p>\n<p>Na kraju \u0107e Linkoln morati da bira izme\u0111u cilja zbog kojeg \u017eivi i ljubavi koja je u njegov \u017eivot u\u0161la poput oluje.<\/p>\n<p>\u201eSna\u017ean erotski naboj, sjajni likovi, puno strasti i emocija. \u0160ta biste vi\u0161e po\u017eeleli od dobrog ljubavnog romana?\u201c<br \/>\n\u2013 \u0160arlot<\/p>\n<p>\u201eU\u017eivala sam u realnoj, a romanti\u010dnoj pri\u010di. A njih dvoje su fenomenalni.\u201c<br \/>\n\u2013 Marija<\/p>\n","protected":false},"excerpt":{"rendered":"<p>Bestseler autorka\u00a0USA Today \u201eAjvi je moja savr\u0161ena oluja.\u201c Devojka se zaljubljuje u svog novog \u0161efa \u2013 mo\u0107nog direktora sa skrivenim<\/p>\n","protected":false},"featured_media":33056,"comment_status":"open","ping_status":"closed","template":"","meta":[],"product_brand":[],"product_cat":[416,324],"product_tag":[],"class_list":{"0":"post-33055","1":"product","2":"type-product","3":"status-publish","4":"has-post-thumbnail","6":"product_cat-beletristika","7":"product_cat-knjige","9":"first","10":"instock","11":"taxable","12":"shipping-taxable","13":"purchasable","14":"product-type-simple"},"aioseo_notices":[],"_links":{"self":[{"href":"https:\/\/megalicdb.rs\/index.php?rest_route=\/wp\/v2\/product\/33055","targetHints":{"allow":["GET"]}}],"collection":[{"href":"https:\/\/megalicdb.rs\/index.php?rest_route=\/wp\/v2\/product"}],"about":[{"href":"https:\/\/megalicdb.rs\/index.php?rest_route=\/wp\/v2\/types\/product"}],"replies":[{"embeddable":true,"href":"https:\/\/megalicdb.rs\/index.php?rest_route=%2Fwp%2Fv2%2Fcomments&post=33055"}],"version-history":[{"count":1,"href":"https:\/\/megalicdb.rs\/index.php?rest_route=\/wp\/v2\/product\/33055\/revisions"}],"predecessor-version":[{"id":33057,"href":"https:\/\/megalicdb.rs\/index.php?rest_route=\/wp\/v2\/product\/33055\/revisions\/33057"}],"wp:featuredmedia":[{"embeddable":true,"href":"https:\/\/megalicdb.rs\/index.php?rest_route=\/wp\/v2\/media\/33056"}],"wp:attachment":[{"href":"https:\/\/megalicdb.rs\/index.php?rest_route=%2Fwp%2Fv2%2Fmedia&parent=33055"}],"wp:term":[{"taxonomy":"product_brand","embeddable":true,"href":"https:\/\/megalicdb.rs\/index.php?rest_route=%2Fwp%2Fv2%2Fproduct_brand&post=33055"},{"taxonomy":"product_cat","embeddable":true,"href":"https:\/\/megalicdb.rs\/index.php?rest_route=%2Fwp%2Fv2%2Fproduct_cat&post=33055"},{"taxonomy":"product_tag","embeddable":true,"href":"https:\/\/megalicdb.rs\/index.php?rest_route=%2Fwp%2Fv2%2Fproduct_tag&post=33055"}],"curies":[{"name":"wp","href":"https:\/\/api.w.org\/{rel}","templated":true}]}}