{"id":33061,"date":"2025-07-08T17:08:39","date_gmt":"2025-07-08T17:08:39","guid":{"rendered":"https:\/\/megalicdb.rs\/?post_type=product&#038;p=33061"},"modified":"2025-07-10T06:10:25","modified_gmt":"2025-07-10T06:10:25","slug":"beograd-kroz-kljucaonice-100-kuca-nenad-novak-stefanovic","status":"publish","type":"product","link":"https:\/\/megalicdb.rs\/?product=beograd-kroz-kljucaonice-100-kuca-nenad-novak-stefanovic","title":{"rendered":"Beograd kroz klju\u010daonice 100 ku\u0107a Nenad Novak Stefanovi\u0107"},"content":{"rendered":"<p>Od autora bestselera\u00a0<em>Vodi\u010d kroz ljubavnu istoriju Beograda.<\/em><\/p>\n<p>\u2022 Gde se nalazio prvi srpski kabare?<br \/>\n\u2022 Kako je \u017eiveo beogradski kralj \u010dokolade \u0160onda?<br \/>\n\u2022 \u0160ta se krije ispod temelja Bigza?<br \/>\n\u2022 Gde su \u017eiveli Mokranjac, Ar\u010dibald Rajs i Ko\u010da Popovi\u0107?<br \/>\n\u2022 Kako je Dom sindikata postao dom bankara?<\/p>\n<p>U svojoj knjizi\u00a0<em>Beograd kroz klju\u010daonice 100 ku\u0107a\u00a0<\/em>Nenad Novak Stefanovi\u0107 nas vodi u nesvakida\u0161nje razgledanje srpske prestonice. Kroz istoriju sto beogradskih zdanja autor daje panoramu grada na u\u0161\u0107u dveju reka, raskrsnici Istoka i Zapada.<\/p>\n<p>U ovom jedinstvenom vodi\u010du sazna\u0107ete malo poznate \u010dinjenice o gra\u0111evinama pored kojih svakodnevno prolazite kao i brojne kuriozitete koji \u0107e oplemeniti va\u0161 pogled na grad. \u0160etnja kroz Beograd posta\u0107e vam nezaboravno iskustvo.<\/p>\n","protected":false},"excerpt":{"rendered":"<p>Od autora bestselera\u00a0Vodi\u010d kroz ljubavnu istoriju Beograda. \u2022 Gde se nalazio prvi srpski kabare? \u2022 Kako je \u017eiveo beogradski kralj<\/p>\n","protected":false},"featured_media":33062,"comment_status":"open","ping_status":"closed","template":"","meta":[],"product_brand":[],"product_cat":[416,324],"product_tag":[],"class_list":{"0":"post-33061","1":"product","2":"type-product","3":"status-publish","4":"has-post-thumbnail","6":"product_cat-beletristika","7":"product_cat-knjige","9":"first","10":"instock","11":"taxable","12":"shipping-taxable","13":"purchasable","14":"product-type-simple"},"aioseo_notices":[],"_links":{"self":[{"href":"https:\/\/megalicdb.rs\/index.php?rest_route=\/wp\/v2\/product\/33061","targetHints":{"allow":["GET"]}}],"collection":[{"href":"https:\/\/megalicdb.rs\/index.php?rest_route=\/wp\/v2\/product"}],"about":[{"href":"https:\/\/megalicdb.rs\/index.php?rest_route=\/wp\/v2\/types\/product"}],"replies":[{"embeddable":true,"href":"https:\/\/megalicdb.rs\/index.php?rest_route=%2Fwp%2Fv2%2Fcomments&post=33061"}],"version-history":[{"count":1,"href":"https:\/\/megalicdb.rs\/index.php?rest_route=\/wp\/v2\/product\/33061\/revisions"}],"predecessor-version":[{"id":33063,"href":"https:\/\/megalicdb.rs\/index.php?rest_route=\/wp\/v2\/product\/33061\/revisions\/33063"}],"wp:featuredmedia":[{"embeddable":true,"href":"https:\/\/megalicdb.rs\/index.php?rest_route=\/wp\/v2\/media\/33062"}],"wp:attachment":[{"href":"https:\/\/megalicdb.rs\/index.php?rest_route=%2Fwp%2Fv2%2Fmedia&parent=33061"}],"wp:term":[{"taxonomy":"product_brand","embeddable":true,"href":"https:\/\/megalicdb.rs\/index.php?rest_route=%2Fwp%2Fv2%2Fproduct_brand&post=33061"},{"taxonomy":"product_cat","embeddable":true,"href":"https:\/\/megalicdb.rs\/index.php?rest_route=%2Fwp%2Fv2%2Fproduct_cat&post=33061"},{"taxonomy":"product_tag","embeddable":true,"href":"https:\/\/megalicdb.rs\/index.php?rest_route=%2Fwp%2Fv2%2Fproduct_tag&post=33061"}],"curies":[{"name":"wp","href":"https:\/\/api.w.org\/{rel}","templated":true}]}}