{"id":33070,"date":"2025-07-08T17:14:08","date_gmt":"2025-07-08T17:14:08","guid":{"rendered":"https:\/\/megalicdb.rs\/?post_type=product&#038;p=33070"},"modified":"2025-07-11T08:19:59","modified_gmt":"2025-07-11T08:19:59","slug":"umetnici-prezivljavanja-hans-magnus-encensberger","status":"publish","type":"product","link":"https:\/\/megalicdb.rs\/?product=umetnici-prezivljavanja-hans-magnus-encensberger","title":{"rendered":"Umetnici pre\u017eivljavanja Hans Magnus Encensberger"},"content":{"rendered":"<p>99 knji\u017eevnih vinjeta iz XX veka<\/p>\n<p><em>Dvadeseti vek je bio doba kada je kulminirao broj knji\u017eevnika koji su pre\u017eiveli dr\u017eavni teror i \u010distke, propra\u0107ene svim mogu\u0107im moralnim i politi\u010dkim ambivalencijama. Kako se to odvijalo? Da li su bili isuvi\u0161e nepokolebljivi da bi kapitulirali pred silom? Da li su opstanak dugovali li\u010dnoj dalekovidosti ili inteligenciji, svojim vezama ili takti\u010dkom ume\u0107u? Da li su to bili sre\u0107ni slu\u010dajevi koji su se grani\u010dili sa \u010dudom, zahvaljuju\u0107i kojima su izbegli logor i smrt, ili su bile posredi strategije od ulizivanja do kamufla\u017ee? Ko bi to tako jasno mogao da razlu\u010di!<\/p>\n<p>&#8230;Sve je to bilo davno, re\u0107i \u0107e mla\u0111i. Stvarno? Da li su prilago\u0111avanje, sre\u0107ne slu\u010dajnosti, kompromisi i dvosmislene odluke iza\u0161li iz mode? Zar se iz toga ne mo\u017ee ni\u0161ta nau\u010diti?<\/em><\/p>\n<p>Hamsun \u2022 Gorki \u2022 \u017did \u2022 Bunjin \u2022 Kolet \u2022 Stajn \u2022 Deblin \u2022 Muzil \u2022 Ha\u0161ek \u2022 Paund \u2022 Broh \u2022 Pesoa \u2022 Ahmatova \u2022 Kokto \u2022 Pasternak \u2022 Bulgakov \u2022 Andri\u0107 \u2022 Falada \u2022 Selin \u2022 Jinger \u2022 Breton \u2022 Malaparte \u2022 Breht \u2022 Mandelj\u0161tam \u2022 Singer \u2022 Keno \u2022 Neruda \u2022 Sartr \u2022 Moravija \u2022 Jonesko \u2022 \u017dene \u2022 Milo\u0161 \u2022 Sioran \u2022 Paz \u2022 \u0160kvorecki \u2022 Markes \u2022 Kertes \u2022 Ki\u0161 \u2022 Brodski&#8230;<\/p>\n<p>Hans Magnus Encensberger nam u 99 knji\u017eevnih vinjeta do\u010darava biografije i strategije pre\u017eivljavanja svetskih pisaca XX veka, ali i objektivne razloge zbog kojih im je po\u0161lo za rukom da pre\u017eive \u201edoba ekstrema\u201c \u2013 uprkos neprijateljski nastrojenom dru\u0161tvu i autoritarnoj vlasti.<\/p>\n<p>\u201eOda knji\u017eevnosti bez trunke patetike. \u010citaocu se nudi ogromno blago spoznaje&#8230; Kakav oma\u017e, kakva knjiga!\u201c\u00a0<em>Deutschlandfunk Kultur<\/em><\/p>\n","protected":false},"excerpt":{"rendered":"<p>99 knji\u017eevnih vinjeta iz XX veka Dvadeseti vek je bio doba kada je kulminirao broj knji\u017eevnika koji su pre\u017eiveli dr\u017eavni<\/p>\n","protected":false},"featured_media":33071,"comment_status":"open","ping_status":"closed","template":"","meta":[],"product_brand":[],"product_cat":[411,324,417],"product_tag":[],"class_list":{"0":"post-33070","1":"product","2":"type-product","3":"status-publish","4":"has-post-thumbnail","6":"product_cat-akcija","7":"product_cat-knjige","8":"product_cat-knjizevnost-za-odrasle","10":"first","11":"instock","12":"sale","13":"taxable","14":"shipping-taxable","15":"purchasable","16":"product-type-simple"},"aioseo_notices":[],"_links":{"self":[{"href":"https:\/\/megalicdb.rs\/index.php?rest_route=\/wp\/v2\/product\/33070","targetHints":{"allow":["GET"]}}],"collection":[{"href":"https:\/\/megalicdb.rs\/index.php?rest_route=\/wp\/v2\/product"}],"about":[{"href":"https:\/\/megalicdb.rs\/index.php?rest_route=\/wp\/v2\/types\/product"}],"replies":[{"embeddable":true,"href":"https:\/\/megalicdb.rs\/index.php?rest_route=%2Fwp%2Fv2%2Fcomments&post=33070"}],"version-history":[{"count":1,"href":"https:\/\/megalicdb.rs\/index.php?rest_route=\/wp\/v2\/product\/33070\/revisions"}],"predecessor-version":[{"id":33072,"href":"https:\/\/megalicdb.rs\/index.php?rest_route=\/wp\/v2\/product\/33070\/revisions\/33072"}],"wp:featuredmedia":[{"embeddable":true,"href":"https:\/\/megalicdb.rs\/index.php?rest_route=\/wp\/v2\/media\/33071"}],"wp:attachment":[{"href":"https:\/\/megalicdb.rs\/index.php?rest_route=%2Fwp%2Fv2%2Fmedia&parent=33070"}],"wp:term":[{"taxonomy":"product_brand","embeddable":true,"href":"https:\/\/megalicdb.rs\/index.php?rest_route=%2Fwp%2Fv2%2Fproduct_brand&post=33070"},{"taxonomy":"product_cat","embeddable":true,"href":"https:\/\/megalicdb.rs\/index.php?rest_route=%2Fwp%2Fv2%2Fproduct_cat&post=33070"},{"taxonomy":"product_tag","embeddable":true,"href":"https:\/\/megalicdb.rs\/index.php?rest_route=%2Fwp%2Fv2%2Fproduct_tag&post=33070"}],"curies":[{"name":"wp","href":"https:\/\/api.w.org\/{rel}","templated":true}]}}