{"id":33073,"date":"2025-07-08T17:23:51","date_gmt":"2025-07-08T17:23:51","guid":{"rendered":"https:\/\/megalicdb.rs\/?post_type=product&#038;p=33073"},"modified":"2025-07-11T08:22:03","modified_gmt":"2025-07-11T08:22:03","slug":"od-a-do-s-isidora-bjelica","status":"publish","type":"product","link":"https:\/\/megalicdb.rs\/?product=od-a-do-s-isidora-bjelica","title":{"rendered":"Od A do \u0160 Isidora Bjelica"},"content":{"rendered":"<p><em>U\u017eivajte u svakom trenutku \u017eivota ma kakav da je i bez obzira na godine. U\u017eivajte, jer to je umetnost. Najva\u017enije je poznavati i voleti sebe, svoje mogu\u0107nosti i talente, jer to je \u0161ifra zadovoljstva.<\/em><\/p>\n<p>Dragi moji \u010ditaoci,<\/p>\n<p>Godinama ste mi pisali kako vam je \u017eao \u0161to su moje misli razbacane po raznim intervjuima, magazinima, \u010dasopisima, i nisu nekako tematski sistematizovane da slu\u017ee vama, kad vam treba prijateljski savet. I tako je nastao ovaj neobi\u010dan brevijar \u017eivotne filozofije. Kada imate bilo koji problem, kad vam treba pomo\u0107, ili prosto moja bliskost i humor, dovoljno je da pod odre\u0111enim slovom prona\u0111ete temu koja vas interesuje. Samo da znate da sam uvek uz vas i pored vas, da vam nesebi\u010dno \u0161aljem svoju ljubav i duh uvek u onoj potpunoj, sirovoj, gotovo detinjoj iskrenosti, koja nas je neraskidivo spojila u najja\u010doj duhovnoj i emotivnoj vezi na ovom svetu, onu izme\u0111u pisca i njegovih \u010ditalaca.<\/p>\n<p>Ljubi vas Isi<\/p>\n","protected":false},"excerpt":{"rendered":"<p>U\u017eivajte u svakom trenutku \u017eivota ma kakav da je i bez obzira na godine. U\u017eivajte, jer to je umetnost. Najva\u017enije<\/p>\n","protected":false},"featured_media":33074,"comment_status":"open","ping_status":"closed","template":"","meta":[],"product_brand":[],"product_cat":[411,416,324],"product_tag":[],"class_list":{"0":"post-33073","1":"product","2":"type-product","3":"status-publish","4":"has-post-thumbnail","6":"product_cat-akcija","7":"product_cat-beletristika","8":"product_cat-knjige","10":"first","11":"instock","12":"sale","13":"taxable","14":"shipping-taxable","15":"purchasable","16":"product-type-simple"},"aioseo_notices":[],"_links":{"self":[{"href":"https:\/\/megalicdb.rs\/index.php?rest_route=\/wp\/v2\/product\/33073","targetHints":{"allow":["GET"]}}],"collection":[{"href":"https:\/\/megalicdb.rs\/index.php?rest_route=\/wp\/v2\/product"}],"about":[{"href":"https:\/\/megalicdb.rs\/index.php?rest_route=\/wp\/v2\/types\/product"}],"replies":[{"embeddable":true,"href":"https:\/\/megalicdb.rs\/index.php?rest_route=%2Fwp%2Fv2%2Fcomments&post=33073"}],"version-history":[{"count":1,"href":"https:\/\/megalicdb.rs\/index.php?rest_route=\/wp\/v2\/product\/33073\/revisions"}],"predecessor-version":[{"id":33075,"href":"https:\/\/megalicdb.rs\/index.php?rest_route=\/wp\/v2\/product\/33073\/revisions\/33075"}],"wp:featuredmedia":[{"embeddable":true,"href":"https:\/\/megalicdb.rs\/index.php?rest_route=\/wp\/v2\/media\/33074"}],"wp:attachment":[{"href":"https:\/\/megalicdb.rs\/index.php?rest_route=%2Fwp%2Fv2%2Fmedia&parent=33073"}],"wp:term":[{"taxonomy":"product_brand","embeddable":true,"href":"https:\/\/megalicdb.rs\/index.php?rest_route=%2Fwp%2Fv2%2Fproduct_brand&post=33073"},{"taxonomy":"product_cat","embeddable":true,"href":"https:\/\/megalicdb.rs\/index.php?rest_route=%2Fwp%2Fv2%2Fproduct_cat&post=33073"},{"taxonomy":"product_tag","embeddable":true,"href":"https:\/\/megalicdb.rs\/index.php?rest_route=%2Fwp%2Fv2%2Fproduct_tag&post=33073"}],"curies":[{"name":"wp","href":"https:\/\/api.w.org\/{rel}","templated":true}]}}