{"id":33076,"date":"2025-07-08T17:26:01","date_gmt":"2025-07-08T17:26:01","guid":{"rendered":"https:\/\/megalicdb.rs\/?post_type=product&#038;p=33076"},"modified":"2025-07-11T08:25:05","modified_gmt":"2025-07-11T08:25:05","slug":"banditosi-ili-ubice-drzava-blagoje-grahovac","status":"publish","type":"product","link":"https:\/\/megalicdb.rs\/?product=banditosi-ili-ubice-drzava-blagoje-grahovac","title":{"rendered":"Banditosi ili Ubice dr\u017eava Blagoje Grahovac"},"content":{"rendered":"<p>Od autora knjige\u00a0<em>Glasovi iz gluve sobe<\/em>.<\/p>\n<p>Mnogo \u0161to\u0161ta \u0161to se poslednjih decenija na ovim prostorima de\u0161avalo, a \u0161to javnosti nije poznato \u2013 prona\u0107i \u0107ete ba\u0161 u ovoj knjizi: kako su devedesetih godina pro\u0161log veka politi\u010dke, vojne i obave\u0161tajne strukture u Srbiji i Crnoj Gori, sa svojim vladaju\u0107im partijama, razbijale zemlju i unosile razdor u prijateljske odnose dva bratska naroda.<\/p>\n<p>Razli\u010diti oblici strahova uticali su na oblikovanje ovda\u0161njeg, balkanskog mentaliteta, a general Grahovac, nekada\u0161nji vojni pilot i pronicljivi posmatra\u010d na\u0161ih prilika, nedvosmisleno utvr\u0111uje da su r\u0111ava politika i r\u0111ava vlast najve\u0107i generator tih strahova. Koliko su razli\u010diti oblici \u201ecrnih kutija\u201c, tabua i bauka provereni mehanizam u na\u010dinu vladanja otu\u0111enih centara mo\u0107i, autor u ovoj knjizi utvr\u0111uje na osnovu neumoljivih \u010dinjenica i li\u010dnog svedo\u010denja, nastavljaju\u0107i da secira razbija\u010de Jugoslavije u poslednjih \u010detvrt veka.<\/p>\n<p>\u201eSvedo\u010danstva sa kojima Grahovac sukobljava \u010ditaoca ne ostavljaju mesta spokoju. Sa lako\u0107om raskrinkava lice, a naro\u010dito nali\u010dije vremena i doga\u0111aja koji su obele\u017eili raspad potencijalno najperspektivnije balkanske dr\u017eave. I ovom knjigom on razobli\u010dava retrogradne i mentalno kvaziformirane likove poluvlastodr\u017eaca i njihovih vazala izniklih iz semena mr\u017enje, pohlepe, primitivizma i primenjenog neznanja.\u201c\u00a0Prof. dr Neboj\u0161a Kolari\u0107<\/p>\n","protected":false},"excerpt":{"rendered":"<p>Od autora knjige\u00a0Glasovi iz gluve sobe. Mnogo \u0161to\u0161ta \u0161to se poslednjih decenija na ovim prostorima de\u0161avalo, a \u0161to javnosti nije<\/p>\n","protected":false},"featured_media":33077,"comment_status":"open","ping_status":"closed","template":"","meta":[],"product_brand":[],"product_cat":[411,324,417],"product_tag":[],"class_list":{"0":"post-33076","1":"product","2":"type-product","3":"status-publish","4":"has-post-thumbnail","6":"product_cat-akcija","7":"product_cat-knjige","8":"product_cat-knjizevnost-za-odrasle","10":"first","11":"instock","12":"sale","13":"taxable","14":"shipping-taxable","15":"purchasable","16":"product-type-simple"},"aioseo_notices":[],"_links":{"self":[{"href":"https:\/\/megalicdb.rs\/index.php?rest_route=\/wp\/v2\/product\/33076","targetHints":{"allow":["GET"]}}],"collection":[{"href":"https:\/\/megalicdb.rs\/index.php?rest_route=\/wp\/v2\/product"}],"about":[{"href":"https:\/\/megalicdb.rs\/index.php?rest_route=\/wp\/v2\/types\/product"}],"replies":[{"embeddable":true,"href":"https:\/\/megalicdb.rs\/index.php?rest_route=%2Fwp%2Fv2%2Fcomments&post=33076"}],"version-history":[{"count":1,"href":"https:\/\/megalicdb.rs\/index.php?rest_route=\/wp\/v2\/product\/33076\/revisions"}],"predecessor-version":[{"id":33078,"href":"https:\/\/megalicdb.rs\/index.php?rest_route=\/wp\/v2\/product\/33076\/revisions\/33078"}],"wp:featuredmedia":[{"embeddable":true,"href":"https:\/\/megalicdb.rs\/index.php?rest_route=\/wp\/v2\/media\/33077"}],"wp:attachment":[{"href":"https:\/\/megalicdb.rs\/index.php?rest_route=%2Fwp%2Fv2%2Fmedia&parent=33076"}],"wp:term":[{"taxonomy":"product_brand","embeddable":true,"href":"https:\/\/megalicdb.rs\/index.php?rest_route=%2Fwp%2Fv2%2Fproduct_brand&post=33076"},{"taxonomy":"product_cat","embeddable":true,"href":"https:\/\/megalicdb.rs\/index.php?rest_route=%2Fwp%2Fv2%2Fproduct_cat&post=33076"},{"taxonomy":"product_tag","embeddable":true,"href":"https:\/\/megalicdb.rs\/index.php?rest_route=%2Fwp%2Fv2%2Fproduct_tag&post=33076"}],"curies":[{"name":"wp","href":"https:\/\/api.w.org\/{rel}","templated":true}]}}