{"id":33082,"date":"2025-07-08T17:28:41","date_gmt":"2025-07-08T17:28:41","guid":{"rendered":"https:\/\/megalicdb.rs\/?post_type=product&#038;p=33082"},"modified":"2025-07-11T09:35:56","modified_gmt":"2025-07-11T09:35:56","slug":"hronika-nastranosti-dusan-miklja","status":"publish","type":"product","link":"https:\/\/megalicdb.rs\/?product=hronika-nastranosti-dusan-miklja","title":{"rendered":"Hronika nastranosti Du\u0161an Miklja"},"content":{"rendered":"<p>Posebno izdanje.<\/p>\n<p>Istinite pri\u010de o vlasti i podani\u0161tvu.<\/p>\n<p>\u0160ta je u vlasti tako privla\u010dno da se zbog nje \u017ertvuju mnogo ve\u0107e vrednosti \u2013 spokojstvo, \u010dast, ponekad i sam \u017eivot? \u0160ta je to u njoj \u0161to pobu\u0111uje zavisnost jednaku zavisnosti od droge, pi\u0107a ili kocke? Ne daju\u0107i analiti\u010dke odgovore ve\u0107 pri\u010daju\u0107i istinite pri\u010de \u2013 ma koliko se \u010dinilo da su one izma\u0161tane \u2013 ova knjiga pronicljivo i uzbudljivo prikazuje sudbine predsednika, kraljeva, crkvenih velikodostojnika, sultana i revolucionara, premijera i ministara, samozvanih i izabranih, despota i demokrata \u2013 svih onih koji nisu prezali ni od \u010dega da se do\u010depaju vlasti i odr\u017ee se na njoj. Jezovita povorka opsednutih ve\u0107 je po sebi fascinantna, a prikazane nastranosti samo su okvir za uspostavljanje dubokih psiholo\u0161kih, kulturolo\u0161kih i antropolo\u0161kih sagledavanja fenomena vlasti koja ovom knjigom izrastaju u \u010dudesne literarne studije ljudske prirode.<\/p>\n<p>\u201eBrevijar ljudske gluposti, ta\u0161tine i oholosti koji je toliko neverovatan da je, kona\u010dno, apsolutno literarno istinit.\u201c Mihajlo Panti\u0107<\/p>\n","protected":false},"excerpt":{"rendered":"<p>Posebno izdanje. Istinite pri\u010de o vlasti i podani\u0161tvu. \u0160ta je u vlasti tako privla\u010dno da se zbog nje \u017ertvuju mnogo<\/p>\n","protected":false},"featured_media":33083,"comment_status":"open","ping_status":"closed","template":"","meta":[],"product_brand":[],"product_cat":[411,324,417],"product_tag":[],"class_list":{"0":"post-33082","1":"product","2":"type-product","3":"status-publish","4":"has-post-thumbnail","6":"product_cat-akcija","7":"product_cat-knjige","8":"product_cat-knjizevnost-za-odrasle","10":"first","11":"instock","12":"sale","13":"taxable","14":"shipping-taxable","15":"purchasable","16":"product-type-simple"},"aioseo_notices":[],"_links":{"self":[{"href":"https:\/\/megalicdb.rs\/index.php?rest_route=\/wp\/v2\/product\/33082","targetHints":{"allow":["GET"]}}],"collection":[{"href":"https:\/\/megalicdb.rs\/index.php?rest_route=\/wp\/v2\/product"}],"about":[{"href":"https:\/\/megalicdb.rs\/index.php?rest_route=\/wp\/v2\/types\/product"}],"replies":[{"embeddable":true,"href":"https:\/\/megalicdb.rs\/index.php?rest_route=%2Fwp%2Fv2%2Fcomments&post=33082"}],"version-history":[{"count":1,"href":"https:\/\/megalicdb.rs\/index.php?rest_route=\/wp\/v2\/product\/33082\/revisions"}],"predecessor-version":[{"id":33084,"href":"https:\/\/megalicdb.rs\/index.php?rest_route=\/wp\/v2\/product\/33082\/revisions\/33084"}],"wp:featuredmedia":[{"embeddable":true,"href":"https:\/\/megalicdb.rs\/index.php?rest_route=\/wp\/v2\/media\/33083"}],"wp:attachment":[{"href":"https:\/\/megalicdb.rs\/index.php?rest_route=%2Fwp%2Fv2%2Fmedia&parent=33082"}],"wp:term":[{"taxonomy":"product_brand","embeddable":true,"href":"https:\/\/megalicdb.rs\/index.php?rest_route=%2Fwp%2Fv2%2Fproduct_brand&post=33082"},{"taxonomy":"product_cat","embeddable":true,"href":"https:\/\/megalicdb.rs\/index.php?rest_route=%2Fwp%2Fv2%2Fproduct_cat&post=33082"},{"taxonomy":"product_tag","embeddable":true,"href":"https:\/\/megalicdb.rs\/index.php?rest_route=%2Fwp%2Fv2%2Fproduct_tag&post=33082"}],"curies":[{"name":"wp","href":"https:\/\/api.w.org\/{rel}","templated":true}]}}