{"id":33085,"date":"2025-07-08T17:30:08","date_gmt":"2025-07-08T17:30:08","guid":{"rendered":"https:\/\/megalicdb.rs\/?post_type=product&#038;p=33085"},"modified":"2025-07-11T09:42:49","modified_gmt":"2025-07-11T09:42:49","slug":"dan-kada-je-mijatovic-pogodio-precku-radovan-nastic","status":"publish","type":"product","link":"https:\/\/megalicdb.rs\/?product=dan-kada-je-mijatovic-pogodio-precku-radovan-nastic","title":{"rendered":"Dan kada je Mijatovi\u0107 pogodio pre\u010dku Radovan Nasti\u0107"},"content":{"rendered":"<p>Holivudska pri\u010da.<\/p>\n<p>Upoznajte D\u017eonija Fejvorita. Lako se pamti.<\/p>\n<p>Dor\u0107olac, navija\u010d\u00a0<em>Rada<\/em>\u00a0i fan boksa koji u Los An\u0111elesu \u017eivi svoj ameri\u010dki san.<\/p>\n<p>Na\u0161ao je posao u firmi za obezbe\u0111enje no\u0107nih klubova. No\u0107u je dvostruko bolja lova, a trostruko pla\u0107ena satnica ako se prolazi kroz \u201eugro\u017eena\u201c podru\u010dja \u0161ire okoline grada.<\/p>\n<p>A nije se umrtvio, postao d\u017eangrizav, nisu mu svetla Holivuda udarila u glavu. I dalje mu se jure ribe, izlazi, slu\u0161a nova dobra muzika.<\/p>\n<p>I uvek mu o\u010di zasuze kad pogleda penal Mijatovi\u0107a i tu pre\u010dku.<\/p>\n<p>\u010cak i kada status poznate beogradske face Radovana Nasti\u0107a potone u anonimnost gastarbajtera D\u017eonija, \u010ditalac \u0107e u njegovom \u201eholivudskom\u201c autobiografskom romanu prepoznati tragove beogradske \u0161trafte.<\/p>\n<p>\u201eD\u017eoni se snalazi u Los An\u0111elesu kao riba u vodi. Ali Jugoslovenska kinoteka, koncerti i fudbalske utakmice ne mogu se lako izbrisati iz se\u0107anja.\u201c Branko Golubovi\u0107 Golub (<em>Goblini<\/em>)<\/p>\n<p>\u201eDa je Predrag Mijatovi\u0107 1998. na Mundijalu u Francuskoj iz penala zavalio gol\u010dinu Holan\u0111anima, Jugoslavija bi verovatno pro\u0161la u \u010detvrtfinale. Ga\u0111aju\u0107i same stative, Radovan Nasti\u0107 trenutno \u0161iri istinu po Los An\u0111elesu. Ve\u010dito na najboljem delu margine dru\u0161tva, \u010dovek vrlo jakog libida susre\u0107e trand\u017ee, gejeve, \u0160ekija Turkovi\u0107a i ostale male a zapravo najve\u0107e heroje planete.\u201c\u00a0Du\u0161an \u010cavi\u0107<\/p>\n<p>\u201eLikovi sa holivudske margine i situacije iz svakodnevnog \u017eivota koje Radovan opisuje predstavljaju pravo blago za \u010ditaoca i teleportuju ga u svet gde nema mesta foliranju.\u201c Du\u0161an \u0160aponja<\/p>\n","protected":false},"excerpt":{"rendered":"<p>Holivudska pri\u010da. Upoznajte D\u017eonija Fejvorita. Lako se pamti. Dor\u0107olac, navija\u010d\u00a0Rada\u00a0i fan boksa koji u Los An\u0111elesu \u017eivi svoj ameri\u010dki san.<\/p>\n","protected":false},"featured_media":33086,"comment_status":"open","ping_status":"closed","template":"","meta":[],"product_brand":[],"product_cat":[411,324,417],"product_tag":[],"class_list":{"0":"post-33085","1":"product","2":"type-product","3":"status-publish","4":"has-post-thumbnail","6":"product_cat-akcija","7":"product_cat-knjige","8":"product_cat-knjizevnost-za-odrasle","10":"first","11":"instock","12":"sale","13":"taxable","14":"shipping-taxable","15":"purchasable","16":"product-type-simple"},"aioseo_notices":[],"_links":{"self":[{"href":"https:\/\/megalicdb.rs\/index.php?rest_route=\/wp\/v2\/product\/33085","targetHints":{"allow":["GET"]}}],"collection":[{"href":"https:\/\/megalicdb.rs\/index.php?rest_route=\/wp\/v2\/product"}],"about":[{"href":"https:\/\/megalicdb.rs\/index.php?rest_route=\/wp\/v2\/types\/product"}],"replies":[{"embeddable":true,"href":"https:\/\/megalicdb.rs\/index.php?rest_route=%2Fwp%2Fv2%2Fcomments&post=33085"}],"version-history":[{"count":1,"href":"https:\/\/megalicdb.rs\/index.php?rest_route=\/wp\/v2\/product\/33085\/revisions"}],"predecessor-version":[{"id":33087,"href":"https:\/\/megalicdb.rs\/index.php?rest_route=\/wp\/v2\/product\/33085\/revisions\/33087"}],"wp:featuredmedia":[{"embeddable":true,"href":"https:\/\/megalicdb.rs\/index.php?rest_route=\/wp\/v2\/media\/33086"}],"wp:attachment":[{"href":"https:\/\/megalicdb.rs\/index.php?rest_route=%2Fwp%2Fv2%2Fmedia&parent=33085"}],"wp:term":[{"taxonomy":"product_brand","embeddable":true,"href":"https:\/\/megalicdb.rs\/index.php?rest_route=%2Fwp%2Fv2%2Fproduct_brand&post=33085"},{"taxonomy":"product_cat","embeddable":true,"href":"https:\/\/megalicdb.rs\/index.php?rest_route=%2Fwp%2Fv2%2Fproduct_cat&post=33085"},{"taxonomy":"product_tag","embeddable":true,"href":"https:\/\/megalicdb.rs\/index.php?rest_route=%2Fwp%2Fv2%2Fproduct_tag&post=33085"}],"curies":[{"name":"wp","href":"https:\/\/api.w.org\/{rel}","templated":true}]}}