{"id":33091,"date":"2025-07-08T17:33:23","date_gmt":"2025-07-08T17:33:23","guid":{"rendered":"https:\/\/megalicdb.rs\/?post_type=product&#038;p=33091"},"modified":"2025-07-11T08:47:04","modified_gmt":"2025-07-11T08:47:04","slug":"brojevi-ne-lazu-vaclav-smil","status":"publish","type":"product","link":"https:\/\/megalicdb.rs\/?product=brojevi-ne-lazu-vaclav-smil","title":{"rendered":"Brojevi ne la\u017eu Vaclav Smil"},"content":{"rendered":"<p>Kako da bolje shvatite moderni svet<\/p>\n<p>\u201eMoj omiljeni autor. Bez imalo dvoumljenja preporu\u010dujem ovu knjigu svima koji vole da saznaju ne\u0161to novo.\u201c<br \/>\n\u2013 Bil Gejts<\/p>\n<p>Vaclav Smil se bavi naukom o \u017eivotnoj sredini, politi\u010dki je analiti\u010dar, a njegovo polje istra\u017eivanja kre\u0107e se od energije i prirodne sredine preko tehnologije i prevoza, do proizvodnje hrane. U knjizi\u00a0<em>Brojevi ne la\u017eu<\/em>\u00a0izla\u017ee podatke o dru\u0161tvu i stanovni\u0161tvu, o gorivu i hrani, prira\u0161taju, prevoznim sredstvima i raznim izumima modernog sveta, a razmatra kako sve to uti\u010de na nas i samu planetu. Veoma ve\u0161to nas vodi u avanturu otkrivanja \u010dinjenica, pokazuje nam iznena\u0111uju\u0107e statisti\u010dke podatke i grafikone da bi doveo u pitanje na\u0161e uobi\u010dajeno razmi\u0161ljanje, potkrepljuju\u0107i to nezaboravnim primerima iz \u017eivota. Ovo je preko potrebna i va\u017ena knjiga koja inspiri\u0161e \u010ditaoce da preispitaju ono \u0161to su smatrali istinom.<\/p>\n<p>\u201eLjudski um upija zaslepljuju\u0107e, fotogeni\u010dne slike i pri\u010de koje mu serviraju mediji, ali da bismo razumeli svet, moramo da pratimo podatke, a ne udarne vesti. Ovo je ubedljiv, fascinantan i, \u0161to je najva\u017enije, realan prikaz sveta i pravca u kome se kre\u0107e.\u201c<br \/>\n\u2013 Stiven Pinker, autor dela\u00a0<em>Prosve\u0107eni svet<\/em><\/p>\n<p>\u201eJasna, zanimljiva zbirka tekstova u kojima autor istra\u017euje najspornije teme dana\u0161njice. Izvanredna knjiga.\u201c<br \/>\n\u2013\u00a0<em>Kirkus Reviews<\/em><\/p>\n<p>\u201eSmil izla\u017ee mno\u0161tvo upe\u010datljivih podataka sa impresivnom jasno\u0107om i o\u0161troumnim zapa\u017eanjima.\u201c<br \/>\n\u2013\u00a0<em>Publishers Weekly<\/em><\/p>\n<p>\u201eSmilova jasno\u0107a izra\u017eavanja i predo\u010davanja statisti\u010dkih podataka jam\u010de da \u0107e \u010ditaoci saznati nove, bitne \u010dinjenice i ste\u0107i preciznu sliku o stanju u svetu.\u201c<br \/>\n\u2013\u00a0<em>Booklist<\/em><\/p>\n","protected":false},"excerpt":{"rendered":"<p>Kako da bolje shvatite moderni svet \u201eMoj omiljeni autor. Bez imalo dvoumljenja preporu\u010dujem ovu knjigu svima koji vole da saznaju<\/p>\n","protected":false},"featured_media":33092,"comment_status":"open","ping_status":"closed","template":"","meta":[],"product_brand":[],"product_cat":[411,324,417],"product_tag":[],"class_list":{"0":"post-33091","1":"product","2":"type-product","3":"status-publish","4":"has-post-thumbnail","6":"product_cat-akcija","7":"product_cat-knjige","8":"product_cat-knjizevnost-za-odrasle","10":"first","11":"instock","12":"sale","13":"taxable","14":"shipping-taxable","15":"purchasable","16":"product-type-simple"},"aioseo_notices":[],"_links":{"self":[{"href":"https:\/\/megalicdb.rs\/index.php?rest_route=\/wp\/v2\/product\/33091","targetHints":{"allow":["GET"]}}],"collection":[{"href":"https:\/\/megalicdb.rs\/index.php?rest_route=\/wp\/v2\/product"}],"about":[{"href":"https:\/\/megalicdb.rs\/index.php?rest_route=\/wp\/v2\/types\/product"}],"replies":[{"embeddable":true,"href":"https:\/\/megalicdb.rs\/index.php?rest_route=%2Fwp%2Fv2%2Fcomments&post=33091"}],"version-history":[{"count":1,"href":"https:\/\/megalicdb.rs\/index.php?rest_route=\/wp\/v2\/product\/33091\/revisions"}],"predecessor-version":[{"id":33093,"href":"https:\/\/megalicdb.rs\/index.php?rest_route=\/wp\/v2\/product\/33091\/revisions\/33093"}],"wp:featuredmedia":[{"embeddable":true,"href":"https:\/\/megalicdb.rs\/index.php?rest_route=\/wp\/v2\/media\/33092"}],"wp:attachment":[{"href":"https:\/\/megalicdb.rs\/index.php?rest_route=%2Fwp%2Fv2%2Fmedia&parent=33091"}],"wp:term":[{"taxonomy":"product_brand","embeddable":true,"href":"https:\/\/megalicdb.rs\/index.php?rest_route=%2Fwp%2Fv2%2Fproduct_brand&post=33091"},{"taxonomy":"product_cat","embeddable":true,"href":"https:\/\/megalicdb.rs\/index.php?rest_route=%2Fwp%2Fv2%2Fproduct_cat&post=33091"},{"taxonomy":"product_tag","embeddable":true,"href":"https:\/\/megalicdb.rs\/index.php?rest_route=%2Fwp%2Fv2%2Fproduct_tag&post=33091"}],"curies":[{"name":"wp","href":"https:\/\/api.w.org\/{rel}","templated":true}]}}