{"id":33094,"date":"2025-07-08T17:34:54","date_gmt":"2025-07-08T17:34:54","guid":{"rendered":"https:\/\/megalicdb.rs\/?post_type=product&#038;p=33094"},"modified":"2025-07-11T08:44:53","modified_gmt":"2025-07-11T08:44:53","slug":"glasovi-iz-gluve-sobe-blagoje-grahovac","status":"publish","type":"product","link":"https:\/\/megalicdb.rs\/?product=glasovi-iz-gluve-sobe-blagoje-grahovac","title":{"rendered":"Glasovi iz gluve sobe Blagoje Grahovac"},"content":{"rendered":"<p>Nezaobilazno svedo\u010danstvo iz ratnih \u0161tabova devedesetih!<\/p>\n<p>U \u017eelji da kroz svoj generalski durbin preispita doga\u0111aje koje su pristrasni hroni\u010dari i ostra\u0161\u0107eni u\u010desnici nedavnih ratova do danas iskrivljavali i iznosili svako po svojoj meri, general Grahovac u ovom svedo\u010danstvu pru\u017ea \u010ditaocu objektivan pogled na doga\u0111aje i istovremeno u\u017eivanje kao u kakvom ratnom trileru. Kroz splet ratnih zbivanja, gde je istina prva nastradala, a doma\u0107e i me\u0111unarodne igre dosezale razmere tragi\u010dne farse, pisac uspostavlja vertikalu \u010dove\u010dnosti i vojni\u010dke \u010dasti, iznose\u0107i na svetlo dana mnoge nepoznate pojedinosti i nepo\u010dinstva mo\u0107nika i gospodara rata.<\/p>\n<p>General Grahovac slika jedno tamno doba propasti i srama, smutnoe vreme na domaku tre\u0107eg milenijuma, kad su podoficiri postali komandanti a mnogi od njih ratni zlo\u010dinci, kad su uglavnom ljudi bez zanimanja postali politi\u010dari, kriminalci medijski omiljeni rodoljupci, a patrioti prisiljeni da se sklone ili nestanu&#8230; Polemi\u010dki o\u0161tra i \u010ditka, ova knjiga \u010ditaoca vu\u010de napred kao napet kriminalisti\u010dki roman u kojem smo i sami voljno ili nevoljno u\u010destvovali i \u010dije posledice i danas ose\u0107amo. &#8211;\u00a0Vidosav Stevanovi\u0107<\/p>\n<p>Ozbiljna istorija paklenih devedesetih i godina nakon pada Milo\u0161evi\u0107a ne\u0107e mo\u0107i da se pi\u0161e bez ove knjige. Knjiga\u00a0<em>Glasovi iz gluve sobe<\/em>\u00a0ulazi u one zone koje klasi\u010dna istoriografija te\u0161ko mo\u017ee dosegnuti. Zato je bilo va\u017eno demistifikovati \u201egluvu sobu\u201c o kojoj Grahovac pi\u0161e. Rije\u010d je o prostoriji u kojoj se odvijaju najtajniji poslovi planiranja i dogovaranja vojnog vrha jedne dr\u017eave, a autor je bio dio \u201esaziva\u201c te gluve sobe u najtraumati\u010dnijem periodu savremene istorije. &#8211;\u00a0Bal\u0161a Brkovi\u0107<\/p>\n","protected":false},"excerpt":{"rendered":"<p>Nezaobilazno svedo\u010danstvo iz ratnih \u0161tabova devedesetih! U \u017eelji da kroz svoj generalski durbin preispita doga\u0111aje koje su pristrasni hroni\u010dari i<\/p>\n","protected":false},"featured_media":33095,"comment_status":"open","ping_status":"closed","template":"","meta":[],"product_brand":[],"product_cat":[411,324,417],"product_tag":[],"class_list":{"0":"post-33094","1":"product","2":"type-product","3":"status-publish","4":"has-post-thumbnail","6":"product_cat-akcija","7":"product_cat-knjige","8":"product_cat-knjizevnost-za-odrasle","10":"first","11":"instock","12":"sale","13":"taxable","14":"shipping-taxable","15":"purchasable","16":"product-type-simple"},"aioseo_notices":[],"_links":{"self":[{"href":"https:\/\/megalicdb.rs\/index.php?rest_route=\/wp\/v2\/product\/33094","targetHints":{"allow":["GET"]}}],"collection":[{"href":"https:\/\/megalicdb.rs\/index.php?rest_route=\/wp\/v2\/product"}],"about":[{"href":"https:\/\/megalicdb.rs\/index.php?rest_route=\/wp\/v2\/types\/product"}],"replies":[{"embeddable":true,"href":"https:\/\/megalicdb.rs\/index.php?rest_route=%2Fwp%2Fv2%2Fcomments&post=33094"}],"version-history":[{"count":1,"href":"https:\/\/megalicdb.rs\/index.php?rest_route=\/wp\/v2\/product\/33094\/revisions"}],"predecessor-version":[{"id":33096,"href":"https:\/\/megalicdb.rs\/index.php?rest_route=\/wp\/v2\/product\/33094\/revisions\/33096"}],"wp:featuredmedia":[{"embeddable":true,"href":"https:\/\/megalicdb.rs\/index.php?rest_route=\/wp\/v2\/media\/33095"}],"wp:attachment":[{"href":"https:\/\/megalicdb.rs\/index.php?rest_route=%2Fwp%2Fv2%2Fmedia&parent=33094"}],"wp:term":[{"taxonomy":"product_brand","embeddable":true,"href":"https:\/\/megalicdb.rs\/index.php?rest_route=%2Fwp%2Fv2%2Fproduct_brand&post=33094"},{"taxonomy":"product_cat","embeddable":true,"href":"https:\/\/megalicdb.rs\/index.php?rest_route=%2Fwp%2Fv2%2Fproduct_cat&post=33094"},{"taxonomy":"product_tag","embeddable":true,"href":"https:\/\/megalicdb.rs\/index.php?rest_route=%2Fwp%2Fv2%2Fproduct_tag&post=33094"}],"curies":[{"name":"wp","href":"https:\/\/api.w.org\/{rel}","templated":true}]}}