{"id":33097,"date":"2025-07-08T17:36:05","date_gmt":"2025-07-08T17:36:05","guid":{"rendered":"https:\/\/megalicdb.rs\/?post_type=product&#038;p=33097"},"modified":"2025-07-11T08:45:48","modified_gmt":"2025-07-11T08:45:48","slug":"drugi-krug-svetislav-basara-miljenko-jergovic","status":"publish","type":"product","link":"https:\/\/megalicdb.rs\/?product=drugi-krug-svetislav-basara-miljenko-jergovic","title":{"rendered":"Drugi krug Svetislav Basara, Miljenko Jergovi\u0107"},"content":{"rendered":"<p>I u \u201edrugom krugu\u201c svoje prepiske Miljenko Jergovi\u0107 i Svetislav Basara nastavljaju, kako ka\u017ee jedan od njih, \u201esa ogovaranjem ovog palog sveta\u201c. Njihove teme su terorizam, savremena Evropa i Rusija, putokazi na na\u0161im putevima, lektira ova dva pisca ali i lektira balkanskih predsednika, paljenje zastava, kolektivno, individualno i fantomsko se\u0107anje, bekstvo unapred, pesimizam i depresija, ratovi i gradovi na\u0161e pro\u0161losti, prostor i vreme kroz prizmu istorije \u2013 i sve to u duhovitim i pronicljivim opaskama ispod kojih se pomalja kriti\u010dki duh i duboko promi\u0161ljanje pojava, obi\u010daja, ljudi i doga\u0111aja u savremenom svetu, pre svega u balkanskom podneblju kojem oba pisca pripadaju.<\/p>\n<p>Jergovi\u0107 i Basara naizmeni\u010dno pokre\u0107u razli\u010dita pitanja i podjednako lucidno na njih uzajamno odgovaraju, nadovezuju\u0107i se na nove i druk\u010dije teme koje jedne iz drugih proizilaze. U tom uzajamnom podsticanju ova prepiska poprima formu zbirke ogleda rastere\u0107ene svojih \u017eanrovskih stega, i utoliko se \u010dita lako, kao uzbudljivo i relevantno \u0161tivo koje se ti\u010de sviju nas i koje razotkriva mnoge na\u0161e predrasude i zablude.<\/p>\n","protected":false},"excerpt":{"rendered":"<p>I u \u201edrugom krugu\u201c svoje prepiske Miljenko Jergovi\u0107 i Svetislav Basara nastavljaju, kako ka\u017ee jedan od njih, \u201esa ogovaranjem ovog<\/p>\n","protected":false},"featured_media":33098,"comment_status":"open","ping_status":"closed","template":"","meta":[],"product_brand":[],"product_cat":[411,324,417],"product_tag":[],"class_list":{"0":"post-33097","1":"product","2":"type-product","3":"status-publish","4":"has-post-thumbnail","6":"product_cat-akcija","7":"product_cat-knjige","8":"product_cat-knjizevnost-za-odrasle","10":"first","11":"instock","12":"sale","13":"taxable","14":"shipping-taxable","15":"purchasable","16":"product-type-simple"},"aioseo_notices":[],"_links":{"self":[{"href":"https:\/\/megalicdb.rs\/index.php?rest_route=\/wp\/v2\/product\/33097","targetHints":{"allow":["GET"]}}],"collection":[{"href":"https:\/\/megalicdb.rs\/index.php?rest_route=\/wp\/v2\/product"}],"about":[{"href":"https:\/\/megalicdb.rs\/index.php?rest_route=\/wp\/v2\/types\/product"}],"replies":[{"embeddable":true,"href":"https:\/\/megalicdb.rs\/index.php?rest_route=%2Fwp%2Fv2%2Fcomments&post=33097"}],"version-history":[{"count":1,"href":"https:\/\/megalicdb.rs\/index.php?rest_route=\/wp\/v2\/product\/33097\/revisions"}],"predecessor-version":[{"id":33099,"href":"https:\/\/megalicdb.rs\/index.php?rest_route=\/wp\/v2\/product\/33097\/revisions\/33099"}],"wp:featuredmedia":[{"embeddable":true,"href":"https:\/\/megalicdb.rs\/index.php?rest_route=\/wp\/v2\/media\/33098"}],"wp:attachment":[{"href":"https:\/\/megalicdb.rs\/index.php?rest_route=%2Fwp%2Fv2%2Fmedia&parent=33097"}],"wp:term":[{"taxonomy":"product_brand","embeddable":true,"href":"https:\/\/megalicdb.rs\/index.php?rest_route=%2Fwp%2Fv2%2Fproduct_brand&post=33097"},{"taxonomy":"product_cat","embeddable":true,"href":"https:\/\/megalicdb.rs\/index.php?rest_route=%2Fwp%2Fv2%2Fproduct_cat&post=33097"},{"taxonomy":"product_tag","embeddable":true,"href":"https:\/\/megalicdb.rs\/index.php?rest_route=%2Fwp%2Fv2%2Fproduct_tag&post=33097"}],"curies":[{"name":"wp","href":"https:\/\/api.w.org\/{rel}","templated":true}]}}