{"id":33106,"date":"2025-07-08T17:41:02","date_gmt":"2025-07-08T17:41:02","guid":{"rendered":"https:\/\/megalicdb.rs\/?post_type=product&#038;p=33106"},"modified":"2025-07-11T08:14:50","modified_gmt":"2025-07-11T08:14:50","slug":"sto-godina-leni-i-margo-merijen-kronin","status":"publish","type":"product","link":"https:\/\/megalicdb.rs\/?product=sto-godina-leni-i-margo-merijen-kronin","title":{"rendered":"Sto godina Leni i Margo Merijen Kronin"},"content":{"rendered":"<p>Jedno neobi\u010dno prijateljstvo. \u010citav \u017eivotni vek ispunjen pri\u010dama.<\/p>\n<p>\u0160armantan, neodoljivo duhovit roman prepun \u017eivotne radosti \u2013 jedno hrabro svedo\u010danstvo o tome koliko je va\u017eno iskoristiti svaki dan.<\/p>\n<p>Sedamnaestogodi\u0161nja Leni Peterson \u017eivi u Glazgovskoj kraljevskoj bolnici, na odeljenju za neizle\u010dive bolesti. Iako su joj ve\u0107 saop\u0161tili da umire, Leni treba da pro\u017eivi jo\u0161 mnogo toga. Na \u010dasovima slikanja u bolnici upoznaje neverovatnu osamdesettrogodi\u0161nju Margo \u2013 buntovnicu u ljubi\u010dastoj pid\u017eami koja obo\u017eava vo\u0107ne kola\u010de. Ona \u0107e promeniti Leni na stotinu neo\u010dekivanih na\u010dina.<\/p>\n<p>Prijateljstvo cveta, a dve neobi\u010dne drugarice \u2013 koje zajedno imaju sto godina \u2013 otkrivaju \u010ditav jedan svet pun pri\u010da. Iako je sve manje vremena, obe su re\u0161ene da ostave za sobom nekakav trag u svetu. Uz pomo\u0107 medicinske sestre koja obo\u017eava Leni, i oca Artura, strpljivog bolni\u010dkog sve\u0161tenika, Leni i Margo smi\u0161ljaju plan: naslika\u0107e sto slika kao svedo\u010danstvo o veku koji su pro\u017eivele \u2013 predstavi\u0107e pri\u010de o ljubavi i gubitku, o hrabrosti i dobroti, o neo\u010dekivanoj ne\u017enosti i naj\u010distijoj radosti.<\/p>\n<p>Iako se kraj bli\u017ei, \u017eivot ovih nezaboravnih \u017eena jo\u0161 nije gotov.<\/p>\n<p><em>Sto godina Leni i Margo<\/em>\u00a0je knjiga koja \u0107e vam slomiti srce, ali \u0107e vas ujedno nasmejati i uliti vam nadu. Podseti\u0107e vas koliko je \u017eivot dragocen i koliko je prijateljstvo ponekad \u010dudesno i bezvremeno, i nave\u0161\u0107e vas da se zapitate \u0161ta to ostavljamo za sobom i kako uti\u010demo na tu\u0111e \u017eivote \u010dak i kad nas vi\u0161e nema.<\/p>\n<p>\u201eElegantno, inteligentno, divno napisano. Puno mudrosti i dobrote. Ovakve knjige obo\u017eavam.\u201c<br \/>\nD\u017eoana Kanon<\/p>\n<p>\u201eTopla pri\u010da o prijateljstvu koje se mo\u017ee razviti me\u0111u ljudima razli\u010ditih generacija.\u201c<br \/>\n<em>BBC<br \/>\n<\/em><br \/>\n\u201eDivna, potresna pri\u010da koju \u010ditaoci dugo ne\u0107e zaboraviti.\u201c<br \/>\n<em>Elle<\/em><\/p>\n","protected":false},"excerpt":{"rendered":"<p>Jedno neobi\u010dno prijateljstvo. \u010citav \u017eivotni vek ispunjen pri\u010dama. \u0160armantan, neodoljivo duhovit roman prepun \u017eivotne radosti \u2013 jedno hrabro svedo\u010danstvo o<\/p>\n","protected":false},"featured_media":33107,"comment_status":"open","ping_status":"closed","template":"","meta":[],"product_brand":[],"product_cat":[411,416,324],"product_tag":[],"class_list":{"0":"post-33106","1":"product","2":"type-product","3":"status-publish","4":"has-post-thumbnail","6":"product_cat-akcija","7":"product_cat-beletristika","8":"product_cat-knjige","10":"first","11":"instock","12":"sale","13":"taxable","14":"shipping-taxable","15":"purchasable","16":"product-type-simple"},"aioseo_notices":[],"_links":{"self":[{"href":"https:\/\/megalicdb.rs\/index.php?rest_route=\/wp\/v2\/product\/33106","targetHints":{"allow":["GET"]}}],"collection":[{"href":"https:\/\/megalicdb.rs\/index.php?rest_route=\/wp\/v2\/product"}],"about":[{"href":"https:\/\/megalicdb.rs\/index.php?rest_route=\/wp\/v2\/types\/product"}],"replies":[{"embeddable":true,"href":"https:\/\/megalicdb.rs\/index.php?rest_route=%2Fwp%2Fv2%2Fcomments&post=33106"}],"version-history":[{"count":1,"href":"https:\/\/megalicdb.rs\/index.php?rest_route=\/wp\/v2\/product\/33106\/revisions"}],"predecessor-version":[{"id":33108,"href":"https:\/\/megalicdb.rs\/index.php?rest_route=\/wp\/v2\/product\/33106\/revisions\/33108"}],"wp:featuredmedia":[{"embeddable":true,"href":"https:\/\/megalicdb.rs\/index.php?rest_route=\/wp\/v2\/media\/33107"}],"wp:attachment":[{"href":"https:\/\/megalicdb.rs\/index.php?rest_route=%2Fwp%2Fv2%2Fmedia&parent=33106"}],"wp:term":[{"taxonomy":"product_brand","embeddable":true,"href":"https:\/\/megalicdb.rs\/index.php?rest_route=%2Fwp%2Fv2%2Fproduct_brand&post=33106"},{"taxonomy":"product_cat","embeddable":true,"href":"https:\/\/megalicdb.rs\/index.php?rest_route=%2Fwp%2Fv2%2Fproduct_cat&post=33106"},{"taxonomy":"product_tag","embeddable":true,"href":"https:\/\/megalicdb.rs\/index.php?rest_route=%2Fwp%2Fv2%2Fproduct_tag&post=33106"}],"curies":[{"name":"wp","href":"https:\/\/api.w.org\/{rel}","templated":true}]}}