{"id":33112,"date":"2025-07-08T17:43:50","date_gmt":"2025-07-08T17:43:50","guid":{"rendered":"https:\/\/megalicdb.rs\/?post_type=product&#038;p=33112"},"modified":"2025-07-11T08:55:09","modified_gmt":"2025-07-11T08:55:09","slug":"smrt-za-poneti-zoran-s-nikolic","status":"publish","type":"product","link":"https:\/\/megalicdb.rs\/?product=smrt-za-poneti-zoran-s-nikolic","title":{"rendered":"Smrt za poneti Zoran S. Nikoli\u0107"},"content":{"rendered":"<p>Arhitekta Janko Klindup je od detinjstva do zrelih godina svedok brojnih nevolja i stradanja. Neumoljivim zakonom vremena umiru \u017eene koje je voleo, ali i prijatelji, srodnici, susedi&#8230; Me\u0111utim, Janko je jak \u010dovek koji, uz spasonosnu dozu lekovitog humora i mudrosti li\u0161ene straha i nestrpljenja, rano u\u010di da trpi udarce, a kasnije opa\u017ea da je svaka smrt druga\u010dija. Sude\u0107i po nekim smrtnim slu\u010dajevima u svojoj okolini, on bi rekao da je smrt poput ro\u0111enja; sude\u0107i po drugima, smrt je \u010dak neka vrsta novog iskustva, a katkad se pokazuje i da kraj \u017eivota jedne osobe vodi po\u010detku ljubavi s drugom. Naoru\u017ean svim tim iskustvima i spoznajama, glavni junak\u00a0<em>Smrti za poneti<\/em>\u00a0odlu\u010duje se na bespo\u0161tedan i kona\u010dan obra\u010dun kada \u0107e poku\u0161ati ono \u0161to svima deluje nemogu\u0107e \u2013 da pobedi stra\u0161nu kosa\u010dicu ljudskih \u017eivota ili bar zna\u010dajno odlo\u017ei njenu posetu.<\/p>\n<p>Ali i smrt ima svoje planove za Janka. Po\u0161to je u svom opsesivnom bavljenju njome za pola veka svog \u017eivota upoznao mnoge, a mo\u017eda ih i povredio kopanjem po njihovoj intimi, Janko ne smi\u0161lja samo strategiju za odbranu od smrti nego i za fizi\u010dku, najbolniju i potencijalno najopasniju \u2013 odbranu od bli\u017enjih.<\/p>\n<p><em>Smrt za poneti<\/em>\u00a0Zorana S. Nikoli\u0107a je knjiga koja ubedljivo potvr\u0111uje da o ovoj ve\u010dnoj i tako krupnoj temi nije sve re\u010deno.<\/p>\n","protected":false},"excerpt":{"rendered":"<p>Arhitekta Janko Klindup je od detinjstva do zrelih godina svedok brojnih nevolja i stradanja. Neumoljivim zakonom vremena umiru \u017eene koje<\/p>\n","protected":false},"featured_media":33113,"comment_status":"open","ping_status":"closed","template":"","meta":[],"product_brand":[],"product_cat":[411,324,417],"product_tag":[],"class_list":{"0":"post-33112","1":"product","2":"type-product","3":"status-publish","4":"has-post-thumbnail","6":"product_cat-akcija","7":"product_cat-knjige","8":"product_cat-knjizevnost-za-odrasle","10":"first","11":"instock","12":"sale","13":"taxable","14":"shipping-taxable","15":"purchasable","16":"product-type-simple"},"aioseo_notices":[],"_links":{"self":[{"href":"https:\/\/megalicdb.rs\/index.php?rest_route=\/wp\/v2\/product\/33112","targetHints":{"allow":["GET"]}}],"collection":[{"href":"https:\/\/megalicdb.rs\/index.php?rest_route=\/wp\/v2\/product"}],"about":[{"href":"https:\/\/megalicdb.rs\/index.php?rest_route=\/wp\/v2\/types\/product"}],"replies":[{"embeddable":true,"href":"https:\/\/megalicdb.rs\/index.php?rest_route=%2Fwp%2Fv2%2Fcomments&post=33112"}],"version-history":[{"count":1,"href":"https:\/\/megalicdb.rs\/index.php?rest_route=\/wp\/v2\/product\/33112\/revisions"}],"predecessor-version":[{"id":33114,"href":"https:\/\/megalicdb.rs\/index.php?rest_route=\/wp\/v2\/product\/33112\/revisions\/33114"}],"wp:featuredmedia":[{"embeddable":true,"href":"https:\/\/megalicdb.rs\/index.php?rest_route=\/wp\/v2\/media\/33113"}],"wp:attachment":[{"href":"https:\/\/megalicdb.rs\/index.php?rest_route=%2Fwp%2Fv2%2Fmedia&parent=33112"}],"wp:term":[{"taxonomy":"product_brand","embeddable":true,"href":"https:\/\/megalicdb.rs\/index.php?rest_route=%2Fwp%2Fv2%2Fproduct_brand&post=33112"},{"taxonomy":"product_cat","embeddable":true,"href":"https:\/\/megalicdb.rs\/index.php?rest_route=%2Fwp%2Fv2%2Fproduct_cat&post=33112"},{"taxonomy":"product_tag","embeddable":true,"href":"https:\/\/megalicdb.rs\/index.php?rest_route=%2Fwp%2Fv2%2Fproduct_tag&post=33112"}],"curies":[{"name":"wp","href":"https:\/\/api.w.org\/{rel}","templated":true}]}}