{"id":33115,"date":"2025-07-08T17:52:12","date_gmt":"2025-07-08T17:52:12","guid":{"rendered":"https:\/\/megalicdb.rs\/?post_type=product&#038;p=33115"},"modified":"2025-07-11T08:34:50","modified_gmt":"2025-07-11T08:34:50","slug":"ulicna-akademija-lazar-ristovski","status":"publish","type":"product","link":"https:\/\/megalicdb.rs\/?product=ulicna-akademija-lazar-ristovski","title":{"rendered":"Uli\u010dna akademija Lazar Ristovski"},"content":{"rendered":"<p>Druga knjiga pri\u010da Lazara Ristovskog utvr\u0111uje ovog svestranog umetnika kao darovitog pisca koji je obogatio svoj knji\u017eevni postupak i pro\u0161irio tematski okvir svojih knji\u017eevnih interesovanja. Doga\u0111aje iz svakodnevnog \u017eivota i sudbine \u201emalih ljudi\u201c prate u svakoj pri\u010di iznena\u0111uju\u0107i obrti, a dramati\u010dnost radnje i uverljivost dijaloga ostvaruju se kroz osoben humor i ironiju. Ispripovedane u tre\u0107em licu, sve pri\u010de u ovoj zbirci objedinjuje svojevrsno melanholi\u010dno raspolo\u017eenje i razumevanje psihologije njenih junaka, \u0161to neke pri\u010de svrstava u prave bisere kratke proze u savremenoj srpskoj knji\u017eevnosti.<\/p>\n<p>\u201eMa o \u010demu pisali, pisci pi\u0161u o ljubavi i o smrti. U novim pri\u010dama Lazara Ristovskog ovozemaljska ljubav je surova erotska igra, iza koje se krije strah od kona\u010dne samo\u0107e. Da bi se taj strah pobedio, neophodna je ma\u0161ta \u2013 kao ma\u0161ta glumca koji u njujor\u0161kom metrou igra Hamleta za bandu siled\u017eija pristiglih u stvarnost sna iz filma Voltera Hila. Ili ma\u0161ta crne Ofelije koja nagra\u0111uje poljupcima \u010doveka \u0161to glumi kao \u0161to \u0160eherezada pri\u010da. Ili ma\u0161ta starog profesora, Don \u017duana \u2013 Minhauzena, koji o svojim ljubavnim podvizima pri\u010da \u0111acima koji su ga odavno napustili i oti\u0161li svojim putevima&#8230;\u201c Vladimir Kecmanovi\u0107<\/p>\n<p>\u201eKnjiga privla\u010dnog i intrigantnog naslova\u00a0<em>Uli\u010dna akademija<\/em>\u00a0potvr\u0111uje najbolje osobine prethodne proze Lazara Ristovskog, posebno njegovih\u00a0<em>Jednostavnih pri\u010da<\/em>. Ova zbirka nudi provokativne pri\u010de iz \u017eivota obi\u010dnih ljudi na\u0161eg vremena, dobro izabrane i upe\u010datljive likove, neposredan do\u017eivljaj, komunikativan izraz i stil. Naj\u010de\u0161\u0107e prepoznatljivi \u017eivotni prizori povremeno prelaze u neobi\u010dne sadr\u017eaje na granici alegorijske fantastike, zna\u010dajne novine u njegovoj novoj prozi. Opisani doga\u0111aji \u010desto su obojeni nagla\u0161enom \u017eivotnom vedrinom i rado\u0161\u0107u. Posebno su zanimljive pri\u010de o na\u0161im ljudima u stranim sredinama, u Njujorku, Be\u010du i drugde, koje \u0107e svojom slikovito\u0161\u0107u, filmskim zapletom i dramskim intenzitetom, kao \u2019Piro\u0107anac u Njujorku\u2019 ili \u2019Uli\u010dna akademija\u2019, sigurno na\u0107i neposredan i brz put prema \u010ditala\u010dkoj publici.\u201c Marko Nedi\u0107<\/p>\n","protected":false},"excerpt":{"rendered":"<p>Druga knjiga pri\u010da Lazara Ristovskog utvr\u0111uje ovog svestranog umetnika kao darovitog pisca koji je obogatio svoj knji\u017eevni postupak i pro\u0161irio<\/p>\n","protected":false},"featured_media":33116,"comment_status":"open","ping_status":"closed","template":"","meta":[],"product_brand":[],"product_cat":[411,324,417],"product_tag":[],"class_list":{"0":"post-33115","1":"product","2":"type-product","3":"status-publish","4":"has-post-thumbnail","6":"product_cat-akcija","7":"product_cat-knjige","8":"product_cat-knjizevnost-za-odrasle","10":"first","11":"instock","12":"sale","13":"taxable","14":"shipping-taxable","15":"purchasable","16":"product-type-simple"},"aioseo_notices":[],"_links":{"self":[{"href":"https:\/\/megalicdb.rs\/index.php?rest_route=\/wp\/v2\/product\/33115","targetHints":{"allow":["GET"]}}],"collection":[{"href":"https:\/\/megalicdb.rs\/index.php?rest_route=\/wp\/v2\/product"}],"about":[{"href":"https:\/\/megalicdb.rs\/index.php?rest_route=\/wp\/v2\/types\/product"}],"replies":[{"embeddable":true,"href":"https:\/\/megalicdb.rs\/index.php?rest_route=%2Fwp%2Fv2%2Fcomments&post=33115"}],"version-history":[{"count":1,"href":"https:\/\/megalicdb.rs\/index.php?rest_route=\/wp\/v2\/product\/33115\/revisions"}],"predecessor-version":[{"id":33117,"href":"https:\/\/megalicdb.rs\/index.php?rest_route=\/wp\/v2\/product\/33115\/revisions\/33117"}],"wp:featuredmedia":[{"embeddable":true,"href":"https:\/\/megalicdb.rs\/index.php?rest_route=\/wp\/v2\/media\/33116"}],"wp:attachment":[{"href":"https:\/\/megalicdb.rs\/index.php?rest_route=%2Fwp%2Fv2%2Fmedia&parent=33115"}],"wp:term":[{"taxonomy":"product_brand","embeddable":true,"href":"https:\/\/megalicdb.rs\/index.php?rest_route=%2Fwp%2Fv2%2Fproduct_brand&post=33115"},{"taxonomy":"product_cat","embeddable":true,"href":"https:\/\/megalicdb.rs\/index.php?rest_route=%2Fwp%2Fv2%2Fproduct_cat&post=33115"},{"taxonomy":"product_tag","embeddable":true,"href":"https:\/\/megalicdb.rs\/index.php?rest_route=%2Fwp%2Fv2%2Fproduct_tag&post=33115"}],"curies":[{"name":"wp","href":"https:\/\/api.w.org\/{rel}","templated":true}]}}