{"id":33127,"date":"2025-07-08T17:57:41","date_gmt":"2025-07-08T17:57:41","guid":{"rendered":"https:\/\/megalicdb.rs\/?post_type=product&#038;p=33127"},"modified":"2025-07-11T08:28:14","modified_gmt":"2025-07-11T08:28:14","slug":"pre-nego-sto-bude-kasno-dusan-miklja","status":"publish","type":"product","link":"https:\/\/megalicdb.rs\/?product=pre-nego-sto-bude-kasno-dusan-miklja","title":{"rendered":"Pre nego \u0161to bude kasno Du\u0161an Miklja"},"content":{"rendered":"<p>Geopoliti\u010dki triler o korporacijskoj kontroli sveta.<em><\/p>\n<p><\/em>Ko \u0107e \u010duti pad drveta u pustoj \u0161umi?<\/p>\n<p>Poku\u0161avaju\u0107i da otkrije smisao ove zagonetke i motive njenog po\u0161iljaoca, njujor\u0161ki novinar Hugo Vulf prati tragove koje mu s nepoznate adrese dostavlja nekada\u0161nji upravnik federalnog zatvora, danas preobra\u0107enik savesti. \u0160ta je to uznemiravalo njegovu savest i za\u0161to se probudila posle skoro pola veka? Vulf nije jedini koji \u017eeli to da otkrije.<\/p>\n<p>Pra\u0107en i proganjan, Vulf prelazi put od lavirinta njujor\u0161kih arhiva, preko holandskog sedi\u0161ta Bilderbergove grupe, koja na tajnim sastancima okuplja najmo\u0107nije ljude sveta, sve do poslednjih hri\u0161\u0107anskih oaza u Siriji, u kojima se jo\u0161 mo\u017ee \u010duti jezik Isusa Hrista. Ozna\u010den kao meta, zavise\u0107i na kraju samo od jedne \u017eene iz srca sistema, u koju se boji da veruje, Vulf otkriva obrise \u010dudovi\u0161nog mehanizma koji modeluje savremeni svet. Me\u0111utim, kad se iza tog otkri\u0107a pomoli i re\u0161enje po\u010detne zagonetke, koje budi nadu, \u010dak ni njegove metafizi\u010dke dimenzije i sudbinski zna\u010dajne konsekvence ne\u0107e ispuniti dubinu gre\u0161ke koju je po\u010dinio i veli\u010dinu gubitka koji \u0107e zbog toga nositi.<\/p>\n","protected":false},"excerpt":{"rendered":"<p>Geopoliti\u010dki triler o korporacijskoj kontroli sveta. Ko \u0107e \u010duti pad drveta u pustoj \u0161umi? Poku\u0161avaju\u0107i da otkrije smisao ove zagonetke<\/p>\n","protected":false},"featured_media":33128,"comment_status":"open","ping_status":"closed","template":"","meta":[],"product_brand":[],"product_cat":[411,324,417],"product_tag":[],"class_list":{"0":"post-33127","1":"product","2":"type-product","3":"status-publish","4":"has-post-thumbnail","6":"product_cat-akcija","7":"product_cat-knjige","8":"product_cat-knjizevnost-za-odrasle","10":"first","11":"instock","12":"sale","13":"taxable","14":"shipping-taxable","15":"purchasable","16":"product-type-simple"},"aioseo_notices":[],"_links":{"self":[{"href":"https:\/\/megalicdb.rs\/index.php?rest_route=\/wp\/v2\/product\/33127","targetHints":{"allow":["GET"]}}],"collection":[{"href":"https:\/\/megalicdb.rs\/index.php?rest_route=\/wp\/v2\/product"}],"about":[{"href":"https:\/\/megalicdb.rs\/index.php?rest_route=\/wp\/v2\/types\/product"}],"replies":[{"embeddable":true,"href":"https:\/\/megalicdb.rs\/index.php?rest_route=%2Fwp%2Fv2%2Fcomments&post=33127"}],"version-history":[{"count":1,"href":"https:\/\/megalicdb.rs\/index.php?rest_route=\/wp\/v2\/product\/33127\/revisions"}],"predecessor-version":[{"id":33129,"href":"https:\/\/megalicdb.rs\/index.php?rest_route=\/wp\/v2\/product\/33127\/revisions\/33129"}],"wp:featuredmedia":[{"embeddable":true,"href":"https:\/\/megalicdb.rs\/index.php?rest_route=\/wp\/v2\/media\/33128"}],"wp:attachment":[{"href":"https:\/\/megalicdb.rs\/index.php?rest_route=%2Fwp%2Fv2%2Fmedia&parent=33127"}],"wp:term":[{"taxonomy":"product_brand","embeddable":true,"href":"https:\/\/megalicdb.rs\/index.php?rest_route=%2Fwp%2Fv2%2Fproduct_brand&post=33127"},{"taxonomy":"product_cat","embeddable":true,"href":"https:\/\/megalicdb.rs\/index.php?rest_route=%2Fwp%2Fv2%2Fproduct_cat&post=33127"},{"taxonomy":"product_tag","embeddable":true,"href":"https:\/\/megalicdb.rs\/index.php?rest_route=%2Fwp%2Fv2%2Fproduct_tag&post=33127"}],"curies":[{"name":"wp","href":"https:\/\/api.w.org\/{rel}","templated":true}]}}