{"id":33139,"date":"2025-07-08T18:03:21","date_gmt":"2025-07-08T18:03:21","guid":{"rendered":"https:\/\/megalicdb.rs\/?post_type=product&#038;p=33139"},"modified":"2025-07-11T08:23:43","modified_gmt":"2025-07-11T08:23:43","slug":"tri-cunamija-ili-evropa-je-ranjena-blagoje-grahovac","status":"publish","type":"product","link":"https:\/\/megalicdb.rs\/?product=tri-cunamija-ili-evropa-je-ranjena-blagoje-grahovac","title":{"rendered":"Tri cunamija ili Evropa je ranjena Blagoje Grahovac"},"content":{"rendered":"<p>\u201eKoncept pobune je u krizi kao nikada do sada; koncept kontrole uznapredovao je do fantasti\u010dnih razmjera; istovremeno se odigrava opasan povratak populizma i desnice na evropsku scenu. U ovakvoj atmosferi, po mi\u0161ljenju Grahovca, na Evropu i Balkan udaraju opasne sile koje poput cunamija prete da uni\u0161te njen sistem vrijednosti. Cunami sa Zapada je NEOLIBERALIZAM, po autoru \u2013 samo nova forma fa\u0161izma \u2013 a cinizam novih mo\u0107nika ideolo\u0161ki utemeljen u neoliberalizmu daje najsumorniju sliku savremenog svijeta. Cunami koji dolazi sa Istoka je talas KORUPCIJE I KRIMINALA \u2013 ovaj nasrtaj na evropski duh mijenja politiku i ekonomiju, miksuju\u0107i besramni feudalizam sa postmodernom medijskom civilizacijom prevare. Tre\u0107i cunami, koji dolazi sa Juga, jeste val naoru\u017eanog fanatizma i RELIGIJSKOG FUNDAMENTALIZMA.\u201c Bal\u0161a Brkovi\u0107<\/p>\n<p>\u201eOva knjiga koja nakon\u00a0<em>Glasova iz gluve sobe<\/em>\u00a0i\u00a0<em>Banditos<\/em>a ponovo iznena\u0111uje malo poznatim i do sada mnogim nepoznatim \u010dinjenicama, nije samo nastavak prethodne dve. U njoj autor, bave\u0107i se prevashodno geostrategijom i razvojem me\u0111udr\u017eavnih, a na Balkanu posebno i me\u0111unacionalnih, uverljivo dokazuje da su razlozi vo\u0111enja geopolitike i ekonomije puki interes naju\u017eih grupa vlasnika krupnog kapitala.\u201c prof. dr Neboj\u0161a Kolari\u0107<\/p>\n<p>\u201eSvaki inteligentan \u010ditalac, koji se ne boji istine, pouzdanog saznanja i neoborivih \u010dinjenica, prepozna\u0107e ne samo lica i doga\u0111aje, ve\u0107 izazove na\u0161ega vremena, opasnosti koje mu prete iznutra i spolja, prevare politike i la\u017ei propagande. I kriti\u010dni trenutak kome se kao \u010dove\u010danstvo pribli\u017eavamo. Ho\u0107emo li prepoznati i spre\u010diti zla koje smo sami napravili ili \u0107emo im podle\u0107i laskaju\u0107i sebi da smo bolji od svega \u017eivog na svetu i u kosmosu, da sve znamo i da nam niko ni\u0161ta ne mo\u017ee, pa ni mi sami sebi?\u201c Vidosav Stevanovi\u0107<\/p>\n","protected":false},"excerpt":{"rendered":"<p>\u201eKoncept pobune je u krizi kao nikada do sada; koncept kontrole uznapredovao je do fantasti\u010dnih razmjera; istovremeno se odigrava opasan<\/p>\n","protected":false},"featured_media":33140,"comment_status":"open","ping_status":"closed","template":"","meta":[],"product_brand":[],"product_cat":[411,324,417],"product_tag":[],"class_list":{"0":"post-33139","1":"product","2":"type-product","3":"status-publish","4":"has-post-thumbnail","6":"product_cat-akcija","7":"product_cat-knjige","8":"product_cat-knjizevnost-za-odrasle","10":"first","11":"instock","12":"sale","13":"taxable","14":"shipping-taxable","15":"purchasable","16":"product-type-simple"},"aioseo_notices":[],"_links":{"self":[{"href":"https:\/\/megalicdb.rs\/index.php?rest_route=\/wp\/v2\/product\/33139","targetHints":{"allow":["GET"]}}],"collection":[{"href":"https:\/\/megalicdb.rs\/index.php?rest_route=\/wp\/v2\/product"}],"about":[{"href":"https:\/\/megalicdb.rs\/index.php?rest_route=\/wp\/v2\/types\/product"}],"replies":[{"embeddable":true,"href":"https:\/\/megalicdb.rs\/index.php?rest_route=%2Fwp%2Fv2%2Fcomments&post=33139"}],"version-history":[{"count":1,"href":"https:\/\/megalicdb.rs\/index.php?rest_route=\/wp\/v2\/product\/33139\/revisions"}],"predecessor-version":[{"id":33141,"href":"https:\/\/megalicdb.rs\/index.php?rest_route=\/wp\/v2\/product\/33139\/revisions\/33141"}],"wp:featuredmedia":[{"embeddable":true,"href":"https:\/\/megalicdb.rs\/index.php?rest_route=\/wp\/v2\/media\/33140"}],"wp:attachment":[{"href":"https:\/\/megalicdb.rs\/index.php?rest_route=%2Fwp%2Fv2%2Fmedia&parent=33139"}],"wp:term":[{"taxonomy":"product_brand","embeddable":true,"href":"https:\/\/megalicdb.rs\/index.php?rest_route=%2Fwp%2Fv2%2Fproduct_brand&post=33139"},{"taxonomy":"product_cat","embeddable":true,"href":"https:\/\/megalicdb.rs\/index.php?rest_route=%2Fwp%2Fv2%2Fproduct_cat&post=33139"},{"taxonomy":"product_tag","embeddable":true,"href":"https:\/\/megalicdb.rs\/index.php?rest_route=%2Fwp%2Fv2%2Fproduct_tag&post=33139"}],"curies":[{"name":"wp","href":"https:\/\/api.w.org\/{rel}","templated":true}]}}