{"id":33149,"date":"2025-07-09T14:42:12","date_gmt":"2025-07-09T14:42:12","guid":{"rendered":"https:\/\/megalicdb.rs\/?post_type=product&#038;p=33149"},"modified":"2025-11-24T09:59:43","modified_gmt":"2025-11-24T09:59:43","slug":"kako-ubijaju-dobre-devojke-holi-dzekson","status":"publish","type":"product","link":"https:\/\/megalicdb.rs\/?product=kako-ubijaju-dobre-devojke-holi-dzekson","title":{"rendered":"Kako ubijaju dobre devojke Holi D\u017eekson"},"content":{"rendered":"<p>Istraga koja prelazi u opsesiju, prepuna neo\u010dekivanih preokreta.<br \/>\nFantasti\u010dna misterija o kojoj svi pri\u010daju i koju jednostavno morate pro\u010ditati!<\/p>\n<p>Svi u Litl Kiltonu znaju ovu pri\u010du.<br \/>\nPre pet godina, prelepu i popularnu maturantkinju Endi Bel ubio je njen de\u010dko, Sal Sing, koji je nakon toga izvr\u0161io samoubistvo, priznav\u0161i krivicu u opro\u0161tajnoj poruci. Policija je uverena da je on kriv. Svi u njegovom rodnom gradu uvereni su da je on kriv.<br \/>\nPet godina kasnije, Pip uvi\u0111a da ovaj doga\u0111aj i dalje proganja njen mali grad. Ali ne mo\u017ee da se otrese utiska da se tog kobnog dana dogodilo jo\u0161 ne\u0161to. Pip, koja je sada i sama maturantkinja, odlu\u010duje da preispita ovaj naizgled re\u0161en slu\u010daj za svoj istra\u017eiva\u010dki projekat, isprva samo kako bi bacila sumnju na prvobitnu istragu. Ali upli\u0107e se u mre\u017eu mra\u010dnih tajni, koje bi zaista mogle da doka\u017eu Salovu nevinost. Pro\u0161lost i sada\u0161njost po\u010dinju da se stapaju. Neko u Litl Kiltonu ne \u017eeli da Pip prona\u0111e odgovore: ako je pravi ubica na slobodi, sada je i njen \u017eivot u opasnosti.<\/p>\n","protected":false},"excerpt":{"rendered":"<p>Istraga koja prelazi u opsesiju, prepuna neo\u010dekivanih preokreta. Fantasti\u010dna misterija o kojoj svi pri\u010daju i koju jednostavno morate pro\u010ditati! Svi<\/p>\n","protected":false},"featured_media":33150,"comment_status":"open","ping_status":"closed","template":"","meta":[],"product_brand":[],"product_cat":[416,324],"product_tag":[],"class_list":{"0":"post-33149","1":"product","2":"type-product","3":"status-publish","4":"has-post-thumbnail","6":"product_cat-beletristika","7":"product_cat-knjige","9":"first","10":"outofstock","11":"taxable","12":"shipping-taxable","13":"purchasable","14":"product-type-simple"},"aioseo_notices":[],"_links":{"self":[{"href":"https:\/\/megalicdb.rs\/index.php?rest_route=\/wp\/v2\/product\/33149","targetHints":{"allow":["GET"]}}],"collection":[{"href":"https:\/\/megalicdb.rs\/index.php?rest_route=\/wp\/v2\/product"}],"about":[{"href":"https:\/\/megalicdb.rs\/index.php?rest_route=\/wp\/v2\/types\/product"}],"replies":[{"embeddable":true,"href":"https:\/\/megalicdb.rs\/index.php?rest_route=%2Fwp%2Fv2%2Fcomments&post=33149"}],"version-history":[{"count":1,"href":"https:\/\/megalicdb.rs\/index.php?rest_route=\/wp\/v2\/product\/33149\/revisions"}],"predecessor-version":[{"id":33151,"href":"https:\/\/megalicdb.rs\/index.php?rest_route=\/wp\/v2\/product\/33149\/revisions\/33151"}],"wp:featuredmedia":[{"embeddable":true,"href":"https:\/\/megalicdb.rs\/index.php?rest_route=\/wp\/v2\/media\/33150"}],"wp:attachment":[{"href":"https:\/\/megalicdb.rs\/index.php?rest_route=%2Fwp%2Fv2%2Fmedia&parent=33149"}],"wp:term":[{"taxonomy":"product_brand","embeddable":true,"href":"https:\/\/megalicdb.rs\/index.php?rest_route=%2Fwp%2Fv2%2Fproduct_brand&post=33149"},{"taxonomy":"product_cat","embeddable":true,"href":"https:\/\/megalicdb.rs\/index.php?rest_route=%2Fwp%2Fv2%2Fproduct_cat&post=33149"},{"taxonomy":"product_tag","embeddable":true,"href":"https:\/\/megalicdb.rs\/index.php?rest_route=%2Fwp%2Fv2%2Fproduct_tag&post=33149"}],"curies":[{"name":"wp","href":"https:\/\/api.w.org\/{rel}","templated":true}]}}