{"id":33158,"date":"2025-07-09T14:48:51","date_gmt":"2025-07-09T14:48:51","guid":{"rendered":"https:\/\/megalicdb.rs\/?post_type=product&#038;p=33158"},"modified":"2025-07-09T14:48:51","modified_gmt":"2025-07-09T14:48:51","slug":"pronaci-cu-kljuc-aleks-andoril","status":"publish","type":"product","link":"https:\/\/megalicdb.rs\/?product=pronaci-cu-kljuc-aleks-andoril","title":{"rendered":"Prona\u0107i \u0107u klju\u010d Aleks Andoril"},"content":{"rendered":"<p>Prva knjiga genijalnog novog serijala omiljenog autorskog para koji se krije iza pseudonima La\u0161 Kepler.<\/p>\n<p>Misteriozni \u010dovek koji se bez najave pojavi u kancelariji privatne detektivke Julije Stark klijent je kakvog bi svako po\u017eeleo. Svi u Stokholmu znaju ko je on i svi znaju njegovu porodicu, jednu od najbogatijih u zemlji. Prethodnog dana bio je na sastanku odbora kompanije, a potom ve\u010derao na imanju svoje porodice. Ujutru ga je na mobilnom telefonu do\u010dekala \u0161okantna fotografija: \u010dovek sa vre\u0107om na glavi le\u017ei u krvavoj bari. Ne se\u0107a se da je on napravio tu fotografiju, niti prepoznaje osobu na slici, ali to nije prvi put da izgubi pam\u0107enje, s obzirom na to da \u017eivi \u017eivot prepun poroka.<br \/>\n\u017deli da anga\u017euje Detektivsku agenciju Stark kako bi saznao istinu pre nego \u0161to se ume\u0161a policija. Juliji je odmah jasno da je slu\u010daj slo\u017eeniji nego \u0161to se \u010dini i zato tra\u017ei pomo\u0107 od jedine osobe koja mo\u017ee da joj pomogne. U pitanju je Sidni Mendelson, policajac i, \u0161to je jo\u0161 va\u017enije, njen biv\u0161i mu\u017e.<br \/>\nKao gosti na rasko\u0161nom imanju, Julija i Sid po\u010dinju da tragaju za istinom i provode vreme sa svim \u010dlanovima mo\u0107ne porodice, i ubrzo shvataju da ispod blistave fasade elegantne ode\u0107e, gurmanskih ve\u010dera i skupih vina teku tenzije, zavist i rivalstvo.<\/p>\n<p>Svako od njih ima skrivene motive i svako je sposoban za ubistvo. Da li \u0107e Julija prona\u0107i klju\u010d i re\u0161iti ovo ubistvo?<\/p>\n","protected":false},"excerpt":{"rendered":"<p>Prva knjiga genijalnog novog serijala omiljenog autorskog para koji se krije iza pseudonima La\u0161 Kepler. Misteriozni \u010dovek koji se bez<\/p>\n","protected":false},"featured_media":33159,"comment_status":"open","ping_status":"closed","template":"","meta":[],"product_brand":[],"product_cat":[20],"product_tag":[],"class_list":{"0":"post-33158","1":"product","2":"type-product","3":"status-publish","4":"has-post-thumbnail","6":"product_cat-kancelarija","8":"first","9":"instock","10":"taxable","11":"shipping-taxable","12":"purchasable","13":"product-type-simple"},"aioseo_notices":[],"_links":{"self":[{"href":"https:\/\/megalicdb.rs\/index.php?rest_route=\/wp\/v2\/product\/33158","targetHints":{"allow":["GET"]}}],"collection":[{"href":"https:\/\/megalicdb.rs\/index.php?rest_route=\/wp\/v2\/product"}],"about":[{"href":"https:\/\/megalicdb.rs\/index.php?rest_route=\/wp\/v2\/types\/product"}],"replies":[{"embeddable":true,"href":"https:\/\/megalicdb.rs\/index.php?rest_route=%2Fwp%2Fv2%2Fcomments&post=33158"}],"version-history":[{"count":1,"href":"https:\/\/megalicdb.rs\/index.php?rest_route=\/wp\/v2\/product\/33158\/revisions"}],"predecessor-version":[{"id":33160,"href":"https:\/\/megalicdb.rs\/index.php?rest_route=\/wp\/v2\/product\/33158\/revisions\/33160"}],"wp:featuredmedia":[{"embeddable":true,"href":"https:\/\/megalicdb.rs\/index.php?rest_route=\/wp\/v2\/media\/33159"}],"wp:attachment":[{"href":"https:\/\/megalicdb.rs\/index.php?rest_route=%2Fwp%2Fv2%2Fmedia&parent=33158"}],"wp:term":[{"taxonomy":"product_brand","embeddable":true,"href":"https:\/\/megalicdb.rs\/index.php?rest_route=%2Fwp%2Fv2%2Fproduct_brand&post=33158"},{"taxonomy":"product_cat","embeddable":true,"href":"https:\/\/megalicdb.rs\/index.php?rest_route=%2Fwp%2Fv2%2Fproduct_cat&post=33158"},{"taxonomy":"product_tag","embeddable":true,"href":"https:\/\/megalicdb.rs\/index.php?rest_route=%2Fwp%2Fv2%2Fproduct_tag&post=33158"}],"curies":[{"name":"wp","href":"https:\/\/api.w.org\/{rel}","templated":true}]}}