{"id":33170,"date":"2025-07-09T14:59:39","date_gmt":"2025-07-09T14:59:39","guid":{"rendered":"https:\/\/megalicdb.rs\/?post_type=product&#038;p=33170"},"modified":"2025-07-09T14:59:39","modified_gmt":"2025-07-09T14:59:39","slug":"okruzeni-idiotima-tomas-erikson","status":"publish","type":"product","link":"https:\/\/megalicdb.rs\/?product=okruzeni-idiotima-tomas-erikson","title":{"rendered":"Okru\u017eeni idiotima Tomas Erikson"},"content":{"rendered":"<p>Da li nekada imate ose\u0107aj da vas okru\u017euju idioti? Nikoga ne razumete, ne uspevate da se uskladite sa partnerom, kolegama, ro\u0111acima, kom\u0161ijama\u2026Niste jedini. Knjiga Okru\u017eeni idiotima poma\u017ee da shvatite kako mnoge stvari u ljudskom pona\u0161anju i razmi\u0161ljanju zaista funkcioni\u0161u. Pored sjajnog opisa razli\u010ditih tipova li\u010dnosti koje je podelio i imenovao prema bojama koje karakteri\u0161u njihov karakter, Tomas Erikson uspeva da zabavi i nasmeje \u010ditaoce.Kada razumete psihologiju svakog tipa li\u010dnosti, lak\u0161e \u0107ete prilagoditi svoj na\u010din komunikacije sa njima i uspe\u0107ete da se lak\u0161e sporazumete i dogovorite sa ljudima koji se od vas dosta razlikuju. Samim tim \u0107e vam \u017eivot biti lep\u0161i i jednostavniji.<\/p>\n<p>Autor garantuje da \u0107e se nakon \u010ditanja ove knjige broj idiota koji vas okru\u017euje drasti\u010dno smanjiti.<\/p>\n","protected":false},"excerpt":{"rendered":"<p>Da li nekada imate ose\u0107aj da vas okru\u017euju idioti? Nikoga ne razumete, ne uspevate da se uskladite sa partnerom, kolegama,<\/p>\n","protected":false},"featured_media":33171,"comment_status":"open","ping_status":"closed","template":"","meta":[],"product_brand":[],"product_cat":[324,417],"product_tag":[],"class_list":{"0":"post-33170","1":"product","2":"type-product","3":"status-publish","4":"has-post-thumbnail","6":"product_cat-knjige","7":"product_cat-knjizevnost-za-odrasle","9":"first","10":"instock","11":"taxable","12":"shipping-taxable","13":"purchasable","14":"product-type-simple"},"aioseo_notices":[],"_links":{"self":[{"href":"https:\/\/megalicdb.rs\/index.php?rest_route=\/wp\/v2\/product\/33170","targetHints":{"allow":["GET"]}}],"collection":[{"href":"https:\/\/megalicdb.rs\/index.php?rest_route=\/wp\/v2\/product"}],"about":[{"href":"https:\/\/megalicdb.rs\/index.php?rest_route=\/wp\/v2\/types\/product"}],"replies":[{"embeddable":true,"href":"https:\/\/megalicdb.rs\/index.php?rest_route=%2Fwp%2Fv2%2Fcomments&post=33170"}],"version-history":[{"count":1,"href":"https:\/\/megalicdb.rs\/index.php?rest_route=\/wp\/v2\/product\/33170\/revisions"}],"predecessor-version":[{"id":33172,"href":"https:\/\/megalicdb.rs\/index.php?rest_route=\/wp\/v2\/product\/33170\/revisions\/33172"}],"wp:featuredmedia":[{"embeddable":true,"href":"https:\/\/megalicdb.rs\/index.php?rest_route=\/wp\/v2\/media\/33171"}],"wp:attachment":[{"href":"https:\/\/megalicdb.rs\/index.php?rest_route=%2Fwp%2Fv2%2Fmedia&parent=33170"}],"wp:term":[{"taxonomy":"product_brand","embeddable":true,"href":"https:\/\/megalicdb.rs\/index.php?rest_route=%2Fwp%2Fv2%2Fproduct_brand&post=33170"},{"taxonomy":"product_cat","embeddable":true,"href":"https:\/\/megalicdb.rs\/index.php?rest_route=%2Fwp%2Fv2%2Fproduct_cat&post=33170"},{"taxonomy":"product_tag","embeddable":true,"href":"https:\/\/megalicdb.rs\/index.php?rest_route=%2Fwp%2Fv2%2Fproduct_tag&post=33170"}],"curies":[{"name":"wp","href":"https:\/\/api.w.org\/{rel}","templated":true}]}}