{"id":33176,"date":"2025-07-09T15:03:41","date_gmt":"2025-07-09T15:03:41","guid":{"rendered":"https:\/\/megalicdb.rs\/?post_type=product&#038;p=33176"},"modified":"2025-07-09T15:03:42","modified_gmt":"2025-07-09T15:03:42","slug":"neko-drugi-gijom-muso","status":"publish","type":"product","link":"https:\/\/megalicdb.rs\/?product=neko-drugi-gijom-muso","title":{"rendered":"Neko drugi Gijom Muso"},"content":{"rendered":"<p>\u201ePostoje tri istine: moja istina, tvoja istina i prava istina.\u201c<\/p>\n<p>Azurna obala, prolec\u0301e 2023. Uz obalu Kana, jahta je usidrena u mirnim vodama zaliva. Na brodu se nalazi Orijana di Pjetro, novinarka i naslednica bogate i uticajne milanske porodice. U tom raju pod suncem, svirepo je napadnuta i umire posle deset dana u komi.<br \/>\nKo je ubio Orijanu?<br \/>\nJedan mu\u0161karac i tri \u017eene, svako ima svoju verziju pri\u010de.<br \/>\nOrijanin suprug Adrijan, privla\u010dni, zagonetni i svetski poznati d\u017eez pijanista, glavni osumnji\u010deni.<br \/>\nAdel, devojka iz senke, ljubavnica sposobna da nestane i ponovo se pojavi, poput duha.<br \/>\n\u017distin, policajka koja radi na slu\u010daju, koja i sama prolazi kroz te\u017eak period.<br \/>\nOrijana, kroz \u010diju dirljivu pri\u010du saznajemo \u0161ta se de\u0161avalo u poslednjim danima njenog \u017eivota. Tri \u017eene sa neuhvatljivim tajnama, mu\u0161karac koji bi mogao da bude i \u017ertva i ubica. Niko od njih ne la\u017ee. Niko se ne sla\u017ee \u0161ta je istina.<\/p>\n<p>Fascinantna zagonetka \u010dije je re\u0161enje nemogu\u0107e predvideti, uzbudljiv i napet triler u kojem se istina otkriva tek u poslednjim redovima pri\u010de.<\/p>\n","protected":false},"excerpt":{"rendered":"<p>\u201ePostoje tri istine: moja istina, tvoja istina i prava istina.\u201c Azurna obala, prolec\u0301e 2023. Uz obalu Kana, jahta je usidrena<\/p>\n","protected":false},"featured_media":33177,"comment_status":"open","ping_status":"closed","template":"","meta":[],"product_brand":[],"product_cat":[416,324],"product_tag":[],"class_list":{"0":"post-33176","1":"product","2":"type-product","3":"status-publish","4":"has-post-thumbnail","6":"product_cat-beletristika","7":"product_cat-knjige","9":"first","10":"instock","11":"taxable","12":"shipping-taxable","13":"purchasable","14":"product-type-simple"},"aioseo_notices":[],"_links":{"self":[{"href":"https:\/\/megalicdb.rs\/index.php?rest_route=\/wp\/v2\/product\/33176","targetHints":{"allow":["GET"]}}],"collection":[{"href":"https:\/\/megalicdb.rs\/index.php?rest_route=\/wp\/v2\/product"}],"about":[{"href":"https:\/\/megalicdb.rs\/index.php?rest_route=\/wp\/v2\/types\/product"}],"replies":[{"embeddable":true,"href":"https:\/\/megalicdb.rs\/index.php?rest_route=%2Fwp%2Fv2%2Fcomments&post=33176"}],"version-history":[{"count":1,"href":"https:\/\/megalicdb.rs\/index.php?rest_route=\/wp\/v2\/product\/33176\/revisions"}],"predecessor-version":[{"id":33178,"href":"https:\/\/megalicdb.rs\/index.php?rest_route=\/wp\/v2\/product\/33176\/revisions\/33178"}],"wp:featuredmedia":[{"embeddable":true,"href":"https:\/\/megalicdb.rs\/index.php?rest_route=\/wp\/v2\/media\/33177"}],"wp:attachment":[{"href":"https:\/\/megalicdb.rs\/index.php?rest_route=%2Fwp%2Fv2%2Fmedia&parent=33176"}],"wp:term":[{"taxonomy":"product_brand","embeddable":true,"href":"https:\/\/megalicdb.rs\/index.php?rest_route=%2Fwp%2Fv2%2Fproduct_brand&post=33176"},{"taxonomy":"product_cat","embeddable":true,"href":"https:\/\/megalicdb.rs\/index.php?rest_route=%2Fwp%2Fv2%2Fproduct_cat&post=33176"},{"taxonomy":"product_tag","embeddable":true,"href":"https:\/\/megalicdb.rs\/index.php?rest_route=%2Fwp%2Fv2%2Fproduct_tag&post=33176"}],"curies":[{"name":"wp","href":"https:\/\/api.w.org\/{rel}","templated":true}]}}