{"id":33179,"date":"2025-07-09T15:05:20","date_gmt":"2025-07-09T15:05:20","guid":{"rendered":"https:\/\/megalicdb.rs\/?post_type=product&#038;p=33179"},"modified":"2025-07-09T15:05:20","modified_gmt":"2025-07-09T15:05:20","slug":"bez-reci-sandra-braun","status":"publish","type":"product","link":"https:\/\/megalicdb.rs\/?product=bez-reci-sandra-braun","title":{"rendered":"Bez re\u010di Sandra Braun"},"content":{"rendered":"<p>Hladnokrvni psihopata.<br \/>\n\u017dena \u010diji svet samo \u0161to se nije raspao.<\/p>\n<p>Karl Herbold u\u017eiva u tome \u0161to je lo\u0161. I zastra\u0161uju\u0107e je dobar u tome. Upravo je pobegao iz zatvora u kojem je slu\u017eio do\u017eivotnu kaznu i, re\u0161en da se osveti, vra\u0107a se tamo gde je sve po\u010delo \u2013 u okrug Bluer u Teksasu.<br \/>\nAna Korbet je odnedavno udovica. Optere\u0107ena dugovima i li\u010dnom tragedijom, suo\u010dava se sa najte\u017eim izazovom u \u017eivotu: da zadr\u017ei ran\u010d koji \u0107e jednog dana naslediti njen sin. Nije svesna da \u0107e se na\u0107i u sredi\u0161tu Herboldovog u\u017easnog osvetni\u010dkog plana.<br \/>\nLutalica D\u017eek Sojer sti\u017ee na Anin ran\u010d u potrazi za poslom, nadaju\u0107i se da \u0107e za\u0161tititi nevinu \u017eenu i njenog sina od Herboldovog besa. Ali njegova pro\u0161lost obavijena je velom misterije, i on ne mo\u017ee da pobegne od tajni koje ga proganjaju \u2013 niti od sudnjeg dana koji ih sve \u010deka\u2026<\/p>\n","protected":false},"excerpt":{"rendered":"<p>Hladnokrvni psihopata. \u017dena \u010diji svet samo \u0161to se nije raspao. Karl Herbold u\u017eiva u tome \u0161to je lo\u0161. I zastra\u0161uju\u0107e<\/p>\n","protected":false},"featured_media":33180,"comment_status":"open","ping_status":"closed","template":"","meta":[],"product_brand":[],"product_cat":[416,324],"product_tag":[],"class_list":{"0":"post-33179","1":"product","2":"type-product","3":"status-publish","4":"has-post-thumbnail","6":"product_cat-beletristika","7":"product_cat-knjige","9":"first","10":"instock","11":"taxable","12":"shipping-taxable","13":"purchasable","14":"product-type-simple"},"aioseo_notices":[],"_links":{"self":[{"href":"https:\/\/megalicdb.rs\/index.php?rest_route=\/wp\/v2\/product\/33179","targetHints":{"allow":["GET"]}}],"collection":[{"href":"https:\/\/megalicdb.rs\/index.php?rest_route=\/wp\/v2\/product"}],"about":[{"href":"https:\/\/megalicdb.rs\/index.php?rest_route=\/wp\/v2\/types\/product"}],"replies":[{"embeddable":true,"href":"https:\/\/megalicdb.rs\/index.php?rest_route=%2Fwp%2Fv2%2Fcomments&post=33179"}],"version-history":[{"count":1,"href":"https:\/\/megalicdb.rs\/index.php?rest_route=\/wp\/v2\/product\/33179\/revisions"}],"predecessor-version":[{"id":33181,"href":"https:\/\/megalicdb.rs\/index.php?rest_route=\/wp\/v2\/product\/33179\/revisions\/33181"}],"wp:featuredmedia":[{"embeddable":true,"href":"https:\/\/megalicdb.rs\/index.php?rest_route=\/wp\/v2\/media\/33180"}],"wp:attachment":[{"href":"https:\/\/megalicdb.rs\/index.php?rest_route=%2Fwp%2Fv2%2Fmedia&parent=33179"}],"wp:term":[{"taxonomy":"product_brand","embeddable":true,"href":"https:\/\/megalicdb.rs\/index.php?rest_route=%2Fwp%2Fv2%2Fproduct_brand&post=33179"},{"taxonomy":"product_cat","embeddable":true,"href":"https:\/\/megalicdb.rs\/index.php?rest_route=%2Fwp%2Fv2%2Fproduct_cat&post=33179"},{"taxonomy":"product_tag","embeddable":true,"href":"https:\/\/megalicdb.rs\/index.php?rest_route=%2Fwp%2Fv2%2Fproduct_tag&post=33179"}],"curies":[{"name":"wp","href":"https:\/\/api.w.org\/{rel}","templated":true}]}}