{"id":33182,"date":"2025-07-09T15:07:04","date_gmt":"2025-07-09T15:07:04","guid":{"rendered":"https:\/\/megalicdb.rs\/?post_type=product&#038;p=33182"},"modified":"2025-07-09T15:07:04","modified_gmt":"2025-07-09T15:07:04","slug":"dok-se-kafa-ne-ohladi-tosikazu-kavaguci","status":"publish","type":"product","link":"https:\/\/megalicdb.rs\/?product=dok-se-kafa-ne-ohladi-tosikazu-kavaguci","title":{"rendered":"Dok se kafa ne ohladi To\u0161ikazu Kavagu\u010di"},"content":{"rendered":"<p>Sto\u010di\u0107, kafa i odluka.<br \/>\nTo je sve \u0161to je potrebno da bismo bili sre\u0107ni.<\/p>\n<p>U Japanu, ve\u0107 vi\u0161e od sto godina, postoji jedan sasvim poseban kafi\u0107, i za njega se vezuje na hiljadu legendi. Pri\u010da se da, kad jednom u\u0111ete u njega, nikada ne iza\u0111ete isti. Pri\u010da se da, dok pijete kafu, mo\u017eete ponovo da pro\u017eivite trenutak iz sopstvenog \u017eivota \u2013 onaj kada ste doneli pogre\u0161nu odluku, kada ste izgovorili re\u010d koja bolje da je ostala neizre\u010dena, kada ste nekome dopustili da napusti va\u0161 \u017eivot, a nije moralo da bude tako. Pri\u010da se da je dovoljno da uradite samo jednu stvar i sve promenite.<\/p>\n<p>Me\u0111utim, postoje pravila kojih se morate pridr\u017eavati:<\/p>\n<p>1. Nalazite se u posebnom kafi\u0107u. Tu je jedan jedini sto\u010di\u0107 i \u010deka samo na vas.<br \/>\n2. Sedite i sa\u010dekajte da vam poslu\u017ee kafu.<br \/>\n3. Budite spremni da ponovo pro\u017eivite jedan doga\u0111aj iz \u017eivota.<br \/>\n4. Dok to radite, ne zaboravite da ispijate kafu u malim gutljajima.<br \/>\n5. Ne zaboravite glavno pravilo: nikako nemojte da dozvolite da se kafa ohladi.<\/p>\n","protected":false},"excerpt":{"rendered":"<p>Sto\u010di\u0107, kafa i odluka. To je sve \u0161to je potrebno da bismo bili sre\u0107ni. U Japanu, ve\u0107 vi\u0161e od sto<\/p>\n","protected":false},"featured_media":33183,"comment_status":"open","ping_status":"closed","template":"","meta":[],"product_brand":[],"product_cat":[416,324],"product_tag":[],"class_list":{"0":"post-33182","1":"product","2":"type-product","3":"status-publish","4":"has-post-thumbnail","6":"product_cat-beletristika","7":"product_cat-knjige","9":"first","10":"instock","11":"taxable","12":"shipping-taxable","13":"purchasable","14":"product-type-simple"},"aioseo_notices":[],"_links":{"self":[{"href":"https:\/\/megalicdb.rs\/index.php?rest_route=\/wp\/v2\/product\/33182","targetHints":{"allow":["GET"]}}],"collection":[{"href":"https:\/\/megalicdb.rs\/index.php?rest_route=\/wp\/v2\/product"}],"about":[{"href":"https:\/\/megalicdb.rs\/index.php?rest_route=\/wp\/v2\/types\/product"}],"replies":[{"embeddable":true,"href":"https:\/\/megalicdb.rs\/index.php?rest_route=%2Fwp%2Fv2%2Fcomments&post=33182"}],"version-history":[{"count":1,"href":"https:\/\/megalicdb.rs\/index.php?rest_route=\/wp\/v2\/product\/33182\/revisions"}],"predecessor-version":[{"id":33184,"href":"https:\/\/megalicdb.rs\/index.php?rest_route=\/wp\/v2\/product\/33182\/revisions\/33184"}],"wp:featuredmedia":[{"embeddable":true,"href":"https:\/\/megalicdb.rs\/index.php?rest_route=\/wp\/v2\/media\/33183"}],"wp:attachment":[{"href":"https:\/\/megalicdb.rs\/index.php?rest_route=%2Fwp%2Fv2%2Fmedia&parent=33182"}],"wp:term":[{"taxonomy":"product_brand","embeddable":true,"href":"https:\/\/megalicdb.rs\/index.php?rest_route=%2Fwp%2Fv2%2Fproduct_brand&post=33182"},{"taxonomy":"product_cat","embeddable":true,"href":"https:\/\/megalicdb.rs\/index.php?rest_route=%2Fwp%2Fv2%2Fproduct_cat&post=33182"},{"taxonomy":"product_tag","embeddable":true,"href":"https:\/\/megalicdb.rs\/index.php?rest_route=%2Fwp%2Fv2%2Fproduct_tag&post=33182"}],"curies":[{"name":"wp","href":"https:\/\/api.w.org\/{rel}","templated":true}]}}