{"id":33185,"date":"2025-07-09T15:13:17","date_gmt":"2025-07-09T15:13:17","guid":{"rendered":"https:\/\/megalicdb.rs\/?post_type=product&#038;p=33185"},"modified":"2025-07-09T15:13:17","modified_gmt":"2025-07-09T15:13:17","slug":"kuca-glasova-donato-karizi","status":"publish","type":"product","link":"https:\/\/megalicdb.rs\/?product=kuca-glasova-donato-karizi","title":{"rendered":"Ku\u0107a glasova Donato Karizi"},"content":{"rendered":"<p>Pjetro Gerber nije obi\u010dan psiholog. Specijalizovan je za hipnozu, a svi njegovi pacijenti imaju ne\u0161to zajedni\u010dko: oni su deca. \u010cesto poseduju va\u017ene informacije, zakopane duboko u njihovom krhkom se\u0107anju, detalje koji policiji mogu da poslu\u017ee u istragama.<\/p>\n<p>Me\u0111utim, kada mu stigne poziv sa drugog kraja sveta, od koleginice iz Australije koja mu preporu\u010duje jednog pacijenta, Gerber je zbunjen i nepoverljiv. Jer Hana Hol nije dete, ve\u0107 odrasla \u017eena. Mu\u010di je se\u0107anje iz detinjstva, koje mo\u017eda nije stvarno.<\/p>\n<p>Da bi saznala da li je u pitanju istina ili iluzija, Gerber mora da joj pomogne da ponovo prona\u0111e devoj\u010dicu koju \u010duva u sebi. Devoj\u010dicu sa mnogo imena, koja je sa svojom porodicom \u017eivela na \u010darobnom mestu, u ku\u0107i glasova. Devoj\u010dicu od deset godina, koja je prisustvovala ubistvu. Ili ga mo\u017eda nije samo posmatrala. Mo\u017eda je ubica upravo ona.<\/p>\n","protected":false},"excerpt":{"rendered":"<p>Pjetro Gerber nije obi\u010dan psiholog. Specijalizovan je za hipnozu, a svi njegovi pacijenti imaju ne\u0161to zajedni\u010dko: oni su deca. \u010cesto<\/p>\n","protected":false},"featured_media":33186,"comment_status":"open","ping_status":"closed","template":"","meta":[],"product_brand":[],"product_cat":[416,324],"product_tag":[],"class_list":{"0":"post-33185","1":"product","2":"type-product","3":"status-publish","4":"has-post-thumbnail","6":"product_cat-beletristika","7":"product_cat-knjige","9":"first","10":"instock","11":"taxable","12":"shipping-taxable","13":"purchasable","14":"product-type-simple"},"aioseo_notices":[],"_links":{"self":[{"href":"https:\/\/megalicdb.rs\/index.php?rest_route=\/wp\/v2\/product\/33185","targetHints":{"allow":["GET"]}}],"collection":[{"href":"https:\/\/megalicdb.rs\/index.php?rest_route=\/wp\/v2\/product"}],"about":[{"href":"https:\/\/megalicdb.rs\/index.php?rest_route=\/wp\/v2\/types\/product"}],"replies":[{"embeddable":true,"href":"https:\/\/megalicdb.rs\/index.php?rest_route=%2Fwp%2Fv2%2Fcomments&post=33185"}],"version-history":[{"count":1,"href":"https:\/\/megalicdb.rs\/index.php?rest_route=\/wp\/v2\/product\/33185\/revisions"}],"predecessor-version":[{"id":33187,"href":"https:\/\/megalicdb.rs\/index.php?rest_route=\/wp\/v2\/product\/33185\/revisions\/33187"}],"wp:featuredmedia":[{"embeddable":true,"href":"https:\/\/megalicdb.rs\/index.php?rest_route=\/wp\/v2\/media\/33186"}],"wp:attachment":[{"href":"https:\/\/megalicdb.rs\/index.php?rest_route=%2Fwp%2Fv2%2Fmedia&parent=33185"}],"wp:term":[{"taxonomy":"product_brand","embeddable":true,"href":"https:\/\/megalicdb.rs\/index.php?rest_route=%2Fwp%2Fv2%2Fproduct_brand&post=33185"},{"taxonomy":"product_cat","embeddable":true,"href":"https:\/\/megalicdb.rs\/index.php?rest_route=%2Fwp%2Fv2%2Fproduct_cat&post=33185"},{"taxonomy":"product_tag","embeddable":true,"href":"https:\/\/megalicdb.rs\/index.php?rest_route=%2Fwp%2Fv2%2Fproduct_tag&post=33185"}],"curies":[{"name":"wp","href":"https:\/\/api.w.org\/{rel}","templated":true}]}}