{"id":33194,"date":"2025-07-09T15:18:36","date_gmt":"2025-07-09T15:18:36","guid":{"rendered":"https:\/\/megalicdb.rs\/?post_type=product&#038;p=33194"},"modified":"2025-07-09T15:18:36","modified_gmt":"2025-07-09T15:18:36","slug":"ikigai-ektor-garsija-i-fransesk-miraljes","status":"publish","type":"product","link":"https:\/\/megalicdb.rs\/?product=ikigai-ektor-garsija-i-fransesk-miraljes","title":{"rendered":"Ikigai Ektor Garsija i Fransesk Miraljes"},"content":{"rendered":"<p>Japanci smatraju da svako ima svoj ikigai, \u0161to bi neki francuski filozof verovatno preveo kao raison d&#8217;etre. Neki su prona\u0161li i svesni su svog ikigaija, dok ga drugi nose u sebi, ali jo\u0161 uvek tragaju za njim.Ikigai je skriven duboko u nama, pa je, da bismo do njega do\u0161li, neophodno da strpljivo istra\u017eujemo dubine na\u0161eg bi\u0107a. Kako ka\u017eu \u017eitelji Okinave, ostrva s najve\u0107im brojem stogodi\u0161njaka srazmerno broju stanovnika, ikigai je razlog zbog kojeg ustajemo ujutro.Kada \u010dovek ima jasno definisan ikigai, kada ima veliku strast, njegov \u017eivot je ispunjen i sre\u0107an i ima svrhu. Zadatak ove knjige je da vam pomogne da prona\u0111ete svoj ikigai, kao i da vas upozna s klju\u010dnim postavkama japanske filozofije koja omogu\u0107ava dugotrajno zdravlje tela, uma i duha.<\/p>\n","protected":false},"excerpt":{"rendered":"<p>Japanci smatraju da svako ima svoj ikigai, \u0161to bi neki francuski filozof verovatno preveo kao raison d&#8217;etre. Neki su prona\u0161li<\/p>\n","protected":false},"featured_media":33195,"comment_status":"open","ping_status":"closed","template":"","meta":[],"product_brand":[],"product_cat":[416,324],"product_tag":[],"class_list":{"0":"post-33194","1":"product","2":"type-product","3":"status-publish","4":"has-post-thumbnail","6":"product_cat-beletristika","7":"product_cat-knjige","9":"first","10":"instock","11":"taxable","12":"shipping-taxable","13":"purchasable","14":"product-type-simple"},"aioseo_notices":[],"_links":{"self":[{"href":"https:\/\/megalicdb.rs\/index.php?rest_route=\/wp\/v2\/product\/33194","targetHints":{"allow":["GET"]}}],"collection":[{"href":"https:\/\/megalicdb.rs\/index.php?rest_route=\/wp\/v2\/product"}],"about":[{"href":"https:\/\/megalicdb.rs\/index.php?rest_route=\/wp\/v2\/types\/product"}],"replies":[{"embeddable":true,"href":"https:\/\/megalicdb.rs\/index.php?rest_route=%2Fwp%2Fv2%2Fcomments&post=33194"}],"version-history":[{"count":1,"href":"https:\/\/megalicdb.rs\/index.php?rest_route=\/wp\/v2\/product\/33194\/revisions"}],"predecessor-version":[{"id":33196,"href":"https:\/\/megalicdb.rs\/index.php?rest_route=\/wp\/v2\/product\/33194\/revisions\/33196"}],"wp:featuredmedia":[{"embeddable":true,"href":"https:\/\/megalicdb.rs\/index.php?rest_route=\/wp\/v2\/media\/33195"}],"wp:attachment":[{"href":"https:\/\/megalicdb.rs\/index.php?rest_route=%2Fwp%2Fv2%2Fmedia&parent=33194"}],"wp:term":[{"taxonomy":"product_brand","embeddable":true,"href":"https:\/\/megalicdb.rs\/index.php?rest_route=%2Fwp%2Fv2%2Fproduct_brand&post=33194"},{"taxonomy":"product_cat","embeddable":true,"href":"https:\/\/megalicdb.rs\/index.php?rest_route=%2Fwp%2Fv2%2Fproduct_cat&post=33194"},{"taxonomy":"product_tag","embeddable":true,"href":"https:\/\/megalicdb.rs\/index.php?rest_route=%2Fwp%2Fv2%2Fproduct_tag&post=33194"}],"curies":[{"name":"wp","href":"https:\/\/api.w.org\/{rel}","templated":true}]}}