{"id":33200,"date":"2025-07-09T15:23:24","date_gmt":"2025-07-09T15:23:24","guid":{"rendered":"https:\/\/megalicdb.rs\/?post_type=product&#038;p=33200"},"modified":"2025-07-09T15:23:24","modified_gmt":"2025-07-09T15:23:24","slug":"furija-aleks-majklidis","status":"publish","type":"product","link":"https:\/\/megalicdb.rs\/?product=furija-aleks-majklidis","title":{"rendered":"Furija Aleks Majklidis"},"content":{"rendered":"<p>Bestseler Njujork tajmsa. Debitantski roman Aleksa Majklidisa, Tihi pacijent, prodat je u vi\u0161e od 65 miliona primeraka i preveden na 51 jezik, a postao je i BookTok hit.<\/p>\n<p>Ovo je pri\u010da o ubistvu.<br \/>\nIli mo\u017eda ba\u0161 i nije. Ovo je, u su\u0161tini, ljubavna pri\u010da, zar ne?<br \/>\nLana Farar je povu\u010dena biv\u0161a filmska zvezda i jedna od najslavnijih \u017eena na svetu. Svake godine poziva najbli\u017ee prijatelje da pobegnu od \u0107udi engleskog vremena i provedu Uskrs na njenom idili\u010dnom privatnom ostrvu u Gr\u010dkoj.<br \/>\nGovorim vam ovo zato \u0161to mo\u017eda mislite da vam je ova pri\u010da poznata. Verovatno ste svojevremeno \u010ditali o njoj \u2013 izazvala je pravu pomamu u tabloidima, ako se se\u0107ate. Ima sve sastojke neophodne za novinske stupce: privatno ostrvo, \u0161ibano vetrovima\u2026 i ubistvo.<br \/>\nNa\u0161li smo se zarobljeni na njemu, preko no\u0107i. Iza starih prijateljstava skrivala se mr\u017enja i \u017eelja za osvetom. Zapo\u010dela je igra ma\u010dke i mi\u0161a \u2013 borba volje, puna obrta, koja je dovela do nezaboravnog vrhunca. Ta no\u0107 okon\u010dala se smr\u0107u, po\u0161to je neko od nas ubijen.<br \/>\nAli ko sam ja?<br \/>\nZovem se Eliot \u010cejs i ispri\u010da\u0107u vam pri\u010du, druga\u010diju od svake koju ste do sada \u010duli.<\/p>\n","protected":false},"excerpt":{"rendered":"<p>Bestseler Njujork tajmsa. Debitantski roman Aleksa Majklidisa, Tihi pacijent, prodat je u vi\u0161e od 65 miliona primeraka i preveden na<\/p>\n","protected":false},"featured_media":33201,"comment_status":"open","ping_status":"closed","template":"","meta":[],"product_brand":[],"product_cat":[416,324],"product_tag":[],"class_list":{"0":"post-33200","1":"product","2":"type-product","3":"status-publish","4":"has-post-thumbnail","6":"product_cat-beletristika","7":"product_cat-knjige","9":"first","10":"instock","11":"taxable","12":"shipping-taxable","13":"purchasable","14":"product-type-simple"},"aioseo_notices":[],"_links":{"self":[{"href":"https:\/\/megalicdb.rs\/index.php?rest_route=\/wp\/v2\/product\/33200","targetHints":{"allow":["GET"]}}],"collection":[{"href":"https:\/\/megalicdb.rs\/index.php?rest_route=\/wp\/v2\/product"}],"about":[{"href":"https:\/\/megalicdb.rs\/index.php?rest_route=\/wp\/v2\/types\/product"}],"replies":[{"embeddable":true,"href":"https:\/\/megalicdb.rs\/index.php?rest_route=%2Fwp%2Fv2%2Fcomments&post=33200"}],"version-history":[{"count":1,"href":"https:\/\/megalicdb.rs\/index.php?rest_route=\/wp\/v2\/product\/33200\/revisions"}],"predecessor-version":[{"id":33202,"href":"https:\/\/megalicdb.rs\/index.php?rest_route=\/wp\/v2\/product\/33200\/revisions\/33202"}],"wp:featuredmedia":[{"embeddable":true,"href":"https:\/\/megalicdb.rs\/index.php?rest_route=\/wp\/v2\/media\/33201"}],"wp:attachment":[{"href":"https:\/\/megalicdb.rs\/index.php?rest_route=%2Fwp%2Fv2%2Fmedia&parent=33200"}],"wp:term":[{"taxonomy":"product_brand","embeddable":true,"href":"https:\/\/megalicdb.rs\/index.php?rest_route=%2Fwp%2Fv2%2Fproduct_brand&post=33200"},{"taxonomy":"product_cat","embeddable":true,"href":"https:\/\/megalicdb.rs\/index.php?rest_route=%2Fwp%2Fv2%2Fproduct_cat&post=33200"},{"taxonomy":"product_tag","embeddable":true,"href":"https:\/\/megalicdb.rs\/index.php?rest_route=%2Fwp%2Fv2%2Fproduct_tag&post=33200"}],"curies":[{"name":"wp","href":"https:\/\/api.w.org\/{rel}","templated":true}]}}