{"id":33209,"date":"2025-07-09T15:29:48","date_gmt":"2025-07-09T15:29:48","guid":{"rendered":"https:\/\/megalicdb.rs\/?post_type=product&#038;p=33209"},"modified":"2025-11-24T10:00:54","modified_gmt":"2025-11-24T10:00:54","slug":"kaludjer-koji-je-prodao-svoj-ferari-robin-sarma","status":"publish","type":"product","link":"https:\/\/megalicdb.rs\/?product=kaludjer-koji-je-prodao-svoj-ferari-robin-sarma","title":{"rendered":"Kalu\u0111er koji je prodao svoj ferari Robin \u0160arma"},"content":{"rendered":"<p>Kalu\u0111er koji je prodao svoj ferari jeste knjiga koja \u0107e vas nau\u010diti kako da ostvarite svoje snove i uzmete sudbinu u svoje ruke. To je pri\u010da o vrhunskom advokatu D\u017eulijanu Mentlu, koga je trka za uspehom i novcem dovela do gotovo fatalnog infarkta usred zavr\u0161ne re\u010di u prepunoj sudnici. Bliski susret sa smr\u0107u naterao ga je da razmisli o svom \u017eivotu, o tome \u010demu zaista te\u017ei i \u0161ta je su\u0161tina \u017eivota i sre\u0107e. U potrazi za tim odgovorima odlazi na jedno neobi\u010dno putovanje, u visine Himalaja me\u0111u mudrace Sivane, gde zapo\u010dinje njegov nov, jednostavan \u017eivot ispunjen vedrinom. Knjigu je prevela Marina Aleksi\u0107.<\/p>\n","protected":false},"excerpt":{"rendered":"<p>Kalu\u0111er koji je prodao svoj ferari jeste knjiga koja \u0107e vas nau\u010diti kako da ostvarite svoje snove i uzmete sudbinu<\/p>\n","protected":false},"featured_media":33210,"comment_status":"open","ping_status":"closed","template":"","meta":[],"product_brand":[],"product_cat":[416,324],"product_tag":[],"class_list":{"0":"post-33209","1":"product","2":"type-product","3":"status-publish","4":"has-post-thumbnail","6":"product_cat-beletristika","7":"product_cat-knjige","9":"first","10":"outofstock","11":"taxable","12":"shipping-taxable","13":"purchasable","14":"product-type-simple"},"aioseo_notices":[],"_links":{"self":[{"href":"https:\/\/megalicdb.rs\/index.php?rest_route=\/wp\/v2\/product\/33209","targetHints":{"allow":["GET"]}}],"collection":[{"href":"https:\/\/megalicdb.rs\/index.php?rest_route=\/wp\/v2\/product"}],"about":[{"href":"https:\/\/megalicdb.rs\/index.php?rest_route=\/wp\/v2\/types\/product"}],"replies":[{"embeddable":true,"href":"https:\/\/megalicdb.rs\/index.php?rest_route=%2Fwp%2Fv2%2Fcomments&post=33209"}],"version-history":[{"count":1,"href":"https:\/\/megalicdb.rs\/index.php?rest_route=\/wp\/v2\/product\/33209\/revisions"}],"predecessor-version":[{"id":33211,"href":"https:\/\/megalicdb.rs\/index.php?rest_route=\/wp\/v2\/product\/33209\/revisions\/33211"}],"wp:featuredmedia":[{"embeddable":true,"href":"https:\/\/megalicdb.rs\/index.php?rest_route=\/wp\/v2\/media\/33210"}],"wp:attachment":[{"href":"https:\/\/megalicdb.rs\/index.php?rest_route=%2Fwp%2Fv2%2Fmedia&parent=33209"}],"wp:term":[{"taxonomy":"product_brand","embeddable":true,"href":"https:\/\/megalicdb.rs\/index.php?rest_route=%2Fwp%2Fv2%2Fproduct_brand&post=33209"},{"taxonomy":"product_cat","embeddable":true,"href":"https:\/\/megalicdb.rs\/index.php?rest_route=%2Fwp%2Fv2%2Fproduct_cat&post=33209"},{"taxonomy":"product_tag","embeddable":true,"href":"https:\/\/megalicdb.rs\/index.php?rest_route=%2Fwp%2Fv2%2Fproduct_tag&post=33209"}],"curies":[{"name":"wp","href":"https:\/\/api.w.org\/{rel}","templated":true}]}}