{"id":33212,"date":"2025-07-09T15:32:02","date_gmt":"2025-07-09T15:32:02","guid":{"rendered":"https:\/\/megalicdb.rs\/?post_type=product&#038;p=33212"},"modified":"2025-07-09T15:32:03","modified_gmt":"2025-07-09T15:32:03","slug":"da-je-bio-samnom-lora-naulin","status":"publish","type":"product","link":"https:\/\/megalicdb.rs\/?product=da-je-bio-samnom-lora-naulin","title":{"rendered":"Da je bio samnom Lora Naulin"},"content":{"rendered":"<p>TikTok senzacija koja \u0107e vas dirnuti do suza<\/p>\n<p>Da je bio sa mnom, sve bi bilo druga\u010dije\u2026<\/p>\n<p>Nekada su bili nerazdvojni. Ali onda se ne\u0161to promenilo. Ili su se oni promenili. Sada daju sve od sebe da ignori\u0161u jedno drugo, i prakti\u010dno su postali stranci.<br \/>\nOna ima de\u010dka i svoju grupicu bliskih prijatelja, i vi\u0161e voli knjige nego lude \u017eurke. On je postao jedan od najpopularnijih klinaca u \u0161koli, uvek u centru pa\u017enje, onaj sa kojim svi \u017eele da budu.<br \/>\nAli to i dalje ne menja kako se ona ose\u0107a svaki put kada se sretnu, i ne mo\u017ee da ne pomisli da je sve moglo da bude druga\u010dije. Mo\u017eda bi ipak trebalo da budu zajedno?<\/p>\n<p>I kako vreme bude prolazilo, ona \u0107e shvatiti da vi\u0161e ni\u0161ta ne\u0107e biti kao pre.<\/p>\n","protected":false},"excerpt":{"rendered":"<p>TikTok senzacija koja \u0107e vas dirnuti do suza Da je bio sa mnom, sve bi bilo druga\u010dije\u2026 Nekada su bili<\/p>\n","protected":false},"featured_media":33213,"comment_status":"open","ping_status":"closed","template":"","meta":[],"product_brand":[],"product_cat":[416,324],"product_tag":[],"class_list":{"0":"post-33212","1":"product","2":"type-product","3":"status-publish","4":"has-post-thumbnail","6":"product_cat-beletristika","7":"product_cat-knjige","9":"first","10":"instock","11":"taxable","12":"shipping-taxable","13":"purchasable","14":"product-type-simple"},"aioseo_notices":[],"_links":{"self":[{"href":"https:\/\/megalicdb.rs\/index.php?rest_route=\/wp\/v2\/product\/33212","targetHints":{"allow":["GET"]}}],"collection":[{"href":"https:\/\/megalicdb.rs\/index.php?rest_route=\/wp\/v2\/product"}],"about":[{"href":"https:\/\/megalicdb.rs\/index.php?rest_route=\/wp\/v2\/types\/product"}],"replies":[{"embeddable":true,"href":"https:\/\/megalicdb.rs\/index.php?rest_route=%2Fwp%2Fv2%2Fcomments&post=33212"}],"version-history":[{"count":1,"href":"https:\/\/megalicdb.rs\/index.php?rest_route=\/wp\/v2\/product\/33212\/revisions"}],"predecessor-version":[{"id":33214,"href":"https:\/\/megalicdb.rs\/index.php?rest_route=\/wp\/v2\/product\/33212\/revisions\/33214"}],"wp:featuredmedia":[{"embeddable":true,"href":"https:\/\/megalicdb.rs\/index.php?rest_route=\/wp\/v2\/media\/33213"}],"wp:attachment":[{"href":"https:\/\/megalicdb.rs\/index.php?rest_route=%2Fwp%2Fv2%2Fmedia&parent=33212"}],"wp:term":[{"taxonomy":"product_brand","embeddable":true,"href":"https:\/\/megalicdb.rs\/index.php?rest_route=%2Fwp%2Fv2%2Fproduct_brand&post=33212"},{"taxonomy":"product_cat","embeddable":true,"href":"https:\/\/megalicdb.rs\/index.php?rest_route=%2Fwp%2Fv2%2Fproduct_cat&post=33212"},{"taxonomy":"product_tag","embeddable":true,"href":"https:\/\/megalicdb.rs\/index.php?rest_route=%2Fwp%2Fv2%2Fproduct_tag&post=33212"}],"curies":[{"name":"wp","href":"https:\/\/api.w.org\/{rel}","templated":true}]}}