{"id":33215,"date":"2025-07-09T15:34:08","date_gmt":"2025-07-09T15:34:08","guid":{"rendered":"https:\/\/megalicdb.rs\/?post_type=product&#038;p=33215"},"modified":"2025-07-09T15:34:08","modified_gmt":"2025-07-09T15:34:08","slug":"postelja-od-ruza-nora-roberts","status":"publish","type":"product","link":"https:\/\/megalicdb.rs\/?product=postelja-od-ruza-nora-roberts","title":{"rendered":"Postelja od ru\u017ea Nora Roberts"},"content":{"rendered":"<p>Parker, Ema, Lorel, Mak.<\/p>\n<p>Jo\u0161 kao devoj\u010dice, njih \u010detiri delile su sve: igre, tajne, nade.<\/p>\n<p>S vremenom su postale briljantne, privla\u010dne i nezavisne \u017eene. I osnovale su agenciju za planiranje ven\u010danja u kojoj svaka od njih daje sve od sebe da klijentima pru\u017ei nezaboravan i savr\u0161en dan. A one, dokle \u0107e ostati same?<\/p>\n<p>Ema je od detinjstva volela ljubavne pri\u010de sa sre\u0107nim zavr\u0161etkom, ali nije ni slutila da \u0107e svoju strast pretvoriti u posao: aran\u017eiranje cvetnih dekoracija za ven\u010danja. Ona zna sve o cve\u0107u i bidermajerima, i mu\u0161karcima tako\u0111e. Mada oni oble\u0107u oko nje, jo\u0161 nije prona\u0161la onog pravog. Ali nije ni slutila da \u0107e ga na\u0107i tako blizu, prepoznati ga posle toliko godina. Jer \u010dovek zbog kojeg \u0107e se prepustiti ose\u0107anjima njen je najbolji prijatelj. A nakon \u0161to mu Ema uzvrati \u017eestok poljubac, njih dvoje moraju da imaju poverenja u svoju pro\u0161lost \u2013 i svoja srca.<\/p>\n","protected":false},"excerpt":{"rendered":"<p>Parker, Ema, Lorel, Mak. Jo\u0161 kao devoj\u010dice, njih \u010detiri delile su sve: igre, tajne, nade. S vremenom su postale briljantne,<\/p>\n","protected":false},"featured_media":33216,"comment_status":"open","ping_status":"closed","template":"","meta":[],"product_brand":[],"product_cat":[416,324],"product_tag":[],"class_list":{"0":"post-33215","1":"product","2":"type-product","3":"status-publish","4":"has-post-thumbnail","6":"product_cat-beletristika","7":"product_cat-knjige","9":"first","10":"instock","11":"taxable","12":"shipping-taxable","13":"purchasable","14":"product-type-simple"},"aioseo_notices":[],"_links":{"self":[{"href":"https:\/\/megalicdb.rs\/index.php?rest_route=\/wp\/v2\/product\/33215","targetHints":{"allow":["GET"]}}],"collection":[{"href":"https:\/\/megalicdb.rs\/index.php?rest_route=\/wp\/v2\/product"}],"about":[{"href":"https:\/\/megalicdb.rs\/index.php?rest_route=\/wp\/v2\/types\/product"}],"replies":[{"embeddable":true,"href":"https:\/\/megalicdb.rs\/index.php?rest_route=%2Fwp%2Fv2%2Fcomments&post=33215"}],"version-history":[{"count":1,"href":"https:\/\/megalicdb.rs\/index.php?rest_route=\/wp\/v2\/product\/33215\/revisions"}],"predecessor-version":[{"id":33217,"href":"https:\/\/megalicdb.rs\/index.php?rest_route=\/wp\/v2\/product\/33215\/revisions\/33217"}],"wp:featuredmedia":[{"embeddable":true,"href":"https:\/\/megalicdb.rs\/index.php?rest_route=\/wp\/v2\/media\/33216"}],"wp:attachment":[{"href":"https:\/\/megalicdb.rs\/index.php?rest_route=%2Fwp%2Fv2%2Fmedia&parent=33215"}],"wp:term":[{"taxonomy":"product_brand","embeddable":true,"href":"https:\/\/megalicdb.rs\/index.php?rest_route=%2Fwp%2Fv2%2Fproduct_brand&post=33215"},{"taxonomy":"product_cat","embeddable":true,"href":"https:\/\/megalicdb.rs\/index.php?rest_route=%2Fwp%2Fv2%2Fproduct_cat&post=33215"},{"taxonomy":"product_tag","embeddable":true,"href":"https:\/\/megalicdb.rs\/index.php?rest_route=%2Fwp%2Fv2%2Fproduct_tag&post=33215"}],"curies":[{"name":"wp","href":"https:\/\/api.w.org\/{rel}","templated":true}]}}