{"id":33218,"date":"2025-07-09T15:35:52","date_gmt":"2025-07-09T15:35:52","guid":{"rendered":"https:\/\/megalicdb.rs\/?post_type=product&#038;p=33218"},"modified":"2025-07-09T15:35:52","modified_gmt":"2025-07-09T15:35:52","slug":"hladna-osveta-sara-pirs","status":"publish","type":"product","link":"https:\/\/megalicdb.rs\/?product=hladna-osveta-sara-pirs","title":{"rendered":"Hladna osveta Sara Pirs"},"content":{"rendered":"<p>\u017deleli su odmor iz snova. Dobili su najgoru no\u0107nu moru.<\/p>\n<p>Uz obalu Devona u jugozapadnoj Engleskoj nalazi se idili\u010dno ostrvo Keri. Me\u0111u lokalcima poznato kao Kosa\u010deva stena, ovo ostrvo krije ima mra\u010dnu pro\u0161lost. Pri\u010da se da je nekada ovim ostrvom harao serijski ubica, a kru\u017ee i glasine da je ukleto\u2026<\/p>\n<p>Sada je na ostrvu otvoreno luksuzno odmarali\u0161te koje poziva na odmor i opu\u0161tanje. Za neke \u0107e, me\u0111utim, odmor biti ve\u010dan.<\/p>\n<p>Detektivka Elin Vorner dolazi u odmarali\u0161te nakon \u0161to je telo mlade \u017eene prona\u0111eno me\u0111u stenama ispod paviljona za jogu. Ubrzo saznaje da \u017ertva nije bila gost odmarali\u0161ta \u2013 zapravo nije ni trebalo da bude na ostrvu. Kada jo\u0161 jedna osoba izgubi \u017eivot u misterioznoj nesre\u0107i na ronjenju, postaje jasno da ove smrti nisu slu\u010dajnost. Neko u hotelu tra\u017ei osvetu.<\/p>\n<p>Elin mora da prona\u0111e ubicu, i to brzo, pre nego \u0161to se krvava istorija ponovi.<\/p>\n","protected":false},"excerpt":{"rendered":"<p>\u017deleli su odmor iz snova. Dobili su najgoru no\u0107nu moru. Uz obalu Devona u jugozapadnoj Engleskoj nalazi se idili\u010dno ostrvo<\/p>\n","protected":false},"featured_media":33219,"comment_status":"open","ping_status":"closed","template":"","meta":[],"product_brand":[],"product_cat":[416,324],"product_tag":[],"class_list":{"0":"post-33218","1":"product","2":"type-product","3":"status-publish","4":"has-post-thumbnail","6":"product_cat-beletristika","7":"product_cat-knjige","9":"first","10":"instock","11":"taxable","12":"shipping-taxable","13":"purchasable","14":"product-type-simple"},"aioseo_notices":[],"_links":{"self":[{"href":"https:\/\/megalicdb.rs\/index.php?rest_route=\/wp\/v2\/product\/33218","targetHints":{"allow":["GET"]}}],"collection":[{"href":"https:\/\/megalicdb.rs\/index.php?rest_route=\/wp\/v2\/product"}],"about":[{"href":"https:\/\/megalicdb.rs\/index.php?rest_route=\/wp\/v2\/types\/product"}],"replies":[{"embeddable":true,"href":"https:\/\/megalicdb.rs\/index.php?rest_route=%2Fwp%2Fv2%2Fcomments&post=33218"}],"version-history":[{"count":1,"href":"https:\/\/megalicdb.rs\/index.php?rest_route=\/wp\/v2\/product\/33218\/revisions"}],"predecessor-version":[{"id":33220,"href":"https:\/\/megalicdb.rs\/index.php?rest_route=\/wp\/v2\/product\/33218\/revisions\/33220"}],"wp:featuredmedia":[{"embeddable":true,"href":"https:\/\/megalicdb.rs\/index.php?rest_route=\/wp\/v2\/media\/33219"}],"wp:attachment":[{"href":"https:\/\/megalicdb.rs\/index.php?rest_route=%2Fwp%2Fv2%2Fmedia&parent=33218"}],"wp:term":[{"taxonomy":"product_brand","embeddable":true,"href":"https:\/\/megalicdb.rs\/index.php?rest_route=%2Fwp%2Fv2%2Fproduct_brand&post=33218"},{"taxonomy":"product_cat","embeddable":true,"href":"https:\/\/megalicdb.rs\/index.php?rest_route=%2Fwp%2Fv2%2Fproduct_cat&post=33218"},{"taxonomy":"product_tag","embeddable":true,"href":"https:\/\/megalicdb.rs\/index.php?rest_route=%2Fwp%2Fv2%2Fproduct_tag&post=33218"}],"curies":[{"name":"wp","href":"https:\/\/api.w.org\/{rel}","templated":true}]}}