{"id":33221,"date":"2025-07-09T15:37:21","date_gmt":"2025-07-09T15:37:21","guid":{"rendered":"https:\/\/megalicdb.rs\/?post_type=product&#038;p=33221"},"modified":"2025-11-24T11:28:16","modified_gmt":"2025-11-24T11:28:16","slug":"zivotinjska-farma-dzordz-orvel","status":"publish","type":"product","link":"https:\/\/megalicdb.rs\/?product=zivotinjska-farma-dzordz-orvel","title":{"rendered":"\u017divotinjska farma D\u017eord\u017e Orvel"},"content":{"rendered":"<p>Umorne od toga \u0161to ih ljudi stalno iskori\u0161\u0107avaju, \u017eivotinje na farmi odlu\u010duju da se pobune. Nakon \u0161to proteraju nesposobnog i ve\u010dito pijanog vlasnika farme, poku\u0161avaju da stvore novi poredak zasnovan na utopijskom konceptu jednakosti. Me\u0111utim, ubrzo se me\u0111u njima pojavljuje nova klasa birokrata: svinje se lukavo\u0161\u0107u, pohlepom i egoizmom name\u0107u drugim \u017eivotinjama, poslu\u0161nijim i prostijeg uma. Uzvi\u0161eni ideali jednakosti i bratstva proklamovani u vreme pobedni\u010dke revolucije tako postepeno bivaju iznevereni. Pod diktaturom Napoleona, krupne svinje koja uspeva da centralizuje sve poluge mo\u0107i u sebi i prisvoji profit farme, sve \u017eivotinje na kraju do\u017eivljavaju isto zlostavljanje i nepravde kao i ranije.<\/p>\n<p>Napisana kao bezazlena de\u010dja pri\u010da, ova je knjiga zapravo mra\u010dna satira i mo\u0107na optu\u017eba na ra\u010dun totalitarizma.<\/p>\n<p>\u201eTo je istorija revolucije koja je po\u0161la po zlu i svih sjajnih izgovora koji su nicali na svakom koraku izvrtanja originalne doktrine\u201c, napisao je Orvel za prvo izdanje \u201e\u017divotinjske farme&#8220; 1945. godine. Ovo remek-delo politi\u010dke literature umalo je ostalo neobjavljeno: budu\u0107i da je predstavljalo \u017eestok napad na Staljina, tada\u0161njeg britanskog saveznika, odbili su ga skoro svi izdava\u010di. Jednostavna, tragi\u010dna basna od tada je postala svetski poznat klasik.<\/p>\n","protected":false},"excerpt":{"rendered":"<p>Umorne od toga \u0161to ih ljudi stalno iskori\u0161\u0107avaju, \u017eivotinje na farmi odlu\u010duju da se pobune. Nakon \u0161to proteraju nesposobnog i<\/p>\n","protected":false},"featured_media":33222,"comment_status":"open","ping_status":"closed","template":"","meta":[],"product_brand":[],"product_cat":[324,417],"product_tag":[],"class_list":{"0":"post-33221","1":"product","2":"type-product","3":"status-publish","4":"has-post-thumbnail","6":"product_cat-knjige","7":"product_cat-knjizevnost-za-odrasle","9":"first","10":"outofstock","11":"taxable","12":"shipping-taxable","13":"purchasable","14":"product-type-simple"},"aioseo_notices":[],"_links":{"self":[{"href":"https:\/\/megalicdb.rs\/index.php?rest_route=\/wp\/v2\/product\/33221","targetHints":{"allow":["GET"]}}],"collection":[{"href":"https:\/\/megalicdb.rs\/index.php?rest_route=\/wp\/v2\/product"}],"about":[{"href":"https:\/\/megalicdb.rs\/index.php?rest_route=\/wp\/v2\/types\/product"}],"replies":[{"embeddable":true,"href":"https:\/\/megalicdb.rs\/index.php?rest_route=%2Fwp%2Fv2%2Fcomments&post=33221"}],"version-history":[{"count":1,"href":"https:\/\/megalicdb.rs\/index.php?rest_route=\/wp\/v2\/product\/33221\/revisions"}],"predecessor-version":[{"id":33223,"href":"https:\/\/megalicdb.rs\/index.php?rest_route=\/wp\/v2\/product\/33221\/revisions\/33223"}],"wp:featuredmedia":[{"embeddable":true,"href":"https:\/\/megalicdb.rs\/index.php?rest_route=\/wp\/v2\/media\/33222"}],"wp:attachment":[{"href":"https:\/\/megalicdb.rs\/index.php?rest_route=%2Fwp%2Fv2%2Fmedia&parent=33221"}],"wp:term":[{"taxonomy":"product_brand","embeddable":true,"href":"https:\/\/megalicdb.rs\/index.php?rest_route=%2Fwp%2Fv2%2Fproduct_brand&post=33221"},{"taxonomy":"product_cat","embeddable":true,"href":"https:\/\/megalicdb.rs\/index.php?rest_route=%2Fwp%2Fv2%2Fproduct_cat&post=33221"},{"taxonomy":"product_tag","embeddable":true,"href":"https:\/\/megalicdb.rs\/index.php?rest_route=%2Fwp%2Fv2%2Fproduct_tag&post=33221"}],"curies":[{"name":"wp","href":"https:\/\/api.w.org\/{rel}","templated":true}]}}