{"id":33227,"date":"2025-07-09T15:46:36","date_gmt":"2025-07-09T15:46:36","guid":{"rendered":"https:\/\/megalicdb.rs\/?post_type=product&#038;p=33227"},"modified":"2025-11-24T10:47:47","modified_gmt":"2025-11-24T10:47:47","slug":"savrsena-nada-nora-roberts","status":"publish","type":"product","link":"https:\/\/megalicdb.rs\/?product=savrsena-nada-nora-roberts","title":{"rendered":"Savr\u0161ena nada Nora Roberts"},"content":{"rendered":"<p>Trijumfalni zavr\u0161etak trilogije o bra\u0107i Montgomeri, romanti\u010dniji i primamljiviji nego ikada.<\/p>\n<p>Od trojice bra\u0107e Montgomeri, Rajder je najve\u0107a enigma. Nabusit je i nedru\u0161tven, ali kad zaka\u010di pojas sa alatom, nijedna \u017eena ne mo\u017ee da odoli njegovom senzualnom razmetanju. Osim, izgleda, Houp Bomont, direktorke njegovog hotela, sposobne i posve\u0107ene \u2013 i vrlo seksi\u2026<br \/>\nKao biv\u0161a direktorka hotela u Va\u0161ingtonu, Houp je navikla na uzbu\u0111enje i glamur, ali ipak ceni radosti \u017eivota u malom gradu. Postigla je sve \u0161to je \u017eelela \u2013 osim \u0161to se ti\u010de ljubavnog \u017eivota. Njena jedina veza sa suprotnim polom jeste neprestana borba sa razdra\u017eljivim Rajderom, koji uvek uspe da je naljuti. Ipak, niko ne mo\u017ee pore\u0107i elektricitet koji pucketa me\u0111u njima\u2026 iskru koja je sevnula s novogodi\u0161njim poljupcem.<br \/>\nIako u hotelu sve te\u010de glatko, zahvaljuju\u0107i Houpinom iskustvu i nepogre\u0161ivom ose\u0107aju, pro\u0161lost iz velikog grada neprijatno \u0107e je iznenaditi. Kada vidi kako se njena savr\u0161ena fasada ru\u0161i, u Rajderu se bude emocije i shvata da ona, iako nije savr\u0161ena, mo\u017eda jeste savr\u0161ena \u017eena za njega\u2026<\/p>\n","protected":false},"excerpt":{"rendered":"<p>Trijumfalni zavr\u0161etak trilogije o bra\u0107i Montgomeri, romanti\u010dniji i primamljiviji nego ikada. Od trojice bra\u0107e Montgomeri, Rajder je najve\u0107a enigma. Nabusit<\/p>\n","protected":false},"featured_media":33228,"comment_status":"open","ping_status":"closed","template":"","meta":[],"product_brand":[],"product_cat":[416,324],"product_tag":[],"class_list":{"0":"post-33227","1":"product","2":"type-product","3":"status-publish","4":"has-post-thumbnail","6":"product_cat-beletristika","7":"product_cat-knjige","9":"first","10":"outofstock","11":"taxable","12":"shipping-taxable","13":"purchasable","14":"product-type-simple"},"aioseo_notices":[],"_links":{"self":[{"href":"https:\/\/megalicdb.rs\/index.php?rest_route=\/wp\/v2\/product\/33227","targetHints":{"allow":["GET"]}}],"collection":[{"href":"https:\/\/megalicdb.rs\/index.php?rest_route=\/wp\/v2\/product"}],"about":[{"href":"https:\/\/megalicdb.rs\/index.php?rest_route=\/wp\/v2\/types\/product"}],"replies":[{"embeddable":true,"href":"https:\/\/megalicdb.rs\/index.php?rest_route=%2Fwp%2Fv2%2Fcomments&post=33227"}],"version-history":[{"count":1,"href":"https:\/\/megalicdb.rs\/index.php?rest_route=\/wp\/v2\/product\/33227\/revisions"}],"predecessor-version":[{"id":33229,"href":"https:\/\/megalicdb.rs\/index.php?rest_route=\/wp\/v2\/product\/33227\/revisions\/33229"}],"wp:featuredmedia":[{"embeddable":true,"href":"https:\/\/megalicdb.rs\/index.php?rest_route=\/wp\/v2\/media\/33228"}],"wp:attachment":[{"href":"https:\/\/megalicdb.rs\/index.php?rest_route=%2Fwp%2Fv2%2Fmedia&parent=33227"}],"wp:term":[{"taxonomy":"product_brand","embeddable":true,"href":"https:\/\/megalicdb.rs\/index.php?rest_route=%2Fwp%2Fv2%2Fproduct_brand&post=33227"},{"taxonomy":"product_cat","embeddable":true,"href":"https:\/\/megalicdb.rs\/index.php?rest_route=%2Fwp%2Fv2%2Fproduct_cat&post=33227"},{"taxonomy":"product_tag","embeddable":true,"href":"https:\/\/megalicdb.rs\/index.php?rest_route=%2Fwp%2Fv2%2Fproduct_tag&post=33227"}],"curies":[{"name":"wp","href":"https:\/\/api.w.org\/{rel}","templated":true}]}}