{"id":33230,"date":"2025-07-09T15:49:02","date_gmt":"2025-07-09T15:49:02","guid":{"rendered":"https:\/\/megalicdb.rs\/?post_type=product&#038;p=33230"},"modified":"2025-07-09T15:49:02","modified_gmt":"2025-07-09T15:49:02","slug":"1984-dzordz-orvel","status":"publish","type":"product","link":"https:\/\/megalicdb.rs\/?product=1984-dzordz-orvel","title":{"rendered":"1984 D\u017eord\u017e Orvel"},"content":{"rendered":"<p>Objavljeno nekoliko godina nakon zavr\u0161etka Drugog svetskog rata, ovo remek-delo svetske knji\u017eevnosti predstavlja nemilosrdno i proro\u010dansko razmi\u0161ljanje o mo\u0107i, o svim zabludama i apsurdima totalitarizma \u2013 sa njegovim prezirom prema ljudskom \u017eivotu, upotrebom sile, kultom vo\u0111e uzdignutog do bo\u017eanstva.<\/p>\n<p>Radnja se odvija u bliskoj budu\u0107nosti sveta, u kojoj je mo\u0107 koncentrisana u tri ogromne superdr\u017eave. Na vrhuncu politi\u010dke mo\u0107i u jednoj od tih dr\u017eava nalazi se Veliki Brat, sveznaju\u0107i i nepogre\u0161ivi, kojeg niko nikada nije video li\u010dno, ali \u010diji su posteri svuda. Glavni junak Smit radi u Ministarstvu istine, i ima zadatak da cenzuri\u0161e knjige i novine koje nisu u skladu sa zvani\u010dnom politikom. Nezadovoljan poslom i \u017eivotom u kojem mu Policija misli nadzire svaki pokret i svaku re\u010d, on poku\u0161ava da ne\u0161to preduzme, iako je svestan da ga to mo\u017ee dovesti u smrtnu opasnost.<\/p>\n<p>Prekretnica u engleskoj knji\u017eevnosti, jedan od najpoznatijih i mo\u017eda najkontroverznijih romana pro\u0161log veka, 1984. je knjiga koja \u0107e vam uzburkati savest i navesti vas da razmislite: o pro\u0161losti i sada\u0161njosti, ali pre svega o budu\u0107nosti.<\/p>\n","protected":false},"excerpt":{"rendered":"<p>Objavljeno nekoliko godina nakon zavr\u0161etka Drugog svetskog rata, ovo remek-delo svetske knji\u017eevnosti predstavlja nemilosrdno i proro\u010dansko razmi\u0161ljanje o mo\u0107i, o<\/p>\n","protected":false},"featured_media":33231,"comment_status":"open","ping_status":"closed","template":"","meta":[],"product_brand":[],"product_cat":[324,417],"product_tag":[],"class_list":{"0":"post-33230","1":"product","2":"type-product","3":"status-publish","4":"has-post-thumbnail","6":"product_cat-knjige","7":"product_cat-knjizevnost-za-odrasle","9":"first","10":"instock","11":"taxable","12":"shipping-taxable","13":"purchasable","14":"product-type-simple"},"aioseo_notices":[],"_links":{"self":[{"href":"https:\/\/megalicdb.rs\/index.php?rest_route=\/wp\/v2\/product\/33230","targetHints":{"allow":["GET"]}}],"collection":[{"href":"https:\/\/megalicdb.rs\/index.php?rest_route=\/wp\/v2\/product"}],"about":[{"href":"https:\/\/megalicdb.rs\/index.php?rest_route=\/wp\/v2\/types\/product"}],"replies":[{"embeddable":true,"href":"https:\/\/megalicdb.rs\/index.php?rest_route=%2Fwp%2Fv2%2Fcomments&post=33230"}],"version-history":[{"count":1,"href":"https:\/\/megalicdb.rs\/index.php?rest_route=\/wp\/v2\/product\/33230\/revisions"}],"predecessor-version":[{"id":33232,"href":"https:\/\/megalicdb.rs\/index.php?rest_route=\/wp\/v2\/product\/33230\/revisions\/33232"}],"wp:featuredmedia":[{"embeddable":true,"href":"https:\/\/megalicdb.rs\/index.php?rest_route=\/wp\/v2\/media\/33231"}],"wp:attachment":[{"href":"https:\/\/megalicdb.rs\/index.php?rest_route=%2Fwp%2Fv2%2Fmedia&parent=33230"}],"wp:term":[{"taxonomy":"product_brand","embeddable":true,"href":"https:\/\/megalicdb.rs\/index.php?rest_route=%2Fwp%2Fv2%2Fproduct_brand&post=33230"},{"taxonomy":"product_cat","embeddable":true,"href":"https:\/\/megalicdb.rs\/index.php?rest_route=%2Fwp%2Fv2%2Fproduct_cat&post=33230"},{"taxonomy":"product_tag","embeddable":true,"href":"https:\/\/megalicdb.rs\/index.php?rest_route=%2Fwp%2Fv2%2Fproduct_tag&post=33230"}],"curies":[{"name":"wp","href":"https:\/\/api.w.org\/{rel}","templated":true}]}}