{"id":33236,"date":"2025-07-09T15:57:01","date_gmt":"2025-07-09T15:57:01","guid":{"rendered":"https:\/\/megalicdb.rs\/?post_type=product&#038;p=33236"},"modified":"2025-07-09T15:57:01","modified_gmt":"2025-07-09T15:57:01","slug":"kuca-svetlosti-donato-karizi","status":"publish","type":"product","link":"https:\/\/megalicdb.rs\/?product=kuca-svetlosti-donato-karizi","title":{"rendered":"Ku\u0107a svetlosti Donato Karizi"},"content":{"rendered":"<p>U velikoj, tro\u0161noj ku\u0107i na vrhu brda \u017eivi sama jedna devoj\u010dica\u2026 Zove se Eva, ima deset godina, a sa njom su samo guvernanta i au pair devojka, Finkinja Maja Salo. Od roditelja nema ni traga. Maja je zabrinuta za devoj\u010dicu i zato tra\u017ei pomo\u0107 Pjetra Gerbera, najboljeg firentinskog hipnotizera, uspavljiva\u010da dece. Ve\u0107 neko vreme, Eva nije zaista sama. Sa njom je imaginarni prijatelj, dete bez imena i bez lika. I upravo zbog njegovog prisustva, Eva je mo\u017eda u opasnosti. Ali reputacija Pjetra Gerbera je uni\u0161tena, a na neki na\u010din, i on sam. Iako je zbunjen i nesiguran u svoju sudbinu, i uprkos tome \u0161to ga mu\u010de sumnje, Pjetro prihvata da se suo\u010di sa Evom. Ili, ta\u010dnije, sa njenim imaginarnim prijateljem. Tada se pred njim \u0161irom otvaraju nevidljiva vrata. Glas izgubljenog deteta koje pri\u010da preko Eve kad je ona pod hipnozom nije mu nepoznat. Ali, \u0161to je jo\u0161 va\u017enije, taj glas poznaje Pjetra. Zna njegovu pro\u0161lost, i deluje kao da zna istinu koja je ostala predugo skrivena, istinu o ne\u010demu \u0161to se dogodilo jednog toplog leta kada je Pjetro bio dete. Jer je sa jedanaest godina Pjetro Gerber umro. A misteriozni doga\u0111aj koji je usledio nakon njegove smrti i dalje ga proganja.<\/p>\n","protected":false},"excerpt":{"rendered":"<p>U velikoj, tro\u0161noj ku\u0107i na vrhu brda \u017eivi sama jedna devoj\u010dica\u2026 Zove se Eva, ima deset godina, a sa njom<\/p>\n","protected":false},"featured_media":33237,"comment_status":"open","ping_status":"closed","template":"","meta":[],"product_brand":[],"product_cat":[416,324],"product_tag":[],"class_list":{"0":"post-33236","1":"product","2":"type-product","3":"status-publish","4":"has-post-thumbnail","6":"product_cat-beletristika","7":"product_cat-knjige","9":"first","10":"instock","11":"taxable","12":"shipping-taxable","13":"purchasable","14":"product-type-simple"},"aioseo_notices":[],"_links":{"self":[{"href":"https:\/\/megalicdb.rs\/index.php?rest_route=\/wp\/v2\/product\/33236","targetHints":{"allow":["GET"]}}],"collection":[{"href":"https:\/\/megalicdb.rs\/index.php?rest_route=\/wp\/v2\/product"}],"about":[{"href":"https:\/\/megalicdb.rs\/index.php?rest_route=\/wp\/v2\/types\/product"}],"replies":[{"embeddable":true,"href":"https:\/\/megalicdb.rs\/index.php?rest_route=%2Fwp%2Fv2%2Fcomments&post=33236"}],"version-history":[{"count":1,"href":"https:\/\/megalicdb.rs\/index.php?rest_route=\/wp\/v2\/product\/33236\/revisions"}],"predecessor-version":[{"id":33238,"href":"https:\/\/megalicdb.rs\/index.php?rest_route=\/wp\/v2\/product\/33236\/revisions\/33238"}],"wp:featuredmedia":[{"embeddable":true,"href":"https:\/\/megalicdb.rs\/index.php?rest_route=\/wp\/v2\/media\/33237"}],"wp:attachment":[{"href":"https:\/\/megalicdb.rs\/index.php?rest_route=%2Fwp%2Fv2%2Fmedia&parent=33236"}],"wp:term":[{"taxonomy":"product_brand","embeddable":true,"href":"https:\/\/megalicdb.rs\/index.php?rest_route=%2Fwp%2Fv2%2Fproduct_brand&post=33236"},{"taxonomy":"product_cat","embeddable":true,"href":"https:\/\/megalicdb.rs\/index.php?rest_route=%2Fwp%2Fv2%2Fproduct_cat&post=33236"},{"taxonomy":"product_tag","embeddable":true,"href":"https:\/\/megalicdb.rs\/index.php?rest_route=%2Fwp%2Fv2%2Fproduct_tag&post=33236"}],"curies":[{"name":"wp","href":"https:\/\/api.w.org\/{rel}","templated":true}]}}