{"id":33242,"date":"2025-07-09T16:00:33","date_gmt":"2025-07-09T16:00:33","guid":{"rendered":"https:\/\/megalicdb.rs\/?post_type=product&#038;p=33242"},"modified":"2025-07-09T16:00:33","modified_gmt":"2025-07-09T16:00:33","slug":"volim-sebe-volim-tebe-marija-esklapez","status":"publish","type":"product","link":"https:\/\/megalicdb.rs\/?product=volim-sebe-volim-tebe-marija-esklapez","title":{"rendered":"Volim sebe, volim tebe Marija Esklapez"},"content":{"rendered":"<p>Svojevrsni vodi\u010d za pobolj\u0161anje va\u0161ih odnosa, koji uklju\u010duje li\u010dna iskustva, anegdote sa terapija, kao i konkretne savete koje treba primeniti za zdravu vezu.<\/p>\n<p>Toksi\u010dna veza je ona koja u nama budi ose\u0107aj neprijatnosti. Kako i sam naziv nagove\u0161tava, toksi\u010dno je ono \u0161to je \u0161tetno i lo\u0161e po nas. \u010citaju\u0107i knjigu Volim sebe, volim tebe, nau\u010di\u0107ete da prepoznate mnoge toksi\u010dne situacije koje se mogu pojaviti u vezi i otkri\u0107ete kako da postavljate granice za svoje dobro, \u010dime \u0107ete osna\u017eiti samopo\u0161tovanje.<\/p>\n<p>Zato \u0161to volim tebe, ali najpre volim sebe.<\/p>\n<p>U ovoj knjizi vas autorka Marija Eskaplez, klini\u010dka psiholo\u0161kinja i terapeutkinja za parove, poziva da izgradite zdrave odnose i pobolj\u0161ate ve\u0107 postoje\u0107e pomo\u0107u prakti\u010dnih ve\u017ebi, primera sa konsultacija i sopstvenih promi\u0161ljanja na ovu temu. Jer bez obzira na to u kakvoj ste vezi trenutno, nikada nije ni prerano ni prekasno da nau\u010dite kako da budete svesni svojih iskustava, da volite i cenite sebe, prvo kao osobu, a potom i kao ne\u010dijeg partnera.<\/p>\n","protected":false},"excerpt":{"rendered":"<p>Svojevrsni vodi\u010d za pobolj\u0161anje va\u0161ih odnosa, koji uklju\u010duje li\u010dna iskustva, anegdote sa terapija, kao i konkretne savete koje treba primeniti<\/p>\n","protected":false},"featured_media":33243,"comment_status":"open","ping_status":"closed","template":"","meta":[],"product_brand":[],"product_cat":[324,417],"product_tag":[],"class_list":{"0":"post-33242","1":"product","2":"type-product","3":"status-publish","4":"has-post-thumbnail","6":"product_cat-knjige","7":"product_cat-knjizevnost-za-odrasle","9":"first","10":"instock","11":"taxable","12":"shipping-taxable","13":"purchasable","14":"product-type-simple"},"aioseo_notices":[],"_links":{"self":[{"href":"https:\/\/megalicdb.rs\/index.php?rest_route=\/wp\/v2\/product\/33242","targetHints":{"allow":["GET"]}}],"collection":[{"href":"https:\/\/megalicdb.rs\/index.php?rest_route=\/wp\/v2\/product"}],"about":[{"href":"https:\/\/megalicdb.rs\/index.php?rest_route=\/wp\/v2\/types\/product"}],"replies":[{"embeddable":true,"href":"https:\/\/megalicdb.rs\/index.php?rest_route=%2Fwp%2Fv2%2Fcomments&post=33242"}],"version-history":[{"count":1,"href":"https:\/\/megalicdb.rs\/index.php?rest_route=\/wp\/v2\/product\/33242\/revisions"}],"predecessor-version":[{"id":33244,"href":"https:\/\/megalicdb.rs\/index.php?rest_route=\/wp\/v2\/product\/33242\/revisions\/33244"}],"wp:featuredmedia":[{"embeddable":true,"href":"https:\/\/megalicdb.rs\/index.php?rest_route=\/wp\/v2\/media\/33243"}],"wp:attachment":[{"href":"https:\/\/megalicdb.rs\/index.php?rest_route=%2Fwp%2Fv2%2Fmedia&parent=33242"}],"wp:term":[{"taxonomy":"product_brand","embeddable":true,"href":"https:\/\/megalicdb.rs\/index.php?rest_route=%2Fwp%2Fv2%2Fproduct_brand&post=33242"},{"taxonomy":"product_cat","embeddable":true,"href":"https:\/\/megalicdb.rs\/index.php?rest_route=%2Fwp%2Fv2%2Fproduct_cat&post=33242"},{"taxonomy":"product_tag","embeddable":true,"href":"https:\/\/megalicdb.rs\/index.php?rest_route=%2Fwp%2Fv2%2Fproduct_tag&post=33242"}],"curies":[{"name":"wp","href":"https:\/\/api.w.org\/{rel}","templated":true}]}}