{"id":33248,"date":"2025-07-09T16:03:49","date_gmt":"2025-07-09T16:03:49","guid":{"rendered":"https:\/\/megalicdb.rs\/?post_type=product&#038;p=33248"},"modified":"2025-11-24T11:20:42","modified_gmt":"2025-11-24T11:20:42","slug":"toksicne-emocije-bernardo-stamateas","status":"publish","type":"product","link":"https:\/\/megalicdb.rs\/?product=toksicne-emocije-bernardo-stamateas","title":{"rendered":"Toksi\u010dne emocije Bernardo Stamateas"},"content":{"rendered":"<p>Nakon enormnog uspeha knjige Toksi\u010dni ljudi, Bernardo Stamateas nastavlja da otkriva klju\u010deve za le\u010denje emocionalnih o\u017eiljaka, predo\u010davaju\u0107i istovremeno na\u010dine za u\u017eivanje u unutra\u0161njem miru.<\/p>\n<p>U svojoj nameri da vi\u0161estruko ispita prirodu emocija, Bernardo Stamateas polazi od pretpostavke da je za identifikovanje toksi\u010dnih emocija najva\u017enije prvenstveno upoznati sebe, budu\u0107i da \u0107e nam ta spoznaja omogu\u0107iti da se na bolji na\u010din pove\u017eemo kako sa drugima, tako i sa samima sobom. Skrivanje emocija, odnosno njihovo potiskivanje \u2013 uz ube\u0111enje da \u0107e one na taj na\u010din nestati \u2013 predstavlja veliku gre\u0161ku. Toksi\u010dne emocije \u0107e se, uprkos tome, i dalje ispoljavati, dovode\u0107i nas pritom do zbunjenosti, apatije i letargije.<\/p>\n<p>Knjiga Toksi\u010dne emocije stoga predstavlja priru\u010dnik koji se na druga\u010diji na\u010din fokusira na koncept \u201etoksi\u010dnosti\u201c. Emocije kao \u0161to su anksioznost, zavist, strah, krivica, odbacivanje i ljubomora zaista jesu toksi\u010dne, ali ih kao takve najpre treba identifikovati, a potom upravljati njima kako bismo postigli unutra\u0161nji mir i oslobodili se ose\u0107aja hroni\u010dnog nezadovoljstva. Jer emocije ne mogu biti kontrolisane spolja, ve\u0107 se njima upravlja iz dubine na\u0161eg unutra\u0161njeg \u017eivota.<\/p>\n","protected":false},"excerpt":{"rendered":"<p>Nakon enormnog uspeha knjige Toksi\u010dni ljudi, Bernardo Stamateas nastavlja da otkriva klju\u010deve za le\u010denje emocionalnih o\u017eiljaka, predo\u010davaju\u0107i istovremeno na\u010dine za<\/p>\n","protected":false},"featured_media":33249,"comment_status":"open","ping_status":"closed","template":"","meta":[],"product_brand":[],"product_cat":[324,417],"product_tag":[],"class_list":{"0":"post-33248","1":"product","2":"type-product","3":"status-publish","4":"has-post-thumbnail","6":"product_cat-knjige","7":"product_cat-knjizevnost-za-odrasle","9":"first","10":"outofstock","11":"taxable","12":"shipping-taxable","13":"purchasable","14":"product-type-simple"},"aioseo_notices":[],"_links":{"self":[{"href":"https:\/\/megalicdb.rs\/index.php?rest_route=\/wp\/v2\/product\/33248","targetHints":{"allow":["GET"]}}],"collection":[{"href":"https:\/\/megalicdb.rs\/index.php?rest_route=\/wp\/v2\/product"}],"about":[{"href":"https:\/\/megalicdb.rs\/index.php?rest_route=\/wp\/v2\/types\/product"}],"replies":[{"embeddable":true,"href":"https:\/\/megalicdb.rs\/index.php?rest_route=%2Fwp%2Fv2%2Fcomments&post=33248"}],"version-history":[{"count":1,"href":"https:\/\/megalicdb.rs\/index.php?rest_route=\/wp\/v2\/product\/33248\/revisions"}],"predecessor-version":[{"id":33250,"href":"https:\/\/megalicdb.rs\/index.php?rest_route=\/wp\/v2\/product\/33248\/revisions\/33250"}],"wp:featuredmedia":[{"embeddable":true,"href":"https:\/\/megalicdb.rs\/index.php?rest_route=\/wp\/v2\/media\/33249"}],"wp:attachment":[{"href":"https:\/\/megalicdb.rs\/index.php?rest_route=%2Fwp%2Fv2%2Fmedia&parent=33248"}],"wp:term":[{"taxonomy":"product_brand","embeddable":true,"href":"https:\/\/megalicdb.rs\/index.php?rest_route=%2Fwp%2Fv2%2Fproduct_brand&post=33248"},{"taxonomy":"product_cat","embeddable":true,"href":"https:\/\/megalicdb.rs\/index.php?rest_route=%2Fwp%2Fv2%2Fproduct_cat&post=33248"},{"taxonomy":"product_tag","embeddable":true,"href":"https:\/\/megalicdb.rs\/index.php?rest_route=%2Fwp%2Fv2%2Fproduct_tag&post=33248"}],"curies":[{"name":"wp","href":"https:\/\/api.w.org\/{rel}","templated":true}]}}