{"id":33254,"date":"2025-07-09T16:07:26","date_gmt":"2025-07-09T16:07:26","guid":{"rendered":"https:\/\/megalicdb.rs\/?post_type=product&#038;p=33254"},"modified":"2025-07-09T16:07:26","modified_gmt":"2025-07-09T16:07:26","slug":"romani-mesa-selimovic","status":"publish","type":"product","link":"https:\/\/megalicdb.rs\/?product=romani-mesa-selimovic","title":{"rendered":"Romani Me\u0161a Selimovi\u0107"},"content":{"rendered":"<p>*Ti\u0161ine*<\/p>\n<p>\u201eNi za jednu \u017eivotnu stazu ne postoji vodi\u010d, svaka je neispitana, neponovljiva, zato je u \u017eivotu avantura pravilo, a ne izuzetak, jer je putovanje kroz neispitane predjele, koje niko poslije nas ne mo\u017ee ponoviti, sve se staze potiru, uvijek nanovo se stvara nova konfiguracija, uvijek se ukazuje drugi pejza\u017e, druga klima, za svakog posebno.\u201c<\/p>\n<p>*Dervi\u0161 i smrt*<\/p>\n<p>\u201eSad sam shvatio: to je prijateljstvo, ljubav prema drugome. Sve drugo mo\u017ee da prevari, to ne mo\u017ee. Sve drugo mo\u017ee da izmakne i ostavi nas puste, to ne mo\u017ee, jer zavisi od nas. Ne mogu da mu ka\u017eem: budi mi prijatelj. Ali mogu da ka\u017eem: bi\u0107u ti prijatelj.\u201c<\/p>\n<p>*Tvr\u0111ava*<\/p>\n<p>\u201eTroje nas je, u cijelom svijetu samo troje: moji prsti, njeno tijelo i njegov ujedna\u010deni damar. Nije va\u017eno \u0161ta se de\u0161ava u svijetu, nije va\u017eno \u0161ta \u0107e biti sutra, va\u017ean je ovaj \u010das bla\u017eenstva bez misli. Hiljadu ne\u010dijih sre\u0107nih \u010dasaka bi\u0107e kao ovaj, ali ovaj nikada vi\u0161e. Hiljadu tu\u0111ih ljubavi bi\u0107e kao ova, ali ova nikad vi\u0161e.\u201c<\/p>\n<p>*Ostrvo*<\/p>\n<p>\u201eSudbina me je postavila na ovu stazu, za drugu ne znam, i kora\u010da\u0107u po njoj dok u meni ima snage. Ovdje sam ugledao nebeski beskraj i pu\u010dinu na kojoj mi se oko odmara, i ovo ne bih zamijenio ni za jedan kraj na svijetu. Ljep\u0161ih mo\u017eda ima, dra\u017eih nigdje. Ovaj kraj, to sam ja, to je moj \u017eivot i moja ljubav.\u201c<\/p>\n<p>*Krug*<\/p>\n<p>\u201eBili su skromni ljudi oboje. Zauzimali su malo mesta u \u017eivotu. Ni\u010dim nisu zadu\u017eili \u010dove\u010danstvo. Bili su sitni i neva\u017eni, neprimetni kao dve \u010davke u jatu \u010davki; nisu se odlikovali ni sposobnostima, ni pame\u0107u, ni\u010dim naro\u010ditim. A ipak su bili posebni i izuzetni, zbog ljubavi i zbog patnje.\u201c<\/p>\n","protected":false},"excerpt":{"rendered":"<p>*Ti\u0161ine* \u201eNi za jednu \u017eivotnu stazu ne postoji vodi\u010d, svaka je neispitana, neponovljiva, zato je u \u017eivotu avantura pravilo, a<\/p>\n","protected":false},"featured_media":33255,"comment_status":"open","ping_status":"closed","template":"","meta":[],"product_brand":[],"product_cat":[324,417],"product_tag":[],"class_list":{"0":"post-33254","1":"product","2":"type-product","3":"status-publish","4":"has-post-thumbnail","6":"product_cat-knjige","7":"product_cat-knjizevnost-za-odrasle","9":"first","10":"instock","11":"taxable","12":"shipping-taxable","13":"purchasable","14":"product-type-simple"},"aioseo_notices":[],"_links":{"self":[{"href":"https:\/\/megalicdb.rs\/index.php?rest_route=\/wp\/v2\/product\/33254","targetHints":{"allow":["GET"]}}],"collection":[{"href":"https:\/\/megalicdb.rs\/index.php?rest_route=\/wp\/v2\/product"}],"about":[{"href":"https:\/\/megalicdb.rs\/index.php?rest_route=\/wp\/v2\/types\/product"}],"replies":[{"embeddable":true,"href":"https:\/\/megalicdb.rs\/index.php?rest_route=%2Fwp%2Fv2%2Fcomments&post=33254"}],"version-history":[{"count":1,"href":"https:\/\/megalicdb.rs\/index.php?rest_route=\/wp\/v2\/product\/33254\/revisions"}],"predecessor-version":[{"id":33256,"href":"https:\/\/megalicdb.rs\/index.php?rest_route=\/wp\/v2\/product\/33254\/revisions\/33256"}],"wp:featuredmedia":[{"embeddable":true,"href":"https:\/\/megalicdb.rs\/index.php?rest_route=\/wp\/v2\/media\/33255"}],"wp:attachment":[{"href":"https:\/\/megalicdb.rs\/index.php?rest_route=%2Fwp%2Fv2%2Fmedia&parent=33254"}],"wp:term":[{"taxonomy":"product_brand","embeddable":true,"href":"https:\/\/megalicdb.rs\/index.php?rest_route=%2Fwp%2Fv2%2Fproduct_brand&post=33254"},{"taxonomy":"product_cat","embeddable":true,"href":"https:\/\/megalicdb.rs\/index.php?rest_route=%2Fwp%2Fv2%2Fproduct_cat&post=33254"},{"taxonomy":"product_tag","embeddable":true,"href":"https:\/\/megalicdb.rs\/index.php?rest_route=%2Fwp%2Fv2%2Fproduct_tag&post=33254"}],"curies":[{"name":"wp","href":"https:\/\/api.w.org\/{rel}","templated":true}]}}