{"id":33263,"date":"2025-07-09T16:17:10","date_gmt":"2025-07-09T16:17:10","guid":{"rendered":"https:\/\/megalicdb.rs\/?post_type=product&#038;p=33263"},"modified":"2025-07-09T16:36:45","modified_gmt":"2025-07-09T16:36:45","slug":"ljudi-koje-srecemo-na-odmoru-emili-henri","status":"publish","type":"product","link":"https:\/\/megalicdb.rs\/?product=ljudi-koje-srecemo-na-odmoru-emili-henri","title":{"rendered":"Ljudi koje sre\u0107emo na odmoru Emili Henri"},"content":{"rendered":"<p>Bestseler #1 Njujork tajmsa<\/p>\n<p>Jedan od najve\u0107ih BookTok hitova.<\/p>\n<p>Pobedila je u tradicionalnom godi\u0161njem glasanju \u010ditalaca na sajtu Goodreads u kategoriji najbolji ljubavni roman.<\/p>\n<p>Dvoje najboljih prijatelja.<\/p>\n<p>Deset letnjih putovanja.<\/p>\n<p>Jedna, poslednja \u0161ansa za ljubav.<\/p>\n<p>Popi i Aleks. Aleks i Popi. Dva sveta razli\u010dita. Ona \u017eivi za zabavu i sanja o tome da proputuje svet, on bi se radije krio u svom stanu uz dobru knjigu. Ipak, nakon sudbonosnog susreta pre mnogo godina, oni postaju najbolji prijatelji. Ve\u0107i deo godine \u017eive daleko jedno od drugog \u2013 ona je u Njujorku, on u njihovom rodnom gradi\u0107u \u2013 ali svakog leta, ve\u0107 deset godina, zajedno provode jednu veli\u010danstvenu nedelju odmora. Barem je tako bilo do pre dve godine, kada su sve pokvarili. Od tada nisu razgovarali.<\/p>\n<p>Popi ima sve \u0161to bi mogla da po\u017eeli, ali ose\u0107a da se zaglavila u kolote\u010dini. Da je neko pita kada je poslednji put bila zaista sre\u0107na, bez sumnje bi to bilo ono nesre\u0107no putovanje sa Aleksom. Zato odlu\u010duje da ubedi svog najboljeg prijatelja da odu na jo\u0161 jedan zajedni\u010dki odmor \u2013 da otvori sve karte, uradi sve kako treba. Za divno \u010dudo, Aleks pristaje.<\/p>\n<p>Sada ima nedelju dana da sve popravi. Kad bi samo mogla da nekako zaobi\u0111e jednu veliku istinu koja tiho lebdi nad njihovim naizgled savr\u0161enim prijateljstvom. \u0160ta bi uop\u0161te moglo da po\u0111e naopako?<\/p>\n","protected":false},"excerpt":{"rendered":"<p>Bestseler #1 Njujork tajmsa Jedan od najve\u0107ih BookTok hitova. Pobedila je u tradicionalnom godi\u0161njem glasanju \u010ditalaca na sajtu Goodreads u<\/p>\n","protected":false},"featured_media":33264,"comment_status":"open","ping_status":"closed","template":"","meta":[],"product_brand":[],"product_cat":[411,416,324],"product_tag":[],"class_list":{"0":"post-33263","1":"product","2":"type-product","3":"status-publish","4":"has-post-thumbnail","6":"product_cat-akcija","7":"product_cat-beletristika","8":"product_cat-knjige","10":"first","11":"instock","12":"sale","13":"taxable","14":"shipping-taxable","15":"purchasable","16":"product-type-simple"},"aioseo_notices":[],"_links":{"self":[{"href":"https:\/\/megalicdb.rs\/index.php?rest_route=\/wp\/v2\/product\/33263","targetHints":{"allow":["GET"]}}],"collection":[{"href":"https:\/\/megalicdb.rs\/index.php?rest_route=\/wp\/v2\/product"}],"about":[{"href":"https:\/\/megalicdb.rs\/index.php?rest_route=\/wp\/v2\/types\/product"}],"replies":[{"embeddable":true,"href":"https:\/\/megalicdb.rs\/index.php?rest_route=%2Fwp%2Fv2%2Fcomments&post=33263"}],"version-history":[{"count":1,"href":"https:\/\/megalicdb.rs\/index.php?rest_route=\/wp\/v2\/product\/33263\/revisions"}],"predecessor-version":[{"id":33265,"href":"https:\/\/megalicdb.rs\/index.php?rest_route=\/wp\/v2\/product\/33263\/revisions\/33265"}],"wp:featuredmedia":[{"embeddable":true,"href":"https:\/\/megalicdb.rs\/index.php?rest_route=\/wp\/v2\/media\/33264"}],"wp:attachment":[{"href":"https:\/\/megalicdb.rs\/index.php?rest_route=%2Fwp%2Fv2%2Fmedia&parent=33263"}],"wp:term":[{"taxonomy":"product_brand","embeddable":true,"href":"https:\/\/megalicdb.rs\/index.php?rest_route=%2Fwp%2Fv2%2Fproduct_brand&post=33263"},{"taxonomy":"product_cat","embeddable":true,"href":"https:\/\/megalicdb.rs\/index.php?rest_route=%2Fwp%2Fv2%2Fproduct_cat&post=33263"},{"taxonomy":"product_tag","embeddable":true,"href":"https:\/\/megalicdb.rs\/index.php?rest_route=%2Fwp%2Fv2%2Fproduct_tag&post=33263"}],"curies":[{"name":"wp","href":"https:\/\/api.w.org\/{rel}","templated":true}]}}