{"id":33269,"date":"2025-07-09T16:21:02","date_gmt":"2025-07-09T16:21:02","guid":{"rendered":"https:\/\/megalicdb.rs\/?post_type=product&#038;p=33269"},"modified":"2025-11-24T09:16:27","modified_gmt":"2025-11-24T09:16:27","slug":"botanicareva-kci-kejti-nan","status":"publish","type":"product","link":"https:\/\/megalicdb.rs\/?product=botanicareva-kci-kejti-nan","title":{"rendered":"Botani\u010dareva k\u0107i Kejti Nan"},"content":{"rendered":"<p>Uzbudljivo putovanje od savremenog Sidneja preko Kraljevskih vrtova u Londonu do slikovitog Kornvola, fascinantna ekspedicija u devetneastovekovni \u010cile okru\u017eena opojnim mirisima egzoti\u010dnog cve\u0107a.<\/p>\n<p>Kornvol, 1887. Svojeglava i hrabra Elizabet odlu\u010duje da ispuni poslednju \u017eelju svog oca, \u010duvenog botani\u010dara: kre\u0107e u potragu za veoma retkim i otrovnim cvetom, koji mo\u017ee da bude i \u010dudesan lek. Odlazi u \u010cile, u \u017eivopisni grad Valparaiso, u opasnu avanturu tokom koje \u0107e upoznati ljubav svog \u017eivota, ali i neprijatelje svog oca.<\/p>\n<p>Australija, sada\u0161njost.<br \/>\nU staroj bakinoj ku\u0107i, Ana pronalazi neobi\u010dan kov\u010de\u017ei\u0107 i u njemu blok za crtanje prepun skica i akvarela, fotografiju s potpisom Prole\u0107e 1886, presovani cvet i kesicu semena. Korak po korak, po\u010dinje da otkriva tajnu skrivanu du\u017ee od jednog veka, poku\u0161avaju\u0107i da rekonstrui\u0161e \u017eivotnu pri\u010du \u017eene \u010dija je sudbina neraskidivo povezana sa njenom.<\/p>\n","protected":false},"excerpt":{"rendered":"<p>Uzbudljivo putovanje od savremenog Sidneja preko Kraljevskih vrtova u Londonu do slikovitog Kornvola, fascinantna ekspedicija u devetneastovekovni \u010cile okru\u017eena opojnim<\/p>\n","protected":false},"featured_media":33270,"comment_status":"open","ping_status":"closed","template":"","meta":[],"product_brand":[],"product_cat":[411,416,324],"product_tag":[],"class_list":{"0":"post-33269","1":"product","2":"type-product","3":"status-publish","4":"has-post-thumbnail","6":"product_cat-akcija","7":"product_cat-beletristika","8":"product_cat-knjige","10":"first","11":"outofstock","12":"sale","13":"taxable","14":"shipping-taxable","15":"purchasable","16":"product-type-simple"},"aioseo_notices":[],"_links":{"self":[{"href":"https:\/\/megalicdb.rs\/index.php?rest_route=\/wp\/v2\/product\/33269","targetHints":{"allow":["GET"]}}],"collection":[{"href":"https:\/\/megalicdb.rs\/index.php?rest_route=\/wp\/v2\/product"}],"about":[{"href":"https:\/\/megalicdb.rs\/index.php?rest_route=\/wp\/v2\/types\/product"}],"replies":[{"embeddable":true,"href":"https:\/\/megalicdb.rs\/index.php?rest_route=%2Fwp%2Fv2%2Fcomments&post=33269"}],"version-history":[{"count":1,"href":"https:\/\/megalicdb.rs\/index.php?rest_route=\/wp\/v2\/product\/33269\/revisions"}],"predecessor-version":[{"id":33271,"href":"https:\/\/megalicdb.rs\/index.php?rest_route=\/wp\/v2\/product\/33269\/revisions\/33271"}],"wp:featuredmedia":[{"embeddable":true,"href":"https:\/\/megalicdb.rs\/index.php?rest_route=\/wp\/v2\/media\/33270"}],"wp:attachment":[{"href":"https:\/\/megalicdb.rs\/index.php?rest_route=%2Fwp%2Fv2%2Fmedia&parent=33269"}],"wp:term":[{"taxonomy":"product_brand","embeddable":true,"href":"https:\/\/megalicdb.rs\/index.php?rest_route=%2Fwp%2Fv2%2Fproduct_brand&post=33269"},{"taxonomy":"product_cat","embeddable":true,"href":"https:\/\/megalicdb.rs\/index.php?rest_route=%2Fwp%2Fv2%2Fproduct_cat&post=33269"},{"taxonomy":"product_tag","embeddable":true,"href":"https:\/\/megalicdb.rs\/index.php?rest_route=%2Fwp%2Fv2%2Fproduct_tag&post=33269"}],"curies":[{"name":"wp","href":"https:\/\/api.w.org\/{rel}","templated":true}]}}