{"id":33275,"date":"2025-07-09T16:34:43","date_gmt":"2025-07-09T16:34:43","guid":{"rendered":"https:\/\/megalicdb.rs\/?post_type=product&#038;p=33275"},"modified":"2025-07-09T16:40:30","modified_gmt":"2025-07-09T16:40:30","slug":"deseti-uvid-dzejms-redfild","status":"publish","type":"product","link":"https:\/\/megalicdb.rs\/?product=deseti-uvid-dzejms-redfild","title":{"rendered":"Deseti uvid D\u017eejms Redfild"},"content":{"rendered":"<p>U ovom uzbudljivom nastavku celestinskog proro\u010danstva, u rasko\u0161nim \u0161umskim prostranstvima ispresecanim zadivljuju\u0107im vodopadima, po\u010dinje va\u0161a potraga za desetim uvidom&#8230;Ovo je putovanje koje \u0107e vas provesti kroz kapije drugih dimenzija, sve do uspomena na pro\u0161la iskustva i minule vekove, kroz prolaznost \u017eivota sa kojom se svi moramo suo\u010diti, pa sve do mesta na kom se krije sve znanje o ljudskoj sudbini&#8230;Me\u0111utim, dole na zemlji, gde boravi strah od toga \u0161ta budu\u0107nost nosi novom duhovnom preporodu, vodi se borba kako bi se saznala priroda intuicije, harmonije i blagostanja.\u201eDuhovni klasik&#8230; Knjiga koja se iznova \u010dita i poklanja prijateljima\u201c &#8211; Dr D\u017eoan Borisenko<\/p>\n","protected":false},"excerpt":{"rendered":"<p>U ovom uzbudljivom nastavku celestinskog proro\u010danstva, u rasko\u0161nim \u0161umskim prostranstvima ispresecanim zadivljuju\u0107im vodopadima, po\u010dinje va\u0161a potraga za desetim uvidom&#8230;Ovo je<\/p>\n","protected":false},"featured_media":33276,"comment_status":"open","ping_status":"closed","template":"","meta":[],"product_brand":[],"product_cat":[411,416,324],"product_tag":[],"class_list":{"0":"post-33275","1":"product","2":"type-product","3":"status-publish","4":"has-post-thumbnail","6":"product_cat-akcija","7":"product_cat-beletristika","8":"product_cat-knjige","10":"first","11":"instock","12":"sale","13":"taxable","14":"shipping-taxable","15":"purchasable","16":"product-type-simple"},"aioseo_notices":[],"_links":{"self":[{"href":"https:\/\/megalicdb.rs\/index.php?rest_route=\/wp\/v2\/product\/33275","targetHints":{"allow":["GET"]}}],"collection":[{"href":"https:\/\/megalicdb.rs\/index.php?rest_route=\/wp\/v2\/product"}],"about":[{"href":"https:\/\/megalicdb.rs\/index.php?rest_route=\/wp\/v2\/types\/product"}],"replies":[{"embeddable":true,"href":"https:\/\/megalicdb.rs\/index.php?rest_route=%2Fwp%2Fv2%2Fcomments&post=33275"}],"version-history":[{"count":1,"href":"https:\/\/megalicdb.rs\/index.php?rest_route=\/wp\/v2\/product\/33275\/revisions"}],"predecessor-version":[{"id":33277,"href":"https:\/\/megalicdb.rs\/index.php?rest_route=\/wp\/v2\/product\/33275\/revisions\/33277"}],"wp:featuredmedia":[{"embeddable":true,"href":"https:\/\/megalicdb.rs\/index.php?rest_route=\/wp\/v2\/media\/33276"}],"wp:attachment":[{"href":"https:\/\/megalicdb.rs\/index.php?rest_route=%2Fwp%2Fv2%2Fmedia&parent=33275"}],"wp:term":[{"taxonomy":"product_brand","embeddable":true,"href":"https:\/\/megalicdb.rs\/index.php?rest_route=%2Fwp%2Fv2%2Fproduct_brand&post=33275"},{"taxonomy":"product_cat","embeddable":true,"href":"https:\/\/megalicdb.rs\/index.php?rest_route=%2Fwp%2Fv2%2Fproduct_cat&post=33275"},{"taxonomy":"product_tag","embeddable":true,"href":"https:\/\/megalicdb.rs\/index.php?rest_route=%2Fwp%2Fv2%2Fproduct_tag&post=33275"}],"curies":[{"name":"wp","href":"https:\/\/api.w.org\/{rel}","templated":true}]}}