{"id":33278,"date":"2025-07-09T16:44:44","date_gmt":"2025-07-09T16:44:44","guid":{"rendered":"https:\/\/megalicdb.rs\/?post_type=product&#038;p=33278"},"modified":"2025-07-09T16:44:44","modified_gmt":"2025-07-09T16:44:44","slug":"deveta-kuca-li-bardugo","status":"publish","type":"product","link":"https:\/\/megalicdb.rs\/?product=deveta-kuca-li-bardugo","title":{"rendered":"Deveta ku\u0107a Li Bardugo"},"content":{"rendered":"<p>O\u010cARAVAJU\u0106A PRI\u010cA O MO\u0106I, PRIVILEGIJAMA I MRA\u010cNOJ MAGIJI.<\/p>\n<p>Galaksija Aleks Stern je najneobi\u010dnija bruco\u0161kinja na Jejlu. Odrasla u predgra\u0111u Los An\u0111elesa, u domu mame hipika, Aleks je rano napustila \u0161kolu i u\u0161la u svet mutnih dilera, poslova bez perspektive i mnogo, mnogo toga jo\u0161 goreg.<br \/>\nU dvadesetoj godini \u017eivota, jedina je pre\u017eivela nere\u0161eno vi\u0161estruko ubistvo. Ali upravo tada de\u0161ava se nezamislivo. Dok jo\u0161 le\u017ei u bolnici, ponu\u0111ena joj je druga \u0161ansa: puna stipendija na jednom od najelitnijih univerziteta na svetu.<br \/>\nU \u010demu je stvar, i za\u0161to ba\u0161 ona? Jo\u0161 tragaju\u0107i za odgovorima na to pitanje, Aleks dolazi u Nju Hejven, sa preciznim zadatkom koji je dobila od svojih tajanstvenih dobro\u010dinitelja: da nadzire aktivnosti tajnih dru\u0161tava na Jejlu. Dobro je poznato da tih osam dru\u0161tava, osim \u0161to vlada kampusom, generacijama unazad stvara budu\u0107e bogata\u0161e i mo\u0107nike, od politi\u010dara do najve\u0107ih igra\u010da na Volstritu i u Holivudu. Ipak, ispostavlja se da su njihovi okultni rituali kudikamo zlokobniji i neobi\u010dniji nego \u0161to bi mogla da zamisli bilo \u010dija paranoi\u010dna ma\u0161ta.<\/p>\n","protected":false},"excerpt":{"rendered":"<p>O\u010cARAVAJU\u0106A PRI\u010cA O MO\u0106I, PRIVILEGIJAMA I MRA\u010cNOJ MAGIJI. Galaksija Aleks Stern je najneobi\u010dnija bruco\u0161kinja na Jejlu. Odrasla u predgra\u0111u Los<\/p>\n","protected":false},"featured_media":33279,"comment_status":"open","ping_status":"closed","template":"","meta":[],"product_brand":[],"product_cat":[411,416,324],"product_tag":[],"class_list":{"0":"post-33278","1":"product","2":"type-product","3":"status-publish","4":"has-post-thumbnail","6":"product_cat-akcija","7":"product_cat-beletristika","8":"product_cat-knjige","10":"first","11":"instock","12":"sale","13":"taxable","14":"shipping-taxable","15":"purchasable","16":"product-type-simple"},"aioseo_notices":[],"_links":{"self":[{"href":"https:\/\/megalicdb.rs\/index.php?rest_route=\/wp\/v2\/product\/33278","targetHints":{"allow":["GET"]}}],"collection":[{"href":"https:\/\/megalicdb.rs\/index.php?rest_route=\/wp\/v2\/product"}],"about":[{"href":"https:\/\/megalicdb.rs\/index.php?rest_route=\/wp\/v2\/types\/product"}],"replies":[{"embeddable":true,"href":"https:\/\/megalicdb.rs\/index.php?rest_route=%2Fwp%2Fv2%2Fcomments&post=33278"}],"version-history":[{"count":1,"href":"https:\/\/megalicdb.rs\/index.php?rest_route=\/wp\/v2\/product\/33278\/revisions"}],"predecessor-version":[{"id":33280,"href":"https:\/\/megalicdb.rs\/index.php?rest_route=\/wp\/v2\/product\/33278\/revisions\/33280"}],"wp:featuredmedia":[{"embeddable":true,"href":"https:\/\/megalicdb.rs\/index.php?rest_route=\/wp\/v2\/media\/33279"}],"wp:attachment":[{"href":"https:\/\/megalicdb.rs\/index.php?rest_route=%2Fwp%2Fv2%2Fmedia&parent=33278"}],"wp:term":[{"taxonomy":"product_brand","embeddable":true,"href":"https:\/\/megalicdb.rs\/index.php?rest_route=%2Fwp%2Fv2%2Fproduct_brand&post=33278"},{"taxonomy":"product_cat","embeddable":true,"href":"https:\/\/megalicdb.rs\/index.php?rest_route=%2Fwp%2Fv2%2Fproduct_cat&post=33278"},{"taxonomy":"product_tag","embeddable":true,"href":"https:\/\/megalicdb.rs\/index.php?rest_route=%2Fwp%2Fv2%2Fproduct_tag&post=33278"}],"curies":[{"name":"wp","href":"https:\/\/api.w.org\/{rel}","templated":true}]}}